{"id":24360,"date":"2021-06-13T16:32:33","date_gmt":"2021-06-13T13:32:33","guid":{"rendered":"https:\/\/hookahshop.lt\/?post_type=product&#038;p=24360"},"modified":"2026-04-18T23:29:12","modified_gmt":"2026-04-18T20:29:12","slug":"znyples-kaljano-anglims-nomad-warrior","status":"publish","type":"product","link":"https:\/\/hookahshop.lt\/et\/toode\/tangid-vesipiibu-nomad-warrior\/","title":{"rendered":"Tangid vesipiibu s\u00f6ele NOMAD Warrior"},"content":{"rendered":"<h2>Tangid vesipiibu s\u00f6ele NOMAD Warrior<\/h2>\n<p>NOMAD tangid on stiilne ja praktiline valik, mis ei r\u00f5\u00f5musta teid mitte ainult kvaliteedi, vaid ka eksklusiivse disainiga!<\/p>\n<p><strong>Spetsifikatsioonid:<\/strong><br \/>\nPikkus: 235mm<br \/>\nKaal: 101g<\/p>\n<p>Kas teil on k\u00fcsimusi? v\u00f5ta meiega \u00fchendust\u00a0<a href=\"https:\/\/hookahshop.lt\/et\/kontaktid\/\">kontaktide leht<\/a>\u00a0v\u00f5i saatke meile e-kiri aadressil\u00a0<a href=\"https:\/\/facebook.com\/HookahShop.lt\/\" target=\"_blank\" rel=\"noopener noreferrer\">Facebooki konto<\/a>\u00a0ja vastame teie taotlusele samal p\u00e4eval.<\/p>","protected":false},"excerpt":{"rendered":"<p>Vesipiibu s\u00f6etangid NOMAD Warrior NOMAD tangid on stiilne ja praktiline valik, mis ei r\u00f5\u00f5musta teid mitte ainult kvaliteedi, vaid ka eksklusiivse disainiga! Tehnilised andmed: Pikkus: 235mm Kaal: 101g Kas teil on k\u00fcsimusi? V\u00f5tke meiega \u00fchendust kontaktide lehel v\u00f5i kirjutage meile oma Facebooki kontol ja vastame teie p\u00e4ringule samal p\u00e4eval.<\/p>","protected":false},"featured_media":24361,"comment_status":"open","ping_status":"closed","template":"","meta":[],"_links":{"self":[{"href":"https:\/\/hookahshop.lt\/et\/wp-json\/wp\/v2\/product\/24360"}],"collection":[{"href":"https:\/\/hookahshop.lt\/et\/wp-json\/wp\/v2\/product"}],"about":[{"href":"https:\/\/hookahshop.lt\/et\/wp-json\/wp\/v2\/types\/product"}],"replies":[{"embeddable":true,"href":"https:\/\/hookahshop.lt\/et\/wp-json\/wp\/v2\/comments?post=24360"}],"version-history":[{"count":5,"href":"https:\/\/hookahshop.lt\/et\/wp-json\/wp\/v2\/product\/24360\/revisions"}],"predecessor-version":[{"id":30436,"href":"https:\/\/hookahshop.lt\/et\/wp-json\/wp\/v2\/product\/24360\/revisions\/30436"}],"wp:featuredmedia":[{"embeddable":true,"href":"https:\/\/hookahshop.lt\/et\/wp-json\/wp\/v2\/media\/24361"}],"wp:attachment":[{"href":"https:\/\/hookahshop.lt\/et\/wp-json\/wp\/v2\/media?parent=24360"}],"curies":[{"name":"wp","href":"https:\/\/api.w.org\/{rel}","templated":true}]}}