{"id":24371,"date":"2021-06-13T17:04:43","date_gmt":"2021-06-13T14:04:43","guid":{"rendered":"https:\/\/hookahshop.lt\/?post_type=product&#038;p=24371"},"modified":"2026-04-15T23:28:41","modified_gmt":"2026-04-15T20:28:41","slug":"gaubtas-taureles-kaitinimui-nomad-queen","status":"publish","type":"product","link":"https:\/\/hookahshop.lt\/et\/toode\/tass-kutteks-nomad-queen\/","title":{"rendered":"Tass k\u00fctteks NOMAD Queen"},"content":{"rendered":"<h2>Tass k\u00fctteks NOMAD Queen<\/h2>\n<p>NOMAD Queen on kuninglik panter, soojuse ja tule patroon.<\/p>\n<p>Konks &quot;Hood&quot; NOMAD Queen - universaalne roostevabast terasest kapuuts-paneel, paksus 0,8 mm.<\/p>\n<p>Patenteeritud k\u00fclgmiste aukude paigutus ei t\u00e4ida mitte ainult esteetilist funktsiooni, vaid v\u00f5imaldab valida ka tassi soojendamise intensiivsuse vahel. Eemaldatav kate h\u00f5lbustab ja tagab soojusjuhtimise varieeruvuse. Kapuuts k\u00e4epidemega.<\/p>\n<p><strong>Omadused:<\/strong><br \/>\nK\u00f5rgus: 230 mm<br \/>\nAluse l\u00e4bim\u00f5\u00f5t: 100 mm<br \/>\nKaal: umbes 490 g<\/p>\n<p><b>Kas teil on k\u00fcsimusi? v\u00f5ta meiega \u00fchendust<\/b><a href=\"https:\/\/hookahshop.lt\/et\/kontaktid\/\"> <b>kontaktide leht<\/b><\/a><b> v\u00f5i saatke meile e-kiri aadressil<\/b><a href=\"https:\/\/facebook.com\/HookahShop.lt\/\" target=\"_blank\" rel=\"noopener\"> <b>Facebooki konto<\/b><\/a><b> ja vastame teie taotlusele samal p\u00e4eval.<\/b><\/p>","protected":false},"excerpt":{"rendered":"<p>Tass soojendamiseks NOMAD Queen &quot;NOMAD Queen&quot; on kuninglik panter, soojuse ja tule patroon. Konks &quot;Hood&quot; NOMAD Queen - universaalne roostevabast terasest kapuuts-paneel, paksus 0,8 mm. Patenteeritud k\u00fclgmiste aukude paigutus ei t\u00e4ida mitte ainult esteetilist funktsiooni, vaid v\u00f5imaldab valida ka tassi soojendamise intensiivsuse vahel. Eemaldatav kate h\u00f5lbustab ja tagab soojusjuhtimise varieeruvuse. Kapuuts k\u00e4epidemega. [\u2026]<\/p>","protected":false},"featured_media":24372,"comment_status":"open","ping_status":"closed","template":"","meta":[],"_links":{"self":[{"href":"https:\/\/hookahshop.lt\/et\/wp-json\/wp\/v2\/product\/24371"}],"collection":[{"href":"https:\/\/hookahshop.lt\/et\/wp-json\/wp\/v2\/product"}],"about":[{"href":"https:\/\/hookahshop.lt\/et\/wp-json\/wp\/v2\/types\/product"}],"replies":[{"embeddable":true,"href":"https:\/\/hookahshop.lt\/et\/wp-json\/wp\/v2\/comments?post=24371"}],"version-history":[{"count":4,"href":"https:\/\/hookahshop.lt\/et\/wp-json\/wp\/v2\/product\/24371\/revisions"}],"predecessor-version":[{"id":36717,"href":"https:\/\/hookahshop.lt\/et\/wp-json\/wp\/v2\/product\/24371\/revisions\/36717"}],"wp:featuredmedia":[{"embeddable":true,"href":"https:\/\/hookahshop.lt\/et\/wp-json\/wp\/v2\/media\/24372"}],"wp:attachment":[{"href":"https:\/\/hookahshop.lt\/et\/wp-json\/wp\/v2\/media?parent=24371"}],"curies":[{"name":"wp","href":"https:\/\/api.w.org\/{rel}","templated":true}]}}