{"id":24377,"date":"2021-06-13T17:09:24","date_gmt":"2021-06-13T14:09:24","guid":{"rendered":"https:\/\/hookahshop.lt\/?post_type=product&#038;p=24377"},"modified":"2026-04-15T23:28:41","modified_gmt":"2026-04-15T20:28:41","slug":"gaubtas-taureles-kaitinimui-nomad-raector","status":"publish","type":"product","link":"https:\/\/hookahshop.lt\/et\/toode\/tass-kutteks-nomad-raector\/","title":{"rendered":"Tass k\u00fctteks NOMAD Raector"},"content":{"rendered":"<h2>Tass k\u00fctteks NOMAD Raector<\/h2>\n<p>&quot;NOMAD Raector&quot; hoiab s\u00f6ed soojas ja selle disain teeb iga\u00fche hinge soojaks.<\/p>\n<p>Konks &quot;Hood&quot; NOMAD Raector - universaalne roostevabast terasest kapuuts-paneel, paksus 0,8 mm.<\/p>\n<p>Patenteeritud k\u00fclgmiste aukude paigutus ei t\u00e4ida mitte ainult esteetilist funktsiooni, vaid v\u00f5imaldab valida ka tassi soojendamise intensiivsuse vahel. Eemaldatav kate h\u00f5lbustab ja tagab soojusjuhtimise varieeruvuse. Kapuuts k\u00e4epidemega.<\/p>\n<p><strong>Omadused:<\/strong><br \/>\nK\u00f5rgus: 204 mm<br \/>\nAluse l\u00e4bim\u00f5\u00f5t: 100 mm<br \/>\nKaal: umbes 480 g<\/p>\n<p><b>Kas teil on k\u00fcsimusi? v\u00f5ta meiega \u00fchendust<\/b><a href=\"https:\/\/hookahshop.lt\/et\/kontaktid\/\">\u00a0<b>kontaktide leht<\/b><\/a><b>\u00a0v\u00f5i saatke meile e-kiri aadressil<\/b><a href=\"https:\/\/facebook.com\/HookahShop.lt\/\" target=\"_blank\" rel=\"noopener\">\u00a0<b>Facebooki konto<\/b><\/a><b>\u00a0ja vastame teie taotlusele samal p\u00e4eval.<\/b><\/p>","protected":false},"excerpt":{"rendered":"<p>Tassi soojendav kaas NOMAD Raector,,NOMAD Raector\u201d \u2013 hoiab s\u00f6e soojust ja selle disain soojendab iga\u00fche hinge. Vesipiibu kaas \u201eNOMAD Raector\u201d \u2013 universaalne roostevabast terasest kaaspaneel, paksusega 0,8 mm. K\u00fclgmiste aukude patenteeritud paigutus ei t\u00e4ida mitte ainult esteetilist funktsiooni, vaid v\u00f5imaldab teil valida ka tassi soojendamise intensiivsuse vahel. Eemaldatav kaas h\u00f5lbustab ja tagab kuumuse reguleerimise [\u2026]<\/p>","protected":false},"featured_media":24378,"comment_status":"open","ping_status":"closed","template":"","meta":[],"_links":{"self":[{"href":"https:\/\/hookahshop.lt\/et\/wp-json\/wp\/v2\/product\/24377"}],"collection":[{"href":"https:\/\/hookahshop.lt\/et\/wp-json\/wp\/v2\/product"}],"about":[{"href":"https:\/\/hookahshop.lt\/et\/wp-json\/wp\/v2\/types\/product"}],"replies":[{"embeddable":true,"href":"https:\/\/hookahshop.lt\/et\/wp-json\/wp\/v2\/comments?post=24377"}],"version-history":[{"count":5,"href":"https:\/\/hookahshop.lt\/et\/wp-json\/wp\/v2\/product\/24377\/revisions"}],"predecessor-version":[{"id":36718,"href":"https:\/\/hookahshop.lt\/et\/wp-json\/wp\/v2\/product\/24377\/revisions\/36718"}],"wp:featuredmedia":[{"embeddable":true,"href":"https:\/\/hookahshop.lt\/et\/wp-json\/wp\/v2\/media\/24378"}],"wp:attachment":[{"href":"https:\/\/hookahshop.lt\/et\/wp-json\/wp\/v2\/media?parent=24377"}],"curies":[{"name":"wp","href":"https:\/\/api.w.org\/{rel}","templated":true}]}}