{"id":24382,"date":"2021-06-13T17:13:27","date_gmt":"2021-06-13T14:13:27","guid":{"rendered":"https:\/\/hookahshop.lt\/?post_type=product&#038;p=24382"},"modified":"2026-04-18T23:28:36","modified_gmt":"2026-04-18T20:28:36","slug":"gaubtas-taureles-kaitinimui-nomad-samurai","status":"publish","type":"product","link":"https:\/\/hookahshop.lt\/et\/toode\/tass-kutteks-nomad-samurai\/","title":{"rendered":"Tass k\u00fctteks NOMAD Samurai"},"content":{"rendered":"<h2>Tass k\u00fctteks NOMAD Samurai<\/h2>\n<p>&quot;NOMAD Samurai&quot; - samuraide armee juht!<\/p>\n<p>Konks &quot;Hood&quot; NOMAD Samurai - universaalne roostevabast terasest kapuuts-paneel, paksus 0,8 mm.<\/p>\n<p>Patenteeritud k\u00fclgmiste aukude paigutus ei t\u00e4ida mitte ainult esteetilist funktsiooni, vaid v\u00f5imaldab valida ka tassi soojendamise intensiivsuse vahel. Eemaldatav kate h\u00f5lbustab ja tagab soojusjuhtimise varieeruvuse. Kapuuts k\u00e4epidemega.<\/p>\n<p><strong>Omadused:<\/strong><br \/>\nK\u00f5rgus: 218 mm<br \/>\nAluse l\u00e4bim\u00f5\u00f5t: 108 mm<br \/>\nKaal: umbes 615 g<\/p>\n<p><b>Kas teil on k\u00fcsimusi? v\u00f5ta meiega \u00fchendust<\/b><a href=\"https:\/\/hookahshop.lt\/et\/kontaktid\/\">\u00a0<b>kontaktide leht<\/b><\/a><b>\u00a0v\u00f5i saatke meile e-kiri aadressil<\/b><a href=\"https:\/\/facebook.com\/HookahShop.lt\/\" target=\"_blank\" rel=\"noopener\">\u00a0<b>Facebooki konto<\/b><\/a><b>\u00a0ja vastame teie taotlusele samal p\u00e4eval.<\/b><\/p>","protected":false},"excerpt":{"rendered":"<p>K\u00fcpsetustopside kate NOMAD Samurai &quot;NOMAD Samurai&quot; - samuraide armee juht! Vesipiibu kapuuts &quot;NOMAD Samurai&quot; - universaalne roostevabast terasest kapuuts-paneel, paksus 0,8 mm. Patenteeritud k\u00fclgmiste aukude paigutus ei t\u00e4ida mitte ainult esteetilist funktsiooni, vaid v\u00f5imaldab valida ka tassi soojendamise intensiivsuse vahel. Eemaldatav kate muudab selle lihtsaks ja tagab soojusjuhtimise varieeruvuse. Kapuuts k\u00e4epidemega. Omadused: K\u00f5rgus: 218mm [\u2026]<\/p>","protected":false},"featured_media":24383,"comment_status":"open","ping_status":"closed","template":"","meta":[],"_links":{"self":[{"href":"https:\/\/hookahshop.lt\/et\/wp-json\/wp\/v2\/product\/24382"}],"collection":[{"href":"https:\/\/hookahshop.lt\/et\/wp-json\/wp\/v2\/product"}],"about":[{"href":"https:\/\/hookahshop.lt\/et\/wp-json\/wp\/v2\/types\/product"}],"replies":[{"embeddable":true,"href":"https:\/\/hookahshop.lt\/et\/wp-json\/wp\/v2\/comments?post=24382"}],"version-history":[{"count":4,"href":"https:\/\/hookahshop.lt\/et\/wp-json\/wp\/v2\/product\/24382\/revisions"}],"predecessor-version":[{"id":36719,"href":"https:\/\/hookahshop.lt\/et\/wp-json\/wp\/v2\/product\/24382\/revisions\/36719"}],"wp:featuredmedia":[{"embeddable":true,"href":"https:\/\/hookahshop.lt\/et\/wp-json\/wp\/v2\/media\/24383"}],"wp:attachment":[{"href":"https:\/\/hookahshop.lt\/et\/wp-json\/wp\/v2\/media?parent=24382"}],"curies":[{"name":"wp","href":"https:\/\/api.w.org\/{rel}","templated":true}]}}