{"id":24425,"date":"2021-06-14T05:30:48","date_gmt":"2021-06-14T02:30:48","guid":{"rendered":"https:\/\/hookahshop.lt\/?post_type=product&#038;p=24425"},"modified":"2026-05-16T23:28:50","modified_gmt":"2026-05-16T20:28:50","slug":"kaljano-kandiklis-japona-samurai-orange","status":"publish","type":"product","link":"https:\/\/hookahshop.lt\/et\/toode\/vesipiibu-huulik-japona-samurai-orange\/","title":{"rendered":"Individuaalne vesipiibu huulik JAPONA HOOKAH Samurai Orange"},"content":{"rendered":"<h2>Individuaalne vesipiibu huulik JAPONA HOOKAH Samurai Orange<\/h2>\n<p>Disainerhuulik, ehted, Ameerika akr\u00fc\u00fcl, pronkss\u00f5rmus #japona vesipiipuga ja medaljon samuraimaskiga. N\u00f6\u00f6r \u2013 tekstiil. Huuliku v\u00e4rvus - oran\u017e-must.<\/p>\n<p>Kas teil on k\u00fcsimusi? v\u00f5ta meiega \u00fchendust\u00a0<a href=\"https:\/\/hookahshop.lt\/et\/kontaktid\/\">kontaktide leht<\/a>\u00a0v\u00f5i saatke meile e-kiri aadressil\u00a0<a href=\"https:\/\/facebook.com\/HookahShop.lt\/\" target=\"_blank\" rel=\"noopener noreferrer\">Facebooki konto<\/a>\u00a0ja vastame teie taotlusele samal p\u00e4eval.<\/p>","protected":false},"excerpt":{"rendered":"<p>Kohandatud vesipiibu huulik JAPONA HOOKAH Samurai Orange Designer huulik, ehted, Ameerika akr\u00fc\u00fcl, pronkss\u00f5rmus #japona vesipiibuga ja medaljon samurai maskiga. N\u00f6\u00f6r \u2013 tekstiil. Huuliku v\u00e4rvus - oran\u017e-must. Kas teil on k\u00fcsimusi? V\u00f5tke meiega \u00fchendust kontaktide lehel v\u00f5i kirjutage meile oma Facebooki kontol ja vastame teie p\u00e4ringule samal p\u00e4eval.<\/p>","protected":false},"featured_media":24426,"comment_status":"open","ping_status":"closed","template":"","meta":[],"_links":{"self":[{"href":"https:\/\/hookahshop.lt\/et\/wp-json\/wp\/v2\/product\/24425"}],"collection":[{"href":"https:\/\/hookahshop.lt\/et\/wp-json\/wp\/v2\/product"}],"about":[{"href":"https:\/\/hookahshop.lt\/et\/wp-json\/wp\/v2\/types\/product"}],"replies":[{"embeddable":true,"href":"https:\/\/hookahshop.lt\/et\/wp-json\/wp\/v2\/comments?post=24425"}],"version-history":[{"count":5,"href":"https:\/\/hookahshop.lt\/et\/wp-json\/wp\/v2\/product\/24425\/revisions"}],"predecessor-version":[{"id":38404,"href":"https:\/\/hookahshop.lt\/et\/wp-json\/wp\/v2\/product\/24425\/revisions\/38404"}],"wp:featuredmedia":[{"embeddable":true,"href":"https:\/\/hookahshop.lt\/et\/wp-json\/wp\/v2\/media\/24426"}],"wp:attachment":[{"href":"https:\/\/hookahshop.lt\/et\/wp-json\/wp\/v2\/media?parent=24425"}],"curies":[{"name":"wp","href":"https:\/\/api.w.org\/{rel}","templated":true}]}}