{"id":24429,"date":"2021-06-14T05:43:23","date_gmt":"2021-06-14T02:43:23","guid":{"rendered":"https:\/\/hookahshop.lt\/?post_type=product&#038;p=24429"},"modified":"2026-04-10T12:51:08","modified_gmt":"2026-04-10T09:51:08","slug":"kaljano-kandiklis-japona-beads-brown","status":"publish","type":"product","link":"https:\/\/hookahshop.lt\/et\/toode\/vesipiibu-huulik-japona-beads-brown\/","title":{"rendered":"Individuaalne vesipiibu huulik JAPONA HOOKAH Samurai Beads Brown"},"content":{"rendered":"<h2>Individuaalne vesipiibu huulik JAPONA HOOKAH Samurai Beads Brown<\/h2>\n<p>Disainerhuulik, ehted, Ameerika akr\u00fc\u00fcl, pronkss\u00f5rmus #japona vesipiipuga ja medaljon samuraimaskiga. Helmed - puit, looduskivi. Huuliku v\u00e4rv - pruun ja must.<\/p>\n<p>Kas teil on k\u00fcsimusi? v\u00f5ta meiega \u00fchendust\u00a0<a href=\"https:\/\/hookahshop.lt\/et\/kontaktid\/\">kontaktide leht<\/a>\u00a0v\u00f5i saatke meile e-kiri aadressil\u00a0<a href=\"https:\/\/facebook.com\/HookahShop.lt\/\" target=\"_blank\" rel=\"noopener noreferrer\">Facebooki konto<\/a>\u00a0ja vastame teie taotlusele samal p\u00e4eval.<\/p>","protected":false},"excerpt":{"rendered":"<p>Kohandatud vesipiibu huulik JAPONA HOOKAH Samurai Beads Brown Designer huulik, ehted, Ameerika akr\u00fc\u00fcl, pronkss\u00f5rmus #japona vesipiibuga ja medaljon samuraimaskiga. Helmed - puit, looduskivi. Huuliku v\u00e4rv - pruun ja must. Kas teil on k\u00fcsimusi? V\u00f5tke meiega \u00fchendust kontaktide lehel v\u00f5i kirjutage meile oma Facebooki kontol ja vastame teie p\u00e4ringule samal p\u00e4eval.<\/p>","protected":false},"featured_media":24434,"comment_status":"open","ping_status":"closed","template":"","meta":[],"_links":{"self":[{"href":"https:\/\/hookahshop.lt\/et\/wp-json\/wp\/v2\/product\/24429"}],"collection":[{"href":"https:\/\/hookahshop.lt\/et\/wp-json\/wp\/v2\/product"}],"about":[{"href":"https:\/\/hookahshop.lt\/et\/wp-json\/wp\/v2\/types\/product"}],"replies":[{"embeddable":true,"href":"https:\/\/hookahshop.lt\/et\/wp-json\/wp\/v2\/comments?post=24429"}],"version-history":[{"count":6,"href":"https:\/\/hookahshop.lt\/et\/wp-json\/wp\/v2\/product\/24429\/revisions"}],"predecessor-version":[{"id":44492,"href":"https:\/\/hookahshop.lt\/et\/wp-json\/wp\/v2\/product\/24429\/revisions\/44492"}],"wp:featuredmedia":[{"embeddable":true,"href":"https:\/\/hookahshop.lt\/et\/wp-json\/wp\/v2\/media\/24434"}],"wp:attachment":[{"href":"https:\/\/hookahshop.lt\/et\/wp-json\/wp\/v2\/media?parent=24429"}],"curies":[{"name":"wp","href":"https:\/\/api.w.org\/{rel}","templated":true}]}}