{"id":24502,"date":"2021-06-15T11:08:57","date_gmt":"2021-06-15T08:08:57","guid":{"rendered":"https:\/\/hookahshop.lt\/?post_type=product&#038;p=24502"},"modified":"2026-04-11T23:28:58","modified_gmt":"2026-04-11T20:28:58","slug":"kaljanas-ms-shisha-bebe-silver","status":"publish","type":"product","link":"https:\/\/hookahshop.lt\/et\/toode\/vesipiip-ms-shisha-bebe-silver\/","title":{"rendered":"Vesipiip MS SHISHA Bebe Silver"},"content":{"rendered":"<h2><strong>Vesipiip MS SHISHA Bebe Silver<\/strong><\/h2>\n<p>T\u00e4nu oma kompaktsele suurusele on see ideaalne reisikaaslane neile, kes soovivad omada kvaliteetset toodet liikvel olles! V\u00e4ike kaasaskantav kuubikujuline vesipiip on kompaktne ese mitte ainult reisil olles, vaid ka kodus.<\/p>\n<p><strong>Spetsifikatsioonid:<\/strong><br \/>\nK\u00f5rgus: ~ 15 cm<br \/>\nMaterjal: akr\u00fc\u00fcl<br \/>\nHajuti: jah<\/p>\n<p><strong>Standardkomplekt sisaldab:<\/strong><br \/>\nsilikoonvoolik, huulik, s\u00fcsiniktangid, tihend.<\/p>\n<p>Kas teil on k\u00fcsimusi? v\u00f5ta meiega \u00fchendust\u00a0<a href=\"https:\/\/hookahshop.lt\/et\/kontaktid\/\">kontaktide leht<\/a>\u00a0v\u00f5i saatke meile e-kiri aadressil\u00a0<a href=\"https:\/\/facebook.com\/HookahShop.lt\/\" target=\"_blank\" rel=\"noopener noreferrer\">Facebooki konto<\/a>\u00a0ja vastame teie taotlusele samal p\u00e4eval.<\/p>","protected":false},"excerpt":{"rendered":"<p>Vesipiip MS SHISHA Bebe Silver T\u00e4nu oma kompaktsele suurusele on see ideaalne reisikaaslane neile, kes soovivad omada kvaliteetset toodet liikvel olles! V\u00e4ike kaasaskantav kuubikujuline vesipiip on kompaktne ese mitte ainult reisil olles, vaid ka kodus. Tehnilised andmed: K\u00f5rgus: ~ 15 cm Materjal: Akr\u00fc\u00fcl Hajuti: Saadaval Standardkomplekti kuuluvad: silikoonvoolik, huulik, s\u00fcsiniktangid, tihend. Kas teil on k\u00fcsimusi? V\u00f5tke \u00fchendust [\u2026]<\/p>","protected":false},"featured_media":24503,"comment_status":"open","ping_status":"closed","template":"","meta":[],"_links":{"self":[{"href":"https:\/\/hookahshop.lt\/et\/wp-json\/wp\/v2\/product\/24502"}],"collection":[{"href":"https:\/\/hookahshop.lt\/et\/wp-json\/wp\/v2\/product"}],"about":[{"href":"https:\/\/hookahshop.lt\/et\/wp-json\/wp\/v2\/types\/product"}],"replies":[{"embeddable":true,"href":"https:\/\/hookahshop.lt\/et\/wp-json\/wp\/v2\/comments?post=24502"}],"version-history":[{"count":2,"href":"https:\/\/hookahshop.lt\/et\/wp-json\/wp\/v2\/product\/24502\/revisions"}],"predecessor-version":[{"id":24505,"href":"https:\/\/hookahshop.lt\/et\/wp-json\/wp\/v2\/product\/24502\/revisions\/24505"}],"wp:featuredmedia":[{"embeddable":true,"href":"https:\/\/hookahshop.lt\/et\/wp-json\/wp\/v2\/media\/24503"}],"wp:attachment":[{"href":"https:\/\/hookahshop.lt\/et\/wp-json\/wp\/v2\/media?parent=24502"}],"curies":[{"name":"wp","href":"https:\/\/api.w.org\/{rel}","templated":true}]}}