{"id":24512,"date":"2021-06-15T11:44:25","date_gmt":"2021-06-15T08:44:25","guid":{"rendered":"https:\/\/hookahshop.lt\/?post_type=product&#038;p=24512"},"modified":"2026-04-05T23:28:59","modified_gmt":"2026-04-05T20:28:59","slug":"kandiklis-ice-bazooka-black","status":"publish","type":"product","link":"https:\/\/hookahshop.lt\/et\/toode\/huulik-jaa-bazooka-must\/","title":{"rendered":"Vesipiibu huulik ICE BAZOOKA Must"},"content":{"rendered":"<h2>Vesipiibu huulik ICE BAZOOKA Must<\/h2>\n<p>See on ainulaadne uuendus, mis on loodud vesipiibu suitsu jahutamiseks enne sissehingamist. Kandikul on anum vedelikuga, mida tuleb hoida s\u00fcgavk\u00fclmas umbes 1 tund. Jahutusvedeliku pakendit saab uuesti k\u00fclmutada piiramatu arv kordi. Sobib k\u00f5ikidele silikoonvoolikutele. Maroko stiilis kangast dekoratiivpael.<\/p>\n<p><strong>Spetsifikatsioonid:<\/strong><br \/>\nM\u00f5\u00f5dud: 32 \u00d7 5,5 cm<br \/>\nV\u00e4rvus must<\/p>\n<p>Kas teil on k\u00fcsimusi? v\u00f5ta meiega \u00fchendust\u00a0<a href=\"https:\/\/hookahshop.lt\/et\/kontaktid\/\">kontaktide leht<\/a>\u00a0v\u00f5i saatke meile e-kiri aadressil\u00a0<a href=\"https:\/\/facebook.com\/HookahShop.lt\/\" target=\"_blank\" rel=\"noopener noreferrer\">Facebooki konto<\/a>\u00a0ja vastame teie taotlusele samal p\u00e4eval.<\/p>","protected":false},"excerpt":{"rendered":"<p>Suuosa ICE BAZOOKA Must See on ainulaadne uuendus, mis on loodud vesipiibu suitsu jahutamiseks enne sissehingamist. Kandik mahutab vedelikku, mida tuleb hoida s\u00fcgavk\u00fclmas umbes 1 tund. Jahutusvedeliku pakendit saab uuesti k\u00fclmutada piiramatu arv kordi. Sobib k\u00f5ikidele silikoonvoolikutele. Maroko stiilis kangast dekoratiivpael. Tehnilised andmed: M\u00f5\u00f5dud: 32 \u00d7 5,5 cm V\u00e4rv: must Kas teil on k\u00fcsimusi? V\u00f5tke meiega \u00fchendust kontaktide lehel v\u00f5i [\u2026]<\/p>","protected":false},"featured_media":24513,"comment_status":"open","ping_status":"closed","template":"","meta":[],"_links":{"self":[{"href":"https:\/\/hookahshop.lt\/et\/wp-json\/wp\/v2\/product\/24512"}],"collection":[{"href":"https:\/\/hookahshop.lt\/et\/wp-json\/wp\/v2\/product"}],"about":[{"href":"https:\/\/hookahshop.lt\/et\/wp-json\/wp\/v2\/types\/product"}],"replies":[{"embeddable":true,"href":"https:\/\/hookahshop.lt\/et\/wp-json\/wp\/v2\/comments?post=24512"}],"version-history":[{"count":7,"href":"https:\/\/hookahshop.lt\/et\/wp-json\/wp\/v2\/product\/24512\/revisions"}],"predecessor-version":[{"id":43480,"href":"https:\/\/hookahshop.lt\/et\/wp-json\/wp\/v2\/product\/24512\/revisions\/43480"}],"wp:featuredmedia":[{"embeddable":true,"href":"https:\/\/hookahshop.lt\/et\/wp-json\/wp\/v2\/media\/24513"}],"wp:attachment":[{"href":"https:\/\/hookahshop.lt\/et\/wp-json\/wp\/v2\/media?parent=24512"}],"curies":[{"name":"wp","href":"https:\/\/api.w.org\/{rel}","templated":true}]}}