{"id":24519,"date":"2021-06-15T11:54:21","date_gmt":"2021-06-15T08:54:21","guid":{"rendered":"https:\/\/hookahshop.lt\/?post_type=product&#038;p=24519"},"modified":"2026-04-11T23:28:47","modified_gmt":"2026-04-11T20:28:47","slug":"kaljanas-aladin-alux-m2-red","status":"publish","type":"product","link":"https:\/\/hookahshop.lt\/et\/toode\/vesipiip-aladin-alux-m2-red\/","title":{"rendered":"Vesipiip ALADIN Alux M2 punane"},"content":{"rendered":"<h2>Vesipiip ALADIN Alux M2 punane<\/h2>\n<p>See vesipiibu mudel paistab silma oma funktsionaalsuse, materjalide kvaliteedi ja moderniseeritud disainiuuenduste poolest.<\/p>\n<p><strong>Spetsifikatsioon:<\/strong><br \/>\n\u00dchendused: V\u00f5imalik \u00fchendada teine voolik.<br \/>\nVesipiibu k\u00f5rgus: 54 cm<br \/>\nMaterjal: anodeeritud alumiinium<\/p>\n<p><strong>Komplekt sisaldab:<\/strong><br \/>\n- Vesipiip,<br \/>\n- keermestatud kolb,<br \/>\n- tangid,<br \/>\n- Silikoonvoolik (pehme puudutus) d\u00fc\u00fcsidega<br \/>\n- tass<br \/>\n- Korsten<br \/>\n- Reguleeritav hajuti.<\/p>\n<p>Kas teil on k\u00fcsimusi? v\u00f5ta meiega \u00fchendust\u00a0<a href=\"https:\/\/hookahshop.lt\/et\/kontaktid\/\">kontaktide leht<\/a>\u00a0v\u00f5i saatke meile e-kiri aadressil\u00a0<a href=\"https:\/\/facebook.com\/HookahShop.lt\/\" target=\"_blank\" rel=\"noopener noreferrer\">Facebooki konto<\/a>\u00a0ja vastame teie taotlusele samal p\u00e4eval.<\/p>","protected":false},"excerpt":{"rendered":"<p>Vesipiibu ALADIN Alux M2 Red See vesipiibu mudel paistab silma oma funktsionaalsuse, materjalide kvaliteedi ja moderniseeritud disainiuuenduste poolest. Spetsifikatsioon: \u00dchendused: V\u00f5imalik \u00fchendada teine voolik. Vesipiibu k\u00f5rgus: 54 cm Materjal: anodeeritud alumiinium Komplekti kuuluvad: - Vesipiip, - Keermega kolb, - Tangid, - Silikoonvoolik (Soft touch) otsikutega, - Tass, - Korsten, - Reguleeritav hajuti. Sul on [\u2026]<\/p>","protected":false},"featured_media":24520,"comment_status":"open","ping_status":"closed","template":"","meta":[],"_links":{"self":[{"href":"https:\/\/hookahshop.lt\/et\/wp-json\/wp\/v2\/product\/24519"}],"collection":[{"href":"https:\/\/hookahshop.lt\/et\/wp-json\/wp\/v2\/product"}],"about":[{"href":"https:\/\/hookahshop.lt\/et\/wp-json\/wp\/v2\/types\/product"}],"replies":[{"embeddable":true,"href":"https:\/\/hookahshop.lt\/et\/wp-json\/wp\/v2\/comments?post=24519"}],"version-history":[{"count":3,"href":"https:\/\/hookahshop.lt\/et\/wp-json\/wp\/v2\/product\/24519\/revisions"}],"predecessor-version":[{"id":24536,"href":"https:\/\/hookahshop.lt\/et\/wp-json\/wp\/v2\/product\/24519\/revisions\/24536"}],"wp:featuredmedia":[{"embeddable":true,"href":"https:\/\/hookahshop.lt\/et\/wp-json\/wp\/v2\/media\/24520"}],"wp:attachment":[{"href":"https:\/\/hookahshop.lt\/et\/wp-json\/wp\/v2\/media?parent=24519"}],"curies":[{"name":"wp","href":"https:\/\/api.w.org\/{rel}","templated":true}]}}