{"id":24663,"date":"2021-06-16T18:17:44","date_gmt":"2021-06-16T15:17:44","guid":{"rendered":"https:\/\/hookahshop.lt\/?post_type=product&#038;p=24663"},"modified":"2026-04-24T23:28:50","modified_gmt":"2026-04-24T20:28:50","slug":"kaljanas-geometry-little-bro-rhombus-white","status":"publish","type":"product","link":"https:\/\/hookahshop.lt\/et\/toode\/vesipiip-geometry-little-bro-rhombus-white\/","title":{"rendered":"Vesipiibu GEOMEETIA V\u00e4ike vend, romb valge"},"content":{"rendered":"<h2 class=\"western\" align=\"left\">Vesipiibu GEOMEETIA V\u00e4ike vend, romb valge<\/h2>\n<p class=\"western\" align=\"left\"><span style=\"font-family: Liberation Serif, serif\">Suurep\u00e4rane uue kaubam\u00e4rgi &quot;Krasnodar Geometry Little Bro&quot; seeria. K\u00f5rge kvaliteediga j\u00f5udlus. Trendikas vertikaalne loputus \u00fche ventiiliga kogu alusringi ulatuses. Kvaliteetne teras ja dekoratiivsed varred. Mitut t\u00fc\u00fcpi kaevandusi - nahk, puit jne. erinevad v\u00e4rvid ja tekstuurid. Suur pluss on see, et saate oma vesipiipu t\u00e4iustada, ostes dekoratiivse varre viimistluse.<\/span><\/p>\n<p class=\"western\" align=\"left\"><strong><span style=\"font-family: Liberation Serif, serif\">Omadused:<\/span><\/strong><br \/>\n<span style=\"font-family: Liberation Serif, serif\">Varre l\u00e4bim\u00f5\u00f5t: 20 cm<\/span><br \/>\n<span style=\"font-family: Liberation Serif, serif\">Terase paksus: 1,5 mm<\/span><br \/>\n<span style=\"font-family: Liberation Serif, serif\">V\u00f5lli sisel\u00e4bim\u00f5\u00f5t: 13 mm<\/span><br \/>\n<span style=\"font-family: Liberation Serif, serif\">K\u00f5rgus: 50,1 cm<\/span><br \/>\n<span style=\"font-family: Liberation Serif, serif\">P\u00e4ritoluriik: Venemaa<\/span><\/p>\n<p align=\"left\"><img decoding=\"async\" loading=\"lazy\" class=\"alignnone size-medium wp-image-38521\" src=\"https:\/\/hookahshop.lt\/wp-content\/uploads\/2020\/09\/stiebas-zarna-kandiklis-1-300x273.jpg\" alt=\"- hookahshop.lt\" width=\"300\" height=\"273\" srcset=\"https:\/\/hookahshop.lt\/wp-content\/uploads\/2020\/09\/stiebas-zarna-kandiklis-1-300x273.jpg 300w, https:\/\/hookahshop.lt\/wp-content\/uploads\/2020\/09\/stiebas-zarna-kandiklis-1-13x12.jpg 13w, https:\/\/hookahshop.lt\/wp-content\/uploads\/2020\/09\/stiebas-zarna-kandiklis-1-64x58.jpg 64w, https:\/\/hookahshop.lt\/wp-content\/uploads\/2020\/09\/stiebas-zarna-kandiklis-1.jpg 420w\" sizes=\"(max-width: 300px) 100vw, 300px\" title=\"\"><\/p>\n<p class=\"western\" align=\"left\"><span style=\"font-family: Liberation Serif, serif\">Kas teil on k\u00fcsimusi? v\u00f5ta meiega \u00fchendust\u00a0<\/span><a href=\"https:\/\/hookahshop.lt\/et\/kontaktid\/\"><span style=\"color: #000080\"><span style=\"font-family: Liberation Serif, serif\"><span lang=\"zxx\"><u>kontaktide leht<\/u><\/span><\/span><\/span><\/a><span style=\"font-family: Liberation Serif, serif\">\u00a0v\u00f5i saatke meile e-kiri aadressil\u00a0<\/span><a href=\"https:\/\/facebook.com\/HookahShop.lt\/\" target=\"_blank\" rel=\"noopener\"><span style=\"color: #000080\"><span style=\"font-family: Liberation Serif, serif\"><span lang=\"zxx\"><u>Facebooki konto<\/u><\/span><\/span><\/span><\/a><span style=\"font-family: Liberation Serif, serif\">\u00a0ja vastame teie taotlusele samal p\u00e4eval.<\/span><\/p>","protected":false},"excerpt":{"rendered":"<p>Vesipiibu GEOMETRY Little Bro Rhombus White Uue kaubam\u00e4rgi &quot;Krasnodar Geometry Little Bro&quot; suurep\u00e4rane sari. K\u00f5rge kvaliteediga j\u00f5udlus. Trendikas vertikaalne loputus \u00fche ventiiliga \u00fcle alusringi. Kvaliteetne teras ja dekoratiivsed varred. Mitut t\u00fc\u00fcpi kaevandusi - nahk, puit jne. erinevad v\u00e4rvid ja tekstuurid. Tohutu pluss on see, et saate oma vesipiipu uuendada, ostes [\u2026]<\/p>","protected":false},"featured_media":24665,"comment_status":"open","ping_status":"closed","template":"","meta":[],"_links":{"self":[{"href":"https:\/\/hookahshop.lt\/et\/wp-json\/wp\/v2\/product\/24663"}],"collection":[{"href":"https:\/\/hookahshop.lt\/et\/wp-json\/wp\/v2\/product"}],"about":[{"href":"https:\/\/hookahshop.lt\/et\/wp-json\/wp\/v2\/types\/product"}],"replies":[{"embeddable":true,"href":"https:\/\/hookahshop.lt\/et\/wp-json\/wp\/v2\/comments?post=24663"}],"version-history":[{"count":6,"href":"https:\/\/hookahshop.lt\/et\/wp-json\/wp\/v2\/product\/24663\/revisions"}],"predecessor-version":[{"id":38541,"href":"https:\/\/hookahshop.lt\/et\/wp-json\/wp\/v2\/product\/24663\/revisions\/38541"}],"wp:featuredmedia":[{"embeddable":true,"href":"https:\/\/hookahshop.lt\/et\/wp-json\/wp\/v2\/media\/24665"}],"wp:attachment":[{"href":"https:\/\/hookahshop.lt\/et\/wp-json\/wp\/v2\/media?parent=24663"}],"curies":[{"name":"wp","href":"https:\/\/api.w.org\/{rel}","templated":true}]}}