{"id":24687,"date":"2021-06-16T18:32:23","date_gmt":"2021-06-16T15:32:23","guid":{"rendered":"https:\/\/hookahshop.lt\/?post_type=product&#038;p=24687"},"modified":"2026-04-19T23:28:55","modified_gmt":"2026-04-19T20:28:55","slug":"kaljanas-geometry-little-bro-stab-a31","status":"publish","type":"product","link":"https:\/\/hookahshop.lt\/et\/toode\/vesipiip-geometry-little-bro-stab-a31\/","title":{"rendered":"Vesipiibu GEOMEETRIA Little Bro Stab A31"},"content":{"rendered":"<h2 class=\"western\" align=\"left\">Vesipiibu GEOMEETRIA Little Bro Stab A31<\/h2>\n<p>Suurep\u00e4rane uue kaubam\u00e4rgi &quot;Krasnodar Geometry Little Bro&quot; seeria. K\u00f5rge kvaliteediga j\u00f5udlus. Trendikas vertikaalne loputus \u00fche ventiiliga kogu alusringi ulatuses. Kvaliteetne teras ja dekoratiivsed varred. Mitut t\u00fc\u00fcpi kaevandusi - nahk, puit jne. erinevad v\u00e4rvid ja tekstuurid. Suur pluss on see, et saate oma vesipiipu t\u00e4iustada, ostes dekoratiivse varre viimistluse.<\/p>\n<p>Omadused:<br \/>\nVarre l\u00e4bim\u00f5\u00f5t: 20 cm<br \/>\nTerase paksus: 1,5 mm<br \/>\nV\u00f5lli sisel\u00e4bim\u00f5\u00f5t: 13 mm<br \/>\nK\u00f5rgus: 50,1 cm<br \/>\nP\u00e4ritoluriik: Venemaa<\/p>\n<p class=\"western\" align=\"left\">Kas teil on k\u00fcsimusi? v\u00f5ta meiega \u00fchendust\u00a0<a href=\"https:\/\/hookahshop.lt\/et\/kontaktid\/\">kontaktide leht<\/a>\u00a0v\u00f5i saatke meile e-kiri aadressil\u00a0<a href=\"https:\/\/facebook.com\/HookahShop.lt\/\" target=\"_blank\" rel=\"noopener noreferrer\">Facebooki konto<\/a>\u00a0ja vastame teie taotlusele samal p\u00e4eval.<\/p>","protected":false},"excerpt":{"rendered":"<p>Vesipiibu GEOMETRY Little Bro Stab A31 Suurep\u00e4rane uue kaubam\u00e4rgi &quot;Krasnodar Geometry Little Bro&quot; sari. K\u00f5rge kvaliteediga j\u00f5udlus. Trendikas vertikaalne loputus \u00fche ventiiliga \u00fcle alusringi. Kvaliteetne teras ja dekoratiivsed varred. Mitut t\u00fc\u00fcpi kaevandusi - nahk, puit jne. erinevad v\u00e4rvid ja tekstuurid. Tohutu pluss on see, et saate oma vesipiipu uuendada, ostes [\u2026]<\/p>","protected":false},"featured_media":24688,"comment_status":"open","ping_status":"closed","template":"","meta":[],"_links":{"self":[{"href":"https:\/\/hookahshop.lt\/et\/wp-json\/wp\/v2\/product\/24687"}],"collection":[{"href":"https:\/\/hookahshop.lt\/et\/wp-json\/wp\/v2\/product"}],"about":[{"href":"https:\/\/hookahshop.lt\/et\/wp-json\/wp\/v2\/types\/product"}],"replies":[{"embeddable":true,"href":"https:\/\/hookahshop.lt\/et\/wp-json\/wp\/v2\/comments?post=24687"}],"version-history":[{"count":3,"href":"https:\/\/hookahshop.lt\/et\/wp-json\/wp\/v2\/product\/24687\/revisions"}],"predecessor-version":[{"id":29637,"href":"https:\/\/hookahshop.lt\/et\/wp-json\/wp\/v2\/product\/24687\/revisions\/29637"}],"wp:featuredmedia":[{"embeddable":true,"href":"https:\/\/hookahshop.lt\/et\/wp-json\/wp\/v2\/media\/24688"}],"wp:attachment":[{"href":"https:\/\/hookahshop.lt\/et\/wp-json\/wp\/v2\/media?parent=24687"}],"curies":[{"name":"wp","href":"https:\/\/api.w.org\/{rel}","templated":true}]}}