{"id":24778,"date":"2021-06-18T11:31:01","date_gmt":"2021-06-18T08:31:01","guid":{"rendered":"https:\/\/hookahshop.lt\/?post_type=product&#038;p=24778"},"modified":"2026-04-22T23:28:51","modified_gmt":"2026-04-22T20:28:51","slug":"kaljanas-aladin-alux-m3-gold","status":"publish","type":"product","link":"https:\/\/hookahshop.lt\/et\/toode\/vesipiip-aladin-alux-m3-gold\/","title":{"rendered":"Vesipiip ALADIN Alux M3 Gold"},"content":{"rendered":"<h2>Vesipiip ALADIN Alux M3 Gold<\/h2>\n<p>Vesipiip j\u00e4tab oma kvaliteetsete materjalidega h\u00e4mmastava mulje. Kvaliteetne t\u00f6\u00f6 ja individuaalne disain ei j\u00e4ta teid \u00fcksk\u00f5ikseks.<br \/>\nT\u00e4nu kompaktsele suurusele on see ideaalne reisikaaslane neile, kes soovivad saada kvaliteetset toodet teel.<\/p>\n<p>Kombineeritud versioon: veega kokkupuutuva v\u00f5lli \/ masti alumine osa on roostevaba teras, vesipiibu muud osad on valmistatud alumiiniumist.<\/p>\n<p><strong>Standard komplekt:<\/strong><\/p>\n<p>tangid, pehme silikoonvoolik otsikutega, tass ja tasskorsten.<\/p>\n<p>Reguleeritav difuusor.<\/p>\n<p>Kas teil on k\u00fcsimusi? v\u00f5ta meiega \u00fchendust\u00a0<a href=\"https:\/\/hookahshop.lt\/et\/kontaktid\/\">kontaktide leht<\/a>\u00a0v\u00f5i saatke meile e-kiri aadressil\u00a0<a href=\"https:\/\/facebook.com\/HookahShop.lt\/\" target=\"_blank\" rel=\"noopener noreferrer\">Facebooki konto<\/a>\u00a0ja vastame teie taotlusele samal p\u00e4eval.<\/p>","protected":false},"excerpt":{"rendered":"<p>Vesipiip ALADIN Alux M3 Gold Vesipiip j\u00e4tab oma kvaliteetsete materjalidega h\u00e4mmastavad muljed. Kvaliteetne t\u00f6\u00f6 ja individuaalne disain ei j\u00e4ta teid \u00fcksk\u00f5ikseks. T\u00e4nu oma kompaktsele suurusele on see ideaalne reisikaaslane neile, kes soovivad omada kvaliteetset toodet liikvel olles. Kombineeritud versioon: veega kokkupuutuv v\u00f5lli\/masti alumine osa on valmistatud roostevabast terasest, teised vesipiibu osad on alumiiniumist. Standardkomplekt: [\u2026]<\/p>","protected":false},"featured_media":24779,"comment_status":"open","ping_status":"closed","template":"","meta":[],"_links":{"self":[{"href":"https:\/\/hookahshop.lt\/et\/wp-json\/wp\/v2\/product\/24778"}],"collection":[{"href":"https:\/\/hookahshop.lt\/et\/wp-json\/wp\/v2\/product"}],"about":[{"href":"https:\/\/hookahshop.lt\/et\/wp-json\/wp\/v2\/types\/product"}],"replies":[{"embeddable":true,"href":"https:\/\/hookahshop.lt\/et\/wp-json\/wp\/v2\/comments?post=24778"}],"version-history":[{"count":2,"href":"https:\/\/hookahshop.lt\/et\/wp-json\/wp\/v2\/product\/24778\/revisions"}],"predecessor-version":[{"id":25702,"href":"https:\/\/hookahshop.lt\/et\/wp-json\/wp\/v2\/product\/24778\/revisions\/25702"}],"wp:featuredmedia":[{"embeddable":true,"href":"https:\/\/hookahshop.lt\/et\/wp-json\/wp\/v2\/media\/24779"}],"wp:attachment":[{"href":"https:\/\/hookahshop.lt\/et\/wp-json\/wp\/v2\/media?parent=24778"}],"curies":[{"name":"wp","href":"https:\/\/api.w.org\/{rel}","templated":true}]}}