{"id":24861,"date":"2021-06-18T13:41:27","date_gmt":"2021-06-18T10:41:27","guid":{"rendered":"https:\/\/hookahshop.lt\/?post_type=product&#038;p=24861"},"modified":"2026-04-18T23:28:57","modified_gmt":"2026-04-18T20:28:57","slug":"kolba-kaljanui-hookahtree-c3-smoke","status":"publish","type":"product","link":"https:\/\/hookahshop.lt\/et\/toode\/kolb-vesipiibu-hookahtree-c3-smoke\/","title":{"rendered":"Kolb HookahTree C3 Suits"},"content":{"rendered":"<h2>Kolb HookahTree C3 Suits<\/h2>\n<p>Kolb on l\u00e4bipaistvat suitsuse efektiga v\u00e4rvi ning t\u00e4nu l\u00e4ikivale pinnale on see veelgi \u0161ikim ja eksklusiivsem v\u00e4rviilme. Sobib peaaegu k\u00f5ikidele kaasaegsetele vesipiipudele. Kolvi k\u00fclg aitab teil vesipiipu mugavalt k\u00e4es hoida, et see k\u00e4est ei libiseks. See kolb on kaetud kvaliteetse v\u00e4rviga, mis aitab s\u00e4ilitada aja jooksul kolvi pilti, nagu oleks see uus isegi p\u00e4rast paljusid kasutusi. Sellel kolvil on paksud seinad. Paksud seinad tagavad halva heliisolatsiooni, mis on ilma difuusorita suitsetamiseks piisavalt oluline.<\/p>\n<p><strong><span title=\"\">Spetsifikatsioonid:<\/span><\/strong><br \/>\nK\u00f5rgus: 259 mm<br \/>\nKaal: ~ 1410 g<br \/>\nV\u00e4lise augu l\u00e4bim\u00f5\u00f5t: 73 mm<br \/>\nSisemine augu l\u00e4bim\u00f5\u00f5t: 45 mm<br \/>\nToote materjal: klaas<\/p>\n<p>Kas teil on k\u00fcsimusi? v\u00f5ta meiega \u00fchendust\u00a0<a href=\"https:\/\/hookahshop.lt\/et\/kontaktid\/\">kontaktide leht<\/a>\u00a0v\u00f5i saatke meile e-kiri aadressil\u00a0<a href=\"https:\/\/facebook.com\/HookahShop.lt\/\" target=\"_blank\" rel=\"noopener noreferrer\">Facebooki konto<\/a>\u00a0ja vastame teie taotlusele samal p\u00e4eval.<\/p>","protected":false},"excerpt":{"rendered":"<p>HookahTree C3 Smoke Hook Flask on selge, suitsuse efektiga ning t\u00e4nu l\u00e4ikivale pinnale veelgi \u0161ikim ja oman\u00e4olisem v\u00e4rviline v\u00e4limus. Sobib peaaegu k\u00f5ikidele kaasaegsetele vesipiipudele. Kolvi \u00e4\u00e4r aitab teil vesipiipu mugavalt k\u00e4es hoida, et see ei libiseks k\u00e4est. See kolb on kaetud kvaliteetse v\u00e4rviga, mis aitab s\u00e4ilitada aja jooksul kolvi kujutist, nagu see oleks [\u2026]<\/p>","protected":false},"featured_media":24873,"comment_status":"open","ping_status":"closed","template":"","meta":[],"_links":{"self":[{"href":"https:\/\/hookahshop.lt\/et\/wp-json\/wp\/v2\/product\/24861"}],"collection":[{"href":"https:\/\/hookahshop.lt\/et\/wp-json\/wp\/v2\/product"}],"about":[{"href":"https:\/\/hookahshop.lt\/et\/wp-json\/wp\/v2\/types\/product"}],"replies":[{"embeddable":true,"href":"https:\/\/hookahshop.lt\/et\/wp-json\/wp\/v2\/comments?post=24861"}],"version-history":[{"count":5,"href":"https:\/\/hookahshop.lt\/et\/wp-json\/wp\/v2\/product\/24861\/revisions"}],"predecessor-version":[{"id":45140,"href":"https:\/\/hookahshop.lt\/et\/wp-json\/wp\/v2\/product\/24861\/revisions\/45140"}],"wp:featuredmedia":[{"embeddable":true,"href":"https:\/\/hookahshop.lt\/et\/wp-json\/wp\/v2\/media\/24873"}],"wp:attachment":[{"href":"https:\/\/hookahshop.lt\/et\/wp-json\/wp\/v2\/media?parent=24861"}],"curies":[{"name":"wp","href":"https:\/\/api.w.org\/{rel}","templated":true}]}}