{"id":24865,"date":"2021-06-18T13:40:03","date_gmt":"2021-06-18T10:40:03","guid":{"rendered":"https:\/\/hookahshop.lt\/?post_type=product&#038;p=24865"},"modified":"2026-04-14T23:28:44","modified_gmt":"2026-04-14T20:28:44","slug":"kaljanas-aladin-mvp500-red-shiny","status":"publish","type":"product","link":"https:\/\/hookahshop.lt\/et\/toode\/vesipiip-aladin-mvp500-red-shiny\/","title":{"rendered":"Vesipiip ALADIN MVP500 Punane l\u00e4ikiv"},"content":{"rendered":"<h2>Vesipiip ALADIN MVP500 Punane l\u00e4ikiv<\/h2>\n<p>Vesipiip j\u00e4tab oma kvaliteetsete materjalidega h\u00e4mmastava mulje. Kvaliteetne t\u00f6\u00f6 ja individuaalne disain ei j\u00e4ta teid \u00fcksk\u00f5ikseks.<br \/>\nT\u00e4nu oma kompaktsele suurusele on see ideaalne reisikaaslane neile, kes soovivad kvaliteetset toodet liikvel olla.<\/p>\n<p><strong>Spetsifikatsioon<\/strong><br \/>\nMaterjal: anodeeritud roostevaba teras<br \/>\nKolb: keermestatud<br \/>\nDifusioon: jah (reguleeritav)<br \/>\nK\u00f5rgus: 50 cm<br \/>\nKaal: 3 kg<br \/>\ntoodetud Hiinas<\/p>\n<p><strong>Standardkomplekt sisaldab:<\/strong><br \/>\ntangid, pehme silikoonist voolik koos d\u00fc\u00fcsidega, tass, korsten tassile.<\/p>\n<p>Kas teil on k\u00fcsimusi? v\u00f5ta meiega \u00fchendust\u00a0<a href=\"https:\/\/hookahshop.lt\/et\/kontaktid\/\">kontaktide leht<\/a>\u00a0v\u00f5i saatke meile e-kiri aadressil\u00a0<a href=\"https:\/\/facebook.com\/HookahShop.lt\/\" target=\"_blank\" rel=\"noopener noreferrer\">Facebooki konto<\/a>\u00a0ja vastame teie taotlusele samal p\u00e4eval.<\/p>","protected":false},"excerpt":{"rendered":"<p>Vesipiip ALADIN MVP500 Red Shiny Hookah j\u00e4tab oma kvaliteetsete materjalidega imelise mulje. Kvaliteetne t\u00f6\u00f6 ja individuaalne disain ei j\u00e4ta teid \u00fcksk\u00f5ikseks. T\u00e4nu oma kompaktsele suurusele on see ideaalne reisikaaslane neile, kes soovivad omada kvaliteetset toodet liikvel olles. Spetsifikatsiooni materjal: anodeeritud roostevabast terasest kolb: keermestatud difusioon: jah (reguleeritav) K\u00f5rgus: 50 cm Kaal: 3 kg P\u00e4ritoluriik: Hiina Standardne [\u2026]<\/p>","protected":false},"featured_media":24866,"comment_status":"open","ping_status":"closed","template":"","meta":[],"_links":{"self":[{"href":"https:\/\/hookahshop.lt\/et\/wp-json\/wp\/v2\/product\/24865"}],"collection":[{"href":"https:\/\/hookahshop.lt\/et\/wp-json\/wp\/v2\/product"}],"about":[{"href":"https:\/\/hookahshop.lt\/et\/wp-json\/wp\/v2\/types\/product"}],"replies":[{"embeddable":true,"href":"https:\/\/hookahshop.lt\/et\/wp-json\/wp\/v2\/comments?post=24865"}],"version-history":[{"count":3,"href":"https:\/\/hookahshop.lt\/et\/wp-json\/wp\/v2\/product\/24865\/revisions"}],"predecessor-version":[{"id":37494,"href":"https:\/\/hookahshop.lt\/et\/wp-json\/wp\/v2\/product\/24865\/revisions\/37494"}],"wp:featuredmedia":[{"embeddable":true,"href":"https:\/\/hookahshop.lt\/et\/wp-json\/wp\/v2\/media\/24866"}],"wp:attachment":[{"href":"https:\/\/hookahshop.lt\/et\/wp-json\/wp\/v2\/media?parent=24865"}],"curies":[{"name":"wp","href":"https:\/\/api.w.org\/{rel}","templated":true}]}}