{"id":25041,"date":"2021-06-21T20:57:16","date_gmt":"2021-06-21T17:57:16","guid":{"rendered":"https:\/\/hookahshop.lt\/?post_type=product&#038;p=25041"},"modified":"2026-04-15T23:28:54","modified_gmt":"2026-04-15T20:28:54","slug":"kaljanas-nube-unique-volt-green","status":"publish","type":"product","link":"https:\/\/hookahshop.lt\/et\/toode\/vesipiip-nube-unique-volt-green\/","title":{"rendered":"Vesipiip NUBE unikaalne Volt Green"},"content":{"rendered":"<h2>Vesipiip NUBE unikaalne Volt Green<\/h2>\n<p>Vesipiip on valmistatud tuhapuidust ja AISI 321 roostevabast terasest koos uue suitsueemaldustehnoloogiaga. Vesipiibul on kasutusel nupu kujul paigaldatud Cool Down suitsu v\u00e4ljalaskes\u00fcsteem. See v\u00f5imaldab teil kuumust kasutamise ajal kontrollida. Vars ja huulik on valmistatud rafineeritud stiilis, dekoratiivsed vahet\u00fckid on valmistatud naturaalsest puidust. Elektrivoolu abil (p\u00f5letades puidu tekstuuri) kantakse puidu viimistlusele v\u00e4lgukujuline joonis.<\/p>\n<p><strong>Omadused:<\/strong><br \/>\nVesipiibu kaal: umbes 1895 g.<br \/>\nVesipiibu k\u00f5rgus: 530 mm.<br \/>\nV\u00f5ll: k\u00f5rgtugevast roostevabast terasest AISI 321, mm 14D.<br \/>\nVarre viimistlus: saar puit.<br \/>\nSuuosa: AISI 321 roostevaba teras ja tuhkpuit.<br \/>\nHuuliku pikkus: 310 mm.<br \/>\nVoolik: pehme puudutus.<br \/>\nVooliku pikkus: 1500 mm.<\/p>\n<p>Kas teil on k\u00fcsimusi? v\u00f5ta meiega \u00fchendust\u00a0<a href=\"https:\/\/hookahshop.lt\/et\/kontaktid\/\">kontaktide leht<\/a>\u00a0v\u00f5i saatke meile e-kiri aadressil\u00a0<a href=\"https:\/\/facebook.com\/HookahShop.lt\/\" target=\"_blank\" rel=\"noopener noreferrer\">Facebooki konto<\/a>\u00a0ja vastame teie taotlusele samal p\u00e4eval.<\/p>\n<p>&nbsp;<\/p>","protected":false},"excerpt":{"rendered":"<p>Vesipiip NUBE Unique Volt Green Vesipiip on valmistatud tuhapuidust ja AISI 321 roostevabast terasest uue suitsueemaldustehnoloogiaga. Vesipiibul on kasutusel nupu kujul paigaldatud Cool Down suitsu v\u00e4ljalaskes\u00fcsteem. See v\u00f5imaldab teil kuumust kasutamise ajal kontrollida. Vars ja huulik on valmistatud rafineeritud stiilis, dekoratiivsed vahet\u00fckid on valmistatud naturaalsest puidust. Kasutades elektrivoolu (p\u00f5lev puidu tekstuur), [\u2026]<\/p>","protected":false},"featured_media":25042,"comment_status":"open","ping_status":"closed","template":"","meta":[],"_links":{"self":[{"href":"https:\/\/hookahshop.lt\/et\/wp-json\/wp\/v2\/product\/25041"}],"collection":[{"href":"https:\/\/hookahshop.lt\/et\/wp-json\/wp\/v2\/product"}],"about":[{"href":"https:\/\/hookahshop.lt\/et\/wp-json\/wp\/v2\/types\/product"}],"replies":[{"embeddable":true,"href":"https:\/\/hookahshop.lt\/et\/wp-json\/wp\/v2\/comments?post=25041"}],"version-history":[{"count":2,"href":"https:\/\/hookahshop.lt\/et\/wp-json\/wp\/v2\/product\/25041\/revisions"}],"predecessor-version":[{"id":29663,"href":"https:\/\/hookahshop.lt\/et\/wp-json\/wp\/v2\/product\/25041\/revisions\/29663"}],"wp:featuredmedia":[{"embeddable":true,"href":"https:\/\/hookahshop.lt\/et\/wp-json\/wp\/v2\/media\/25042"}],"wp:attachment":[{"href":"https:\/\/hookahshop.lt\/et\/wp-json\/wp\/v2\/media?parent=25041"}],"curies":[{"name":"wp","href":"https:\/\/api.w.org\/{rel}","templated":true}]}}