{"id":25055,"date":"2021-06-22T10:22:32","date_gmt":"2021-06-22T07:22:32","guid":{"rendered":"https:\/\/hookahshop.lt\/?post_type=product&#038;p=25055"},"modified":"2026-04-26T23:29:06","modified_gmt":"2026-04-26T20:29:06","slug":"kaljanas-hoob-atom","status":"publish","type":"product","link":"https:\/\/hookahshop.lt\/et\/toode\/vesipiip-hoob-atom\/","title":{"rendered":"Vesipiibu HOOB Atom"},"content":{"rendered":"<h2>Vesipiibu HOOB Atom<\/h2>\n<p>See on \u00fcks revolutsioonilisemaid ja kompaktsemaid vesipiipu. Hoobi juba populaarne must disain ja selle vesipiibu ebastandardsed vormid muudavad selle t\u00f5eliselt ainulaadseks, seda saab kasutada k\u00f5ikjal, kus soovite, looduses, kodus, kontoris. Kvaliteetsed materjalid on ideaalselt sobitatud, et tagada vesipiibu pikim eluiga, ja sobitatud kaasaegse v\u00e4limusega.<\/p>\n<p>Osa anodeeritud alumiiniumist vesipiibu, millel on spetsiaalne kuldne ja must matt kate, roostevabast terasest kesktoru.<br \/>\nHoob Magnetic Lock\u00ae ainulaadne konks-silmus\u00fchenduss\u00fcsteem ja magnetvooliku\u00fchendused.<\/p>\n<p>Hoob Atom Vesipiip on ese, mida saate kasutada mis tahes tasside ja silikoonvoolikutega.<\/p>\n<p><strong>Varustus:<\/strong><br \/>\nRoostevabast terasest v\u00f5ll<br \/>\nKinnituss\u00fcsteem Hoob Magnetic Lock\u00ae magnetid<br \/>\nMagnetvooliku \u00fchendus<br \/>\nPleksiklaasist kolvip\u00f5hi kullat\u00fckkidega<br \/>\nIntegreeritud k\u00e4epide ja sahtel LED-pirni jaoks.<br \/>\nRoostevabast terasest miniplaat s\u00f6e jaoks<br \/>\nK\u00f5rgus: 21 cm<br \/>\nP\u00f5hja l\u00e4bim\u00f5\u00f5t: 13 mm<br \/>\nVooliku\u00fchenduse l\u00e4bim\u00f5\u00f5t: 10 mm<br \/>\nKahekordne v\u00e4ljalaskes\u00fcsteem;<br \/>\n\u00dchenduste arv kuni 2 voolikut;<\/p>\n<p><strong>Huulik ja voolik ei kuulu komplekti.<\/strong><\/p>\n<p>Kas teil on k\u00fcsimusi? v\u00f5ta meiega \u00fchendust\u00a0<a href=\"https:\/\/hookahshop.lt\/et\/kontaktid\/\">kontaktide leht<\/a>\u00a0v\u00f5i saatke meile e-kiri aadressil\u00a0<a href=\"https:\/\/facebook.com\/HookahShop.lt\/\" target=\"_blank\" rel=\"noopener noreferrer\">Facebooki konto<\/a>\u00a0ja vastame teie taotlusele samal p\u00e4eval.<\/p>","protected":false},"excerpt":{"rendered":"<p>Vesipiibud HOOB Atom See on \u00fcks revolutsioonilisemaid ja kompaktsemaid vesipiipu. Juba populaarne Hoobi must disain ja ebastandardsed vormid muudavad selle vesipiibu t\u00f5eliselt ainulaadseks, seda saab kasutada k\u00f5ikjal, kus soovite, looduses, kodus, kontoris. Kvaliteetsed materjalid on ideaalselt sobitatud, et tagada vesipiibu pikim eluiga ja sobitada kaasaegse v\u00e4limusega. Osa anodeeritud alumiiniumkonksust [\u2026]<\/p>","protected":false},"featured_media":25060,"comment_status":"open","ping_status":"closed","template":"","meta":[],"_links":{"self":[{"href":"https:\/\/hookahshop.lt\/et\/wp-json\/wp\/v2\/product\/25055"}],"collection":[{"href":"https:\/\/hookahshop.lt\/et\/wp-json\/wp\/v2\/product"}],"about":[{"href":"https:\/\/hookahshop.lt\/et\/wp-json\/wp\/v2\/types\/product"}],"replies":[{"embeddable":true,"href":"https:\/\/hookahshop.lt\/et\/wp-json\/wp\/v2\/comments?post=25055"}],"version-history":[{"count":3,"href":"https:\/\/hookahshop.lt\/et\/wp-json\/wp\/v2\/product\/25055\/revisions"}],"predecessor-version":[{"id":42400,"href":"https:\/\/hookahshop.lt\/et\/wp-json\/wp\/v2\/product\/25055\/revisions\/42400"}],"wp:featuredmedia":[{"embeddable":true,"href":"https:\/\/hookahshop.lt\/et\/wp-json\/wp\/v2\/media\/25060"}],"wp:attachment":[{"href":"https:\/\/hookahshop.lt\/et\/wp-json\/wp\/v2\/media?parent=25055"}],"curies":[{"name":"wp","href":"https:\/\/api.w.org\/{rel}","templated":true}]}}