{"id":25113,"date":"2021-06-22T12:19:00","date_gmt":"2021-06-22T09:19:00","guid":{"rendered":"https:\/\/hookahshop.lt\/?post_type=product&#038;p=25113"},"modified":"2026-04-14T23:28:49","modified_gmt":"2026-04-14T20:28:49","slug":"kaljanas-hoob-go-black","status":"publish","type":"product","link":"https:\/\/hookahshop.lt\/et\/toode\/vesipiip-hoob-go-black\/","title":{"rendered":"Vesipiibu HOOB Go Black"},"content":{"rendered":"<h2>Vesipiibu HOOB Go Black<\/h2>\n<p>Hoob Go on suurep\u00e4rane valik, kui olete alles hakanud huvi tundma vesipiibu kunsti ja kultuuri vastu. See vesipiip sobib h\u00e4sti meie kuldse vundamendiga.<\/p>\n<p>Kasutamata plastik<br \/>\nS\u00fcsinikviimistlus<br \/>\nValikuliselt reguleeritav \u00f5huvool<br \/>\nMagnetvooliku pistik<br \/>\nMugav ja lihtne kasutada<\/p>\n<p><strong>Varustus:<\/strong><br \/>\nV\u00f5lli<br \/>\nPlaat<br \/>\nKolb ei kuulu komplekti<\/p>\n<p>Kas teil on k\u00fcsimusi? v\u00f5ta meiega \u00fchendust\u00a0<a href=\"https:\/\/hookahshop.lt\/et\/kontaktid\/\">kontaktide leht<\/a>\u00a0v\u00f5i saatke meile e-kiri aadressil\u00a0<a href=\"https:\/\/facebook.com\/HookahShop.lt\/\" target=\"_blank\" rel=\"noopener noreferrer\">Facebooki konto<\/a>\u00a0ja vastame teie taotlusele samal p\u00e4eval.<\/p>","protected":false},"excerpt":{"rendered":"<p>Hookah HOOB Go Black Hoob Go on suurep\u00e4rane valik, kui olete alles hakanud huvi tundma vesipiibu kunsti ja kultuuri vastu. See vesipiip sobib h\u00e4sti meie kuldse vundamendiga. Kasutamata plastikust S\u00fcsinikviimistlus Valikuliselt reguleeritav \u00f5huvool Magnetvooliku \u00fchendus Mugav ja lihtne kasutada Tarnekomplekt: v\u00f5lli plaat Kolbi ei sisalda K\u00fcsimusi? V\u00f5tke meiega \u00fchendust kontaktide lehel v\u00f5i kirjutage meile oma Facebooki kontol ja [\u2026]<\/p>","protected":false},"featured_media":25115,"comment_status":"open","ping_status":"closed","template":"","meta":[],"_links":{"self":[{"href":"https:\/\/hookahshop.lt\/et\/wp-json\/wp\/v2\/product\/25113"}],"collection":[{"href":"https:\/\/hookahshop.lt\/et\/wp-json\/wp\/v2\/product"}],"about":[{"href":"https:\/\/hookahshop.lt\/et\/wp-json\/wp\/v2\/types\/product"}],"replies":[{"embeddable":true,"href":"https:\/\/hookahshop.lt\/et\/wp-json\/wp\/v2\/comments?post=25113"}],"version-history":[{"count":6,"href":"https:\/\/hookahshop.lt\/et\/wp-json\/wp\/v2\/product\/25113\/revisions"}],"predecessor-version":[{"id":29867,"href":"https:\/\/hookahshop.lt\/et\/wp-json\/wp\/v2\/product\/25113\/revisions\/29867"}],"wp:featuredmedia":[{"embeddable":true,"href":"https:\/\/hookahshop.lt\/et\/wp-json\/wp\/v2\/media\/25115"}],"wp:attachment":[{"href":"https:\/\/hookahshop.lt\/et\/wp-json\/wp\/v2\/media?parent=25113"}],"curies":[{"name":"wp","href":"https:\/\/api.w.org\/{rel}","templated":true}]}}