{"id":25118,"date":"2021-06-22T12:25:06","date_gmt":"2021-06-22T09:25:06","guid":{"rendered":"https:\/\/hookahshop.lt\/?post_type=product&#038;p=25118"},"modified":"2026-04-15T12:28:53","modified_gmt":"2026-04-15T09:28:53","slug":"kaljanas-hoob-go-bronze","status":"publish","type":"product","link":"https:\/\/hookahshop.lt\/et\/toode\/vesipiip-hoob-go-bronze\/","title":{"rendered":"Hookah HOOB Go Bronze"},"content":{"rendered":"<h2>Hookah HOOB Go Bronze<\/h2>\n<p>Hoob Go on suurep\u00e4rane valik, kui olete alles hakanud huvi tundma vesipiibu kunsti ja kultuuri vastu. See vesipiip sobib h\u00e4sti meie pronksist vundamendiga.<\/p>\n<p>Kasutamata plastik<br \/>\nS\u00fcsinikviimistlus<br \/>\nValikuliselt reguleeritav \u00f5huvool<br \/>\nMagnetvooliku pistik<br \/>\nMugav ja lihtne kasutada<\/p>\n<p><strong>Varustus:<\/strong><br \/>\nV\u00f5lli<br \/>\nHuulik<br \/>\nSoolestik<br \/>\nPlaat<br \/>\nKolb ei kuulu komplekti<\/p>\n<p>Kas teil on k\u00fcsimusi? v\u00f5ta meiega \u00fchendust\u00a0<a href=\"https:\/\/hookahshop.lt\/et\/kontaktid\/\">kontaktide leht<\/a>\u00a0v\u00f5i saatke meile e-kiri aadressil\u00a0<a href=\"https:\/\/facebook.com\/HookahShop.lt\/\" target=\"_blank\" rel=\"noopener noreferrer\">Facebooki konto<\/a>\u00a0ja vastame teie taotlusele samal p\u00e4eval.<\/p>","protected":false},"excerpt":{"rendered":"<p>Hookah HOOB Go Bronze Hoob Go on suurep\u00e4rane valik, kui olete alles hakanud huvi tundma vesipiibu kunsti ja kultuuri vastu. See vesipiip sobib h\u00e4sti meie pronksist vundamendiga. Kasutamata plastikust S\u00fcsinikviimistlus Valikuline \u00f5huvool Magnetvooliku \u00fchendus Mugav ja lihtne kasutada Ulatus: v\u00f5lli huuliku voolikuplaat Ei kuulu komplekti K\u00fcsimused? V\u00f5tke meiega \u00fchendust kontaktide lehel v\u00f5i kirjutage meile [\u2026]<\/p>","protected":false},"featured_media":25119,"comment_status":"open","ping_status":"closed","template":"","meta":[],"_links":{"self":[{"href":"https:\/\/hookahshop.lt\/et\/wp-json\/wp\/v2\/product\/25118"}],"collection":[{"href":"https:\/\/hookahshop.lt\/et\/wp-json\/wp\/v2\/product"}],"about":[{"href":"https:\/\/hookahshop.lt\/et\/wp-json\/wp\/v2\/types\/product"}],"replies":[{"embeddable":true,"href":"https:\/\/hookahshop.lt\/et\/wp-json\/wp\/v2\/comments?post=25118"}],"version-history":[{"count":3,"href":"https:\/\/hookahshop.lt\/et\/wp-json\/wp\/v2\/product\/25118\/revisions"}],"predecessor-version":[{"id":42078,"href":"https:\/\/hookahshop.lt\/et\/wp-json\/wp\/v2\/product\/25118\/revisions\/42078"}],"wp:featuredmedia":[{"embeddable":true,"href":"https:\/\/hookahshop.lt\/et\/wp-json\/wp\/v2\/media\/25119"}],"wp:attachment":[{"href":"https:\/\/hookahshop.lt\/et\/wp-json\/wp\/v2\/media?parent=25118"}],"curies":[{"name":"wp","href":"https:\/\/api.w.org\/{rel}","templated":true}]}}