{"id":25130,"date":"2021-06-22T12:31:01","date_gmt":"2021-06-22T09:31:01","guid":{"rendered":"https:\/\/hookahshop.lt\/?post_type=product&#038;p=25130"},"modified":"2026-04-18T23:28:44","modified_gmt":"2026-04-18T20:28:44","slug":"kaljanas-hoob-go-on-gold","status":"publish","type":"product","link":"https:\/\/hookahshop.lt\/et\/toode\/vesipiip-hoob-go-on-gold\/","title":{"rendered":"Vesipiibu HOOB Go On Gold"},"content":{"rendered":"<h2>Vesipiibu HOOB Go On Gold<\/h2>\n<p>Hoob Go On on suurep\u00e4rane valik, kui hakkate vesipiibu kunsti ja kultuuri vastu alles huvi tundma. See vesipiip sobib h\u00e4sti meie kuldsete vundamentidega.<\/p>\n<p>Kasutamata plastik<br \/>\nS\u00fcsinikviimistlus<br \/>\nValikuliselt reguleeritav \u00f5huvool<br \/>\nMagnetvooliku pistik<br \/>\nMugav ja lihtne kasutada<\/p>\n<p><strong>Varustus:<\/strong><br \/>\nV\u00f5lli<br \/>\nHuulik<br \/>\nSoolestik<br \/>\nPlaat<br \/>\nKolb ei kuulu komplekti<\/p>\n<p>Kas teil on k\u00fcsimusi? v\u00f5ta meiega \u00fchendust\u00a0<a href=\"https:\/\/hookahshop.lt\/et\/kontaktid\/\">kontaktide leht<\/a>\u00a0v\u00f5i saatke meile e-kiri aadressil\u00a0<a href=\"https:\/\/facebook.com\/HookahShop.lt\/\" target=\"_blank\" rel=\"noopener noreferrer\">Facebooki konto<\/a>\u00a0ja vastame teie taotlusele samal p\u00e4eval.<\/p>","protected":false},"excerpt":{"rendered":"<p>Hookah HOOB Go On Gold Hoob Go On on suurep\u00e4rane valik, kui olete alles hakanud huvi tundma vesipiibu kunsti ja kultuuri vastu. See vesipiip sobib h\u00e4sti meie kuldse vundamendiga. Kasutamata plastikust S\u00fcsinikviimistlus Valikuline \u00f5huvool Magnetvooliku \u00fchendus Mugav ja lihtne kasutada Ulatus: v\u00f5lli suuosa Voolikuplaat Ei kuulu komplekti K\u00fcsimused? V\u00f5tke meiega \u00fchendust kontaktide lehel v\u00f5i [\u2026]<\/p>","protected":false},"featured_media":25131,"comment_status":"open","ping_status":"closed","template":"","meta":[],"_links":{"self":[{"href":"https:\/\/hookahshop.lt\/et\/wp-json\/wp\/v2\/product\/25130"}],"collection":[{"href":"https:\/\/hookahshop.lt\/et\/wp-json\/wp\/v2\/product"}],"about":[{"href":"https:\/\/hookahshop.lt\/et\/wp-json\/wp\/v2\/types\/product"}],"replies":[{"embeddable":true,"href":"https:\/\/hookahshop.lt\/et\/wp-json\/wp\/v2\/comments?post=25130"}],"version-history":[{"count":3,"href":"https:\/\/hookahshop.lt\/et\/wp-json\/wp\/v2\/product\/25130\/revisions"}],"predecessor-version":[{"id":42083,"href":"https:\/\/hookahshop.lt\/et\/wp-json\/wp\/v2\/product\/25130\/revisions\/42083"}],"wp:featuredmedia":[{"embeddable":true,"href":"https:\/\/hookahshop.lt\/et\/wp-json\/wp\/v2\/media\/25131"}],"wp:attachment":[{"href":"https:\/\/hookahshop.lt\/et\/wp-json\/wp\/v2\/media?parent=25130"}],"curies":[{"name":"wp","href":"https:\/\/api.w.org\/{rel}","templated":true}]}}