{"id":25138,"date":"2021-06-22T12:36:39","date_gmt":"2021-06-22T09:36:39","guid":{"rendered":"https:\/\/hookahshop.lt\/?post_type=product&#038;p=25138"},"modified":"2026-05-14T23:28:52","modified_gmt":"2026-05-14T20:28:52","slug":"kaljanas-hoob-go","status":"publish","type":"product","link":"https:\/\/hookahshop.lt\/et\/toode\/vesipiip-hoob-go\/","title":{"rendered":"Vesipiip HOOB Mine"},"content":{"rendered":"<h2>Vesipiip HOOB Mine<\/h2>\n<p>Hoob Go on suurep\u00e4rane valik, kui olete alles hakanud huvi tundma prouakunsti ja -kultuuri vastu.<\/p>\n<p>Kasutamata plastik<br \/>\nS\u00fcsinikviimistlus<br \/>\nValikuliselt reguleeritav \u00f5huvool<br \/>\nMagnetvooliku pistik<br \/>\nMugav ja lihtne kasutada<\/p>\n<p><strong>Varustus:<\/strong><br \/>\nV\u00f5lli<br \/>\nPlaat<br \/>\nKolb ei kuulu komplekti<\/p>\n<p>Kas teil on k\u00fcsimusi? v\u00f5ta meiega \u00fchendust\u00a0<a href=\"https:\/\/hookahshop.lt\/et\/kontaktid\/\">kontaktide leht<\/a>\u00a0v\u00f5i saatke meile e-kiri aadressil\u00a0<a href=\"https:\/\/facebook.com\/HookahShop.lt\/\" target=\"_blank\" rel=\"noopener noreferrer\">Facebooki konto<\/a>\u00a0ja vastame teie taotlusele samal p\u00e4eval.<\/p>","protected":false},"excerpt":{"rendered":"<p>Hookah HOOB Go Hoob Go on suurep\u00e4rane valik, kui olete alles hakanud huvi tundma vesipiibu kunsti ja kultuuri vastu. Kasutamata plastikust S\u00fcsinikviimistlus Valikuliselt reguleeritav \u00f5huvool Magnetvooliku \u00fchendus Mugav ja lihtne kasutada Tarnekomplekt: v\u00f5lli plaat Kolbi ei sisalda K\u00fcsimusi? V\u00f5tke meiega \u00fchendust kontaktide lehel v\u00f5i kirjutage meile oma Facebooki kontol ja vastame teie p\u00e4ringule samal p\u00e4eval.<\/p>","protected":false},"featured_media":25139,"comment_status":"open","ping_status":"closed","template":"","meta":[],"_links":{"self":[{"href":"https:\/\/hookahshop.lt\/et\/wp-json\/wp\/v2\/product\/25138"}],"collection":[{"href":"https:\/\/hookahshop.lt\/et\/wp-json\/wp\/v2\/product"}],"about":[{"href":"https:\/\/hookahshop.lt\/et\/wp-json\/wp\/v2\/types\/product"}],"replies":[{"embeddable":true,"href":"https:\/\/hookahshop.lt\/et\/wp-json\/wp\/v2\/comments?post=25138"}],"version-history":[{"count":4,"href":"https:\/\/hookahshop.lt\/et\/wp-json\/wp\/v2\/product\/25138\/revisions"}],"predecessor-version":[{"id":42401,"href":"https:\/\/hookahshop.lt\/et\/wp-json\/wp\/v2\/product\/25138\/revisions\/42401"}],"wp:featuredmedia":[{"embeddable":true,"href":"https:\/\/hookahshop.lt\/et\/wp-json\/wp\/v2\/media\/25139"}],"wp:attachment":[{"href":"https:\/\/hookahshop.lt\/et\/wp-json\/wp\/v2\/media?parent=25138"}],"curies":[{"name":"wp","href":"https:\/\/api.w.org\/{rel}","templated":true}]}}