{"id":25172,"date":"2021-06-22T18:20:39","date_gmt":"2021-06-22T15:20:39","guid":{"rendered":"https:\/\/hookahshop.lt\/?post_type=product&#038;p=25172"},"modified":"2026-04-14T23:28:52","modified_gmt":"2026-04-14T20:28:52","slug":"kaljanas-koress-k2-scarlet","status":"publish","type":"product","link":"https:\/\/hookahshop.lt\/et\/toode\/vesipiip-koress-k2-scarlet\/","title":{"rendered":"Vesipiip KORESS K2 Scarlet"},"content":{"rendered":"<h2>Vesipiip KORESS K2 Scarlet<\/h2>\n<p>Kvaliteetsetest materjalidest valmistatud eksklusiivse disainiga stiilne vesipiip. Vesipiibu erip\u00e4raks on v\u00f5imalus seansi ajal konksu ja difuusorit h\u00f5lpsalt reguleerida.<\/p>\n<p><strong>Omadused:<\/strong><br \/>\nVesipiibu kaal: ~ 1,5 kg<br \/>\nMaterjal: roostevaba teras AISI 304<br \/>\nV\u00f5lli sisemus: roostevaba teras<br \/>\nL\u00e4bim\u00f5\u00f5t: 13mm<br \/>\nK\u00f5rgus: 64 cm<br \/>\nEemaldatav difuusor<br \/>\nMagnet\u00fchendus<br \/>\nP\u00e4ritoluriik: Venemaa<\/p>\n<p><strong>Varustus:<\/strong><br \/>\nV\u00f5ll, plaat, voolik, huulik, tihendid.<\/p>\n<p>Kas teil on k\u00fcsimusi? v\u00f5ta meiega \u00fchendust\u00a0<a href=\"https:\/\/hookahshop.lt\/et\/kontaktid\/\">kontaktide leht<\/a>\u00a0v\u00f5i saatke meile e-kiri aadressil\u00a0<a href=\"https:\/\/facebook.com\/HookahShop.lt\/\" target=\"_blank\" rel=\"noopener\">Facebooki konto<\/a>\u00a0ja vastame teie taotlusele samal p\u00e4eval.<\/p>","protected":false},"excerpt":{"rendered":"<p>Vesipiip KORESS K2 Scarlet Stiilne, kvaliteetsetest materjalidest eksklusiivse disainiga vesipiip. Vesipiibu erip\u00e4raks on v\u00f5imalus seansi ajal konksu ja difuusorit h\u00f5lpsalt reguleerida. Omadused: Vesipiibu kaal: ~ 1,5 kg Materjal: roostevaba teras AISI 304 Varre sisemine osa: roostevaba teras L\u00e4bim\u00f5\u00f5t: 13mm K\u00f5rgus: 64 cm Eemaldatav difuusor Magnet\u00fchendus P\u00e4ritoluriik: Venemaa Varustus: V\u00f5ll, [\u2026]<\/p>","protected":false},"featured_media":25173,"comment_status":"open","ping_status":"closed","template":"","meta":[],"_links":{"self":[{"href":"https:\/\/hookahshop.lt\/et\/wp-json\/wp\/v2\/product\/25172"}],"collection":[{"href":"https:\/\/hookahshop.lt\/et\/wp-json\/wp\/v2\/product"}],"about":[{"href":"https:\/\/hookahshop.lt\/et\/wp-json\/wp\/v2\/types\/product"}],"replies":[{"embeddable":true,"href":"https:\/\/hookahshop.lt\/et\/wp-json\/wp\/v2\/comments?post=25172"}],"version-history":[{"count":3,"href":"https:\/\/hookahshop.lt\/et\/wp-json\/wp\/v2\/product\/25172\/revisions"}],"predecessor-version":[{"id":35262,"href":"https:\/\/hookahshop.lt\/et\/wp-json\/wp\/v2\/product\/25172\/revisions\/35262"}],"wp:featuredmedia":[{"embeddable":true,"href":"https:\/\/hookahshop.lt\/et\/wp-json\/wp\/v2\/media\/25173"}],"wp:attachment":[{"href":"https:\/\/hookahshop.lt\/et\/wp-json\/wp\/v2\/media?parent=25172"}],"curies":[{"name":"wp","href":"https:\/\/api.w.org\/{rel}","templated":true}]}}