{"id":25194,"date":"2021-06-22T18:50:15","date_gmt":"2021-06-22T15:50:15","guid":{"rendered":"https:\/\/hookahshop.lt\/?post_type=product&#038;p=25194"},"modified":"2026-04-20T23:28:57","modified_gmt":"2026-04-20T20:28:57","slug":"kaljanas-koress-k3-seagreen","status":"publish","type":"product","link":"https:\/\/hookahshop.lt\/et\/toode\/vesipiip-koress-k3-seagreen\/","title":{"rendered":"Kaljanas KORESS K3 Seagreen"},"content":{"rendered":"<h2>Kaljanas KORESS K3 Seagreen<\/h2>\n<p>Kvaliteetsetest materjalidest valmistatud eksklusiivse disainiga stiilne vesipiip. Vesipiibu erip\u00e4raks on v\u00f5imalus seansi ajal konksu ja difuusorit h\u00f5lpsalt reguleerida.<\/p>\n<p><strong>Omadused:<\/strong><br \/>\nVesipiibu kaal: ~ 1,5 kg<br \/>\nMaterjal: roostevaba teras AISI 304<br \/>\nV\u00f5lli sisemus: roostevaba teras<br \/>\nEemaldatav difuusor<br \/>\nMagnet\u00fchendus<br \/>\nP\u00e4ritoluriik: Venemaa<\/p>\n<p><strong>Varustus:<\/strong><br \/>\nV\u00f5ll, plaat, voolik, huulik, tihendid.<\/p>\n<p>Kas teil on k\u00fcsimusi? v\u00f5ta meiega \u00fchendust\u00a0<a href=\"https:\/\/hookahshop.lt\/et\/kontaktid\/\">kontaktide leht<\/a>\u00a0v\u00f5i saatke meile e-kiri aadressil\u00a0<a href=\"https:\/\/facebook.com\/HookahShop.lt\/\" target=\"_blank\" rel=\"noopener\">Facebooki konto<\/a>\u00a0ja vastame teie taotlusele samal p\u00e4eval.<\/p>","protected":false},"excerpt":{"rendered":"<p>Vesipiip KORESS K3 Seagreen Kvaliteetsetest materjalidest valmistatud stiilne, eksklusiivse disainiga vesipiip. Vesipiibu erip\u00e4raks on v\u00f5imalus seansi ajal konksu ja difuusorit h\u00f5lpsalt reguleerida. Omadused: Vesipiibu kaal: ~ 1,5 kg Materjal: roostevaba teras AISI 304 Varre sisemine osa: roostevaba teras Eemaldatav difuusor Magnet\u00fchendus P\u00e4ritoluriik: Venemaa Varustus: V\u00f5ll, plaat, voolik, huulik, tihendid. Kas teil on k\u00fcsimusi? [\u2026]<\/p>","protected":false},"featured_media":25198,"comment_status":"open","ping_status":"closed","template":"","meta":[],"_links":{"self":[{"href":"https:\/\/hookahshop.lt\/et\/wp-json\/wp\/v2\/product\/25194"}],"collection":[{"href":"https:\/\/hookahshop.lt\/et\/wp-json\/wp\/v2\/product"}],"about":[{"href":"https:\/\/hookahshop.lt\/et\/wp-json\/wp\/v2\/types\/product"}],"replies":[{"embeddable":true,"href":"https:\/\/hookahshop.lt\/et\/wp-json\/wp\/v2\/comments?post=25194"}],"version-history":[{"count":3,"href":"https:\/\/hookahshop.lt\/et\/wp-json\/wp\/v2\/product\/25194\/revisions"}],"predecessor-version":[{"id":35266,"href":"https:\/\/hookahshop.lt\/et\/wp-json\/wp\/v2\/product\/25194\/revisions\/35266"}],"wp:featuredmedia":[{"embeddable":true,"href":"https:\/\/hookahshop.lt\/et\/wp-json\/wp\/v2\/media\/25198"}],"wp:attachment":[{"href":"https:\/\/hookahshop.lt\/et\/wp-json\/wp\/v2\/media?parent=25194"}],"curies":[{"name":"wp","href":"https:\/\/api.w.org\/{rel}","templated":true}]}}