{"id":25251,"date":"2021-06-23T15:27:11","date_gmt":"2021-06-23T12:27:11","guid":{"rendered":"https:\/\/hookahshop.lt\/?post_type=product&#038;p=25251"},"modified":"2026-04-15T12:28:53","modified_gmt":"2026-04-15T09:28:53","slug":"kaljanas-hoob-flex","status":"publish","type":"product","link":"https:\/\/hookahshop.lt\/et\/toode\/vesipiip-hoob-flex\/","title":{"rendered":"Vesipiibu HOOB Flex"},"content":{"rendered":"<h2>Vesipiibu HOOB Flex<\/h2>\n<p>Vesipiibu kujundati traditsioonilise vesipiibuna, mis on toodetud kaasaegsetel CNC-masinatel. Vesipiibu disain on kombinatsioon traditsioonilistest \u00fcmaratest kujunditest ja k\u00f5rgeima t\u00e4psusega kaasaegsetest 3D-joonistustehnikatest. Vesipiibud \u00fchendavad klassikaliste vesipiipude parimad omadused k\u00f5rgtehnoloogilise tootmise eelistega. See suitseb nagu traditsiooniline vesipiip, kuid samal ajal n\u00e4itab Hoob Flex, kuidas tehnoloogia saab kohandada difuusori ja magnetvooliku\u00fchendusi, et anda vesipiibule uus nauding ja mugavus. Suurep\u00e4rane \u00f5huvoolu ja suitsu eemaldamise s\u00fcsteem. Ei mingeid kahjulikke katteid ega aineid, mis v\u00f5iksid teid kahjustada. Hoolime teie tervisest ja keskkonnast, seega kasutame ainult puhtaid materjale ja ei kasuta v\u00e4rvi. Iga vesipiip l\u00e4bib enne kliendi juurde minekut kvaliteedikontrolli, et saaksime teile pakkuda turu k\u00f5rgeima kvaliteediga vesipiipu. Kolb ei kuulu komplekti.<\/p>\n<p><strong>Spetsifikatsioonid<\/strong>:<br \/>\nRoostevabast terasest mast anodeeritud alumiiniumiga.<br \/>\nL\u00e4biviigu masti-aluse \u00fchendus.<br \/>\nMagnetvooliku pistik.<br \/>\nK\u00f5rgus: 70 cm;<br \/>\nAlumine osa: \u00d813mm;<br \/>\nVooliku \u00fchendused: \u00d810mm;<br \/>\nPuhastusventiil.<br \/>\nRoostevabast terasest s\u00fcsiniku korpus.<br \/>\nValikuline reguleeritav difuusor.<\/p>\n<p><strong>Varustus:<\/strong><br \/>\nV\u00f5ll, plaat, voolik, huulik, tihendid.<\/p>\n<p>Kas teil on k\u00fcsimusi? v\u00f5ta meiega \u00fchendust\u00a0<a href=\"https:\/\/hookahshop.lt\/et\/kontaktid\/\">kontaktide leht<\/a>\u00a0v\u00f5i saatke meile e-kiri aadressil\u00a0<a href=\"https:\/\/facebook.com\/HookahShop.lt\/\" target=\"_blank\" rel=\"noopener noreferrer\">Facebooki konto<\/a>\u00a0ja vastame teie taotlusele samal p\u00e4eval.<\/p>","protected":false},"excerpt":{"rendered":"<p>Vesipiip HOOB Flex Vesipiip oli m\u00f5eldud traditsioonilise vesipiibuna, mis on toodetud kaasaegsetel CNC masinatel. Vesipiibu disain on kombinatsioon traditsioonilistest \u00fcmaratest kujunditest ja k\u00f5rgeima t\u00e4psusega kaasaegsetest 3D-joonistustehnikatest. Vesipiibud \u00fchendavad klassikaliste vesipiipude parimad omadused k\u00f5rgtehnoloogilise tootmise eelistega. Ta suitsetab nagu traditsiooniline vesipiip, kuid samal ajal n\u00e4itab Hoob Flex, kuidas tehnoloogia suudab [\u2026]<\/p>","protected":false},"featured_media":25252,"comment_status":"open","ping_status":"closed","template":"","meta":[],"_links":{"self":[{"href":"https:\/\/hookahshop.lt\/et\/wp-json\/wp\/v2\/product\/25251"}],"collection":[{"href":"https:\/\/hookahshop.lt\/et\/wp-json\/wp\/v2\/product"}],"about":[{"href":"https:\/\/hookahshop.lt\/et\/wp-json\/wp\/v2\/types\/product"}],"replies":[{"embeddable":true,"href":"https:\/\/hookahshop.lt\/et\/wp-json\/wp\/v2\/comments?post=25251"}],"version-history":[{"count":6,"href":"https:\/\/hookahshop.lt\/et\/wp-json\/wp\/v2\/product\/25251\/revisions"}],"predecessor-version":[{"id":42074,"href":"https:\/\/hookahshop.lt\/et\/wp-json\/wp\/v2\/product\/25251\/revisions\/42074"}],"wp:featuredmedia":[{"embeddable":true,"href":"https:\/\/hookahshop.lt\/et\/wp-json\/wp\/v2\/media\/25252"}],"wp:attachment":[{"href":"https:\/\/hookahshop.lt\/et\/wp-json\/wp\/v2\/media?parent=25251"}],"curies":[{"name":"wp","href":"https:\/\/api.w.org\/{rel}","templated":true}]}}