{"id":25262,"date":"2021-06-23T15:33:42","date_gmt":"2021-06-23T12:33:42","guid":{"rendered":"https:\/\/hookahshop.lt\/?post_type=product&#038;p=25262"},"modified":"2026-04-14T23:28:50","modified_gmt":"2026-04-14T20:28:50","slug":"kaljanas-hoob-rig","status":"publish","type":"product","link":"https:\/\/hookahshop.lt\/et\/toode\/vesipiip-hoob-rig\/","title":{"rendered":"Kaljanas HOOB Rig"},"content":{"rendered":"<h2>Kaljanas HOOB Rig<\/h2>\n<p>Vesipiibu kujundati traditsioonilise vesipiibuna, mis on toodetud kaasaegsetel CNC-masinatel.<br \/>\nHoob Rig disain on kombinatsioon traditsioonilistest \u00fcmaratest kujunditest ja k\u00f5rgeima t\u00e4psusega kaasaegsetest 3D-joonistustehnikatest. Vesipiibud \u00fchendavad klassikaliste vesipiipude parimad omadused k\u00f5rgtehnoloogilise tootmise eelistega.<br \/>\nSee suitseb nagu traditsiooniline vesipiip, kuid samal ajal n\u00e4itab Hoob Rig, kuidas tehnoloogia saab kohandada difuusori ja magnetvooliku\u00fchendusi, et anda vesipiibule uus nauding ja mugavus. Suurep\u00e4rane \u00f5huvoolu ja suitsu eemaldamise s\u00fcsteem.<br \/>\nEi mingeid kahjulikke katteid ega materjale, mis v\u00f5iksid teid kahjustada. Hoolime teie tervisest ja keskkonnast, seet\u00f5ttu kasutame ainult puhtaid materjale ja ei kasuta v\u00e4rvi.<br \/>\nKolb ei kuulu komplekti.<\/p>\n<p><strong>Spetsifikatsioonid<\/strong>:<br \/>\nRoostevabast terasest mast anodeeritud alumiiniumiga.<br \/>\nL\u00e4biviigu masti-aluse \u00fchendus.<br \/>\nMagnetvooliku port.<br \/>\nK\u00f5rgus: 70 cm;<br \/>\nAlumine osa: \u00d813mm;<br \/>\nVooliku \u00fchendused: \u00d810mm;<br \/>\nPuhastusventiil.<br \/>\nRoostevabast terasest s\u00fcsiniku korpus.<br \/>\nValikuline reguleeritav difuusor.<\/p>\n<p><strong>Varustus:<\/strong><br \/>\nV\u00f5ll, plaat, voolik, huulik, tihendid.<\/p>\n<p>Kas teil on k\u00fcsimusi? v\u00f5ta meiega \u00fchendust\u00a0<a href=\"https:\/\/hookahshop.lt\/et\/kontaktid\/\">kontaktide leht<\/a>\u00a0v\u00f5i saatke meile e-kiri aadressil\u00a0<a href=\"https:\/\/facebook.com\/HookahShop.lt\/\" target=\"_blank\" rel=\"noopener noreferrer\">Facebooki konto<\/a>\u00a0ja vastame teie taotlusele samal p\u00e4eval.<\/p>","protected":false},"excerpt":{"rendered":"<p>Vesipiibu HOOB Rig Vesipiibu kujundati traditsioonilise vesipiibuna, mis on toodetud kaasaegsetel CNC-masinatel. Hoob Rig disain on kombinatsioon traditsioonilistest \u00fcmaratest kujunditest ja k\u00f5rgeima t\u00e4psusega kaasaegsetest 3D-joonistustehnikatest. Vesipiibud \u00fchendavad klassikaliste vesipiipude parimad omadused k\u00f5rgtehnoloogilise tootmise eelistega. Ta suitsetab nagu traditsiooniline vesipiip, kuid samal ajal n\u00e4itab Hoob Rig, kuidas tehnoloogia [\u2026]<\/p>","protected":false},"featured_media":25267,"comment_status":"open","ping_status":"closed","template":"","meta":[],"_links":{"self":[{"href":"https:\/\/hookahshop.lt\/et\/wp-json\/wp\/v2\/product\/25262"}],"collection":[{"href":"https:\/\/hookahshop.lt\/et\/wp-json\/wp\/v2\/product"}],"about":[{"href":"https:\/\/hookahshop.lt\/et\/wp-json\/wp\/v2\/types\/product"}],"replies":[{"embeddable":true,"href":"https:\/\/hookahshop.lt\/et\/wp-json\/wp\/v2\/comments?post=25262"}],"version-history":[{"count":5,"href":"https:\/\/hookahshop.lt\/et\/wp-json\/wp\/v2\/product\/25262\/revisions"}],"predecessor-version":[{"id":42088,"href":"https:\/\/hookahshop.lt\/et\/wp-json\/wp\/v2\/product\/25262\/revisions\/42088"}],"wp:featuredmedia":[{"embeddable":true,"href":"https:\/\/hookahshop.lt\/et\/wp-json\/wp\/v2\/media\/25267"}],"wp:attachment":[{"href":"https:\/\/hookahshop.lt\/et\/wp-json\/wp\/v2\/media?parent=25262"}],"curies":[{"name":"wp","href":"https:\/\/api.w.org\/{rel}","templated":true}]}}