{"id":25272,"date":"2021-06-23T15:46:32","date_gmt":"2021-06-23T12:46:32","guid":{"rendered":"https:\/\/hookahshop.lt\/?post_type=product&#038;p=25272"},"modified":"2026-04-22T23:28:59","modified_gmt":"2026-04-22T20:28:59","slug":"kaljanas-hoob-mars-black","status":"publish","type":"product","link":"https:\/\/hookahshop.lt\/et\/toode\/vesipiip-hoob-mars-black\/","title":{"rendered":"Vesipiip HOOB Mars Must"},"content":{"rendered":"<h2>Vesipiip HOOB Mars Must<\/h2>\n<p>See vesipiip on suurep\u00e4rane valik, kui olete alles hakanud huvi tundma vesipiibu kunsti ja kultuuri vastu.<\/p>\n<p>Kasutamata plastik<br \/>\nS\u00fcsinikviimistlus<br \/>\nValikuliselt reguleeritav \u00f5huvool<br \/>\nMagnetvooliku pistik<br \/>\nMugav ja lihtne kasutada<\/p>\n<p><strong>Varustus:<\/strong><br \/>\nV\u00f5lli<br \/>\nPlaat<br \/>\nSoolestik<br \/>\nHuulik<\/p>\n<p><img decoding=\"async\" loading=\"lazy\" class=\"alignnone size-medium wp-image-38521\" src=\"https:\/\/hookahshop.lt\/wp-content\/uploads\/2020\/09\/stiebas-zarna-kandiklis-1-300x273.jpg\" alt=\"- hookahshop.lt\" width=\"300\" height=\"273\" srcset=\"https:\/\/hookahshop.lt\/wp-content\/uploads\/2020\/09\/stiebas-zarna-kandiklis-1-300x273.jpg 300w, https:\/\/hookahshop.lt\/wp-content\/uploads\/2020\/09\/stiebas-zarna-kandiklis-1-13x12.jpg 13w, https:\/\/hookahshop.lt\/wp-content\/uploads\/2020\/09\/stiebas-zarna-kandiklis-1-64x58.jpg 64w, https:\/\/hookahshop.lt\/wp-content\/uploads\/2020\/09\/stiebas-zarna-kandiklis-1.jpg 420w\" sizes=\"(max-width: 300px) 100vw, 300px\" title=\"\"><\/p>\n<p>Kas teil on k\u00fcsimusi? v\u00f5ta meiega \u00fchendust\u00a0<a href=\"https:\/\/hookahshop.lt\/et\/kontaktid\/\">kontaktide leht<\/a>\u00a0v\u00f5i saatke meile e-kiri aadressil\u00a0<a href=\"https:\/\/facebook.com\/HookahShop.lt\/\" target=\"_blank\" rel=\"noopener noreferrer\">Facebooki konto<\/a>\u00a0ja vastame teie taotlusele samal p\u00e4eval.<\/p>","protected":false},"excerpt":{"rendered":"<p>Vesipiip HOOB Mars Black See vesipiip on suurep\u00e4rane valik, kui alles hakkad huvituma vesipiibu kunstist ja kultuurist. Plastikuvaba S\u00fcsinikviimistlus Valikuliselt reguleeritav \u00f5huvool Magnetiline vooliku\u00fchendus Mugav ja lihtne kasutada Pakendis on: V\u00f5lliplaat Vooliku suuotsik Kas teil on k\u00fcsimusi? V\u00f5tke meiega \u00fchendust kontaktide lehel v\u00f5i kirjutage meile Facebookis ja me vastame teie p\u00e4ringule samal p\u00e4eval.<\/p>","protected":false},"featured_media":25274,"comment_status":"open","ping_status":"closed","template":"","meta":[],"_links":{"self":[{"href":"https:\/\/hookahshop.lt\/et\/wp-json\/wp\/v2\/product\/25272"}],"collection":[{"href":"https:\/\/hookahshop.lt\/et\/wp-json\/wp\/v2\/product"}],"about":[{"href":"https:\/\/hookahshop.lt\/et\/wp-json\/wp\/v2\/types\/product"}],"replies":[{"embeddable":true,"href":"https:\/\/hookahshop.lt\/et\/wp-json\/wp\/v2\/comments?post=25272"}],"version-history":[{"count":6,"href":"https:\/\/hookahshop.lt\/et\/wp-json\/wp\/v2\/product\/25272\/revisions"}],"predecessor-version":[{"id":42326,"href":"https:\/\/hookahshop.lt\/et\/wp-json\/wp\/v2\/product\/25272\/revisions\/42326"}],"wp:featuredmedia":[{"embeddable":true,"href":"https:\/\/hookahshop.lt\/et\/wp-json\/wp\/v2\/media\/25274"}],"wp:attachment":[{"href":"https:\/\/hookahshop.lt\/et\/wp-json\/wp\/v2\/media?parent=25272"}],"curies":[{"name":"wp","href":"https:\/\/api.w.org\/{rel}","templated":true}]}}