{"id":25281,"date":"2021-06-23T15:49:48","date_gmt":"2021-06-23T12:49:48","guid":{"rendered":"https:\/\/hookahshop.lt\/?post_type=product&#038;p=25281"},"modified":"2026-04-14T23:28:50","modified_gmt":"2026-04-14T20:28:50","slug":"kaljanas-hoob-mars-gold","status":"publish","type":"product","link":"https:\/\/hookahshop.lt\/et\/toode\/vesipiip-hoob-mars-gold\/","title":{"rendered":"Vesipiibu HOOB Marsi kuld"},"content":{"rendered":"<h2>Vesipiibu HOOB Marsi kuld<\/h2>\n<p>Hoob Mars on suurep\u00e4rane valik, kui olete alles hakanud huvi tundma prouakunsti ja -kultuuri vastu.<\/p>\n<p>Kasutamata plastik<br \/>\nS\u00fcsinikviimistlus<br \/>\nValikuliselt reguleeritav \u00f5huvool<br \/>\nMagnetvooliku pistik<br \/>\nMugav ja lihtne kasutada<\/p>\n<p><strong>Varustus:<\/strong><br \/>\nV\u00f5lli<br \/>\nHuulik<br \/>\nSoolestik<br \/>\nPlaat<br \/>\nKolb ei kuulu komplekti<\/p>\n<p>Kas teil on k\u00fcsimusi? v\u00f5ta meiega \u00fchendust\u00a0<a href=\"https:\/\/hookahshop.lt\/et\/kontaktid\/\">kontaktide leht<\/a>\u00a0v\u00f5i saatke meile e-kiri aadressil\u00a0<a href=\"https:\/\/facebook.com\/HookahShop.lt\/\" target=\"_blank\" rel=\"noopener noreferrer\">Facebooki konto<\/a>\u00a0ja vastame teie taotlusele samal p\u00e4eval.<\/p>","protected":false},"excerpt":{"rendered":"<p>Vesipiibu HOOB Mars Gold Hoob Mars on suurep\u00e4rane valik, kui olete alles hakanud huvi tundma vesipiibu kunsti ja kultuuri vastu. Kasutamata plastikust S\u00fcsinikviimistlus Valikuline \u00f5huvool Magnetvooliku \u00fchendus Mugav ja lihtne kasutada Ulatus: v\u00f5lli suuosa Voolikuplaat Ei kuulu komplekti K\u00fcsimused? V\u00f5tke meiega \u00fchendust kontaktide lehel v\u00f5i kirjutage meile oma Facebooki kontole ja me vastame teie soovile [\u2026]<\/p>","protected":false},"featured_media":25283,"comment_status":"open","ping_status":"closed","template":"","meta":[],"_links":{"self":[{"href":"https:\/\/hookahshop.lt\/et\/wp-json\/wp\/v2\/product\/25281"}],"collection":[{"href":"https:\/\/hookahshop.lt\/et\/wp-json\/wp\/v2\/product"}],"about":[{"href":"https:\/\/hookahshop.lt\/et\/wp-json\/wp\/v2\/types\/product"}],"replies":[{"embeddable":true,"href":"https:\/\/hookahshop.lt\/et\/wp-json\/wp\/v2\/comments?post=25281"}],"version-history":[{"count":3,"href":"https:\/\/hookahshop.lt\/et\/wp-json\/wp\/v2\/product\/25281\/revisions"}],"predecessor-version":[{"id":26976,"href":"https:\/\/hookahshop.lt\/et\/wp-json\/wp\/v2\/product\/25281\/revisions\/26976"}],"wp:featuredmedia":[{"embeddable":true,"href":"https:\/\/hookahshop.lt\/et\/wp-json\/wp\/v2\/media\/25283"}],"wp:attachment":[{"href":"https:\/\/hookahshop.lt\/et\/wp-json\/wp\/v2\/media?parent=25281"}],"curies":[{"name":"wp","href":"https:\/\/api.w.org\/{rel}","templated":true}]}}