{"id":25317,"date":"2021-06-23T16:21:48","date_gmt":"2021-06-23T13:21:48","guid":{"rendered":"https:\/\/hookahshop.lt\/?post_type=product&#038;p=25317"},"modified":"2026-04-14T23:28:49","modified_gmt":"2026-04-14T20:28:49","slug":"kaljanas-hoob-cyber-p30","status":"publish","type":"product","link":"https:\/\/hookahshop.lt\/et\/toode\/vesipiip-hoob-cyber-p30\/","title":{"rendered":"Vesipiibu HOOB Cyber P30"},"content":{"rendered":"<h2>Vesipiibu HOOB Cyber P30<\/h2>\n<p>Vesipiibud \u00fchendavad klassikaliste vesipiipude parimad omadused k\u00f5rgtehnoloogilise tootmise eelistega.<br \/>\nB30 - t\u00e4ht B t\u00e4hendab\u00a0<em>lilla<\/em> - lilla ja number on vesipiibu k\u00f5rgus sentimeetrites.<br \/>\nSee suitseb nagu traditsiooniline vesipiip, kuid samal ajal n\u00e4itab Hoob Cyber P30, kuidas tehnoloogia saab kohandada difuusori ja magnetvooliku\u00fchendusi, et anda vesipiibule uus nauding ja mugavus. Suurep\u00e4rane \u00f5huvoolu ja suitsu eemaldamise s\u00fcsteem.<br \/>\nEi mingeid kahjulikke katteid ega materjale, mis v\u00f5iksid teid kahjustada. Hoolime teie tervisest ja keskkonnast, seet\u00f5ttu kasutame ainult puhtaid materjale ja ei kasuta v\u00e4rvi.<br \/>\nIga vesipiip l\u00e4bib enne kliendi juurde minekut kvaliteedikontrolli, nii et saame pakkuda Sulle turu k\u00f5rgeima kvaliteediga vesipiipu.<\/p>\n<p><strong>Spetsifikatsioonid<\/strong>:<br \/>\nRoostevabast terasest mast anodeeritud alumiiniumiga.<br \/>\nL\u00e4biviigu masti-aluse \u00fchendus.<br \/>\nMagnetvooliku port.<br \/>\nK\u00f5rgus: 30 cm;<br \/>\nAlumine osa: \u00d815mm;<br \/>\nVooliku \u00fchendused: \u00d810mm;<br \/>\nPuhastusventiil.<br \/>\nRoostevabast terasest s\u00fcsiniku korpus.<br \/>\nValikuline reguleeritav difuusor.<\/p>\n<p><strong>Varustus:<\/strong><br \/>\nV\u00f5ll, plaat, voolik, huulik, tihendid.<\/p>\n<p>Kas teil on k\u00fcsimusi? v\u00f5ta meiega \u00fchendust\u00a0<a href=\"https:\/\/hookahshop.lt\/et\/kontaktid\/\">kontaktide leht<\/a>\u00a0v\u00f5i saatke meile e-kiri aadressil\u00a0<a href=\"https:\/\/facebook.com\/HookahShop.lt\/\" target=\"_blank\" rel=\"noopener noreferrer\">Facebooki konto<\/a>\u00a0ja vastame teie taotlusele samal p\u00e4eval.<\/p>","protected":false},"excerpt":{"rendered":"<p>Vesipiibud HOOB Cyber P30 Hoob vesipiibud \u00fchendavad klassikaliste vesipiipude parimad omadused k\u00f5rgtehnoloogilise tootmise eelistega. B30 \u2013 t\u00e4ht B t\u00e4histab lillat \u2013 ja number on vesipiibu k\u00f5rgus sentimeetrites. See suitseb nagu traditsiooniline vesipiip, kuid samal ajal n\u00e4itab Hoob Cyber P30, kuidas tehnoloogia saab kohandada difuusori ja magnetvooliku \u00fchendusi, et anda vesipiibule uus [\u2026]<\/p>","protected":false},"featured_media":25318,"comment_status":"open","ping_status":"closed","template":"","meta":[],"_links":{"self":[{"href":"https:\/\/hookahshop.lt\/et\/wp-json\/wp\/v2\/product\/25317"}],"collection":[{"href":"https:\/\/hookahshop.lt\/et\/wp-json\/wp\/v2\/product"}],"about":[{"href":"https:\/\/hookahshop.lt\/et\/wp-json\/wp\/v2\/types\/product"}],"replies":[{"embeddable":true,"href":"https:\/\/hookahshop.lt\/et\/wp-json\/wp\/v2\/comments?post=25317"}],"version-history":[{"count":3,"href":"https:\/\/hookahshop.lt\/et\/wp-json\/wp\/v2\/product\/25317\/revisions"}],"predecessor-version":[{"id":42077,"href":"https:\/\/hookahshop.lt\/et\/wp-json\/wp\/v2\/product\/25317\/revisions\/42077"}],"wp:featuredmedia":[{"embeddable":true,"href":"https:\/\/hookahshop.lt\/et\/wp-json\/wp\/v2\/media\/25318"}],"wp:attachment":[{"href":"https:\/\/hookahshop.lt\/et\/wp-json\/wp\/v2\/media?parent=25317"}],"curies":[{"name":"wp","href":"https:\/\/api.w.org\/{rel}","templated":true}]}}