{"id":25321,"date":"2021-06-23T16:39:22","date_gmt":"2021-06-23T13:39:22","guid":{"rendered":"https:\/\/hookahshop.lt\/?post_type=product&#038;p=25321"},"modified":"2026-04-16T23:28:57","modified_gmt":"2026-04-16T20:28:57","slug":"hoob-hookah-mars-mini","status":"publish","type":"product","link":"https:\/\/hookahshop.lt\/et\/toode\/vesipiip-hoob-hookah-mars-mini\/","title":{"rendered":"Vesipiip HOOB Vesipiip Mars Mini"},"content":{"rendered":"<h2>HOOB Vesipiip Mars Mini<\/h2>\n<p>Vesipiibu kujundati traditsioonilise vesipiibuna, mis on toodetud kaasaegsetel CNC-masinatel.<br \/>\nHoob Hookah Mars Mini disain on kombinatsioon traditsioonilistest \u00fcmaratest kujunditest ja k\u00f5ige t\u00e4psematest kaasaegsetest 3D-jooniste inseneritehnikatest. Vesipiibud \u00fchendavad klassikaliste vesipiipude parimad omadused k\u00f5rgtehnoloogilise tootmise eelistega.<br \/>\nSee suitseb nagu traditsiooniline vesipiip, kuid samal ajal n\u00e4itab Hoob Hookah Mars Mini, kuidas tehnoloogia saab kohandada difuusori ja magnetvooliku\u00fchendusi, et anda vesipiibule uus nauding ja mugavus. Suurep\u00e4rane \u00f5huvoolu ja suitsu eemaldamise s\u00fcsteem.<br \/>\nEi mingeid kahjulikke katteid ega materjale, mis v\u00f5iksid teid kahjustada. Hoolime teie tervisest ja keskkonnast, seet\u00f5ttu kasutame ainult puhtaid materjale ja ei kasuta v\u00e4rvi.<br \/>\nIga vesipiip l\u00e4bib enne kliendi juurde minekut kvaliteedikontrolli, nii et saame pakkuda Sulle turu k\u00f5rgeima kvaliteediga vesipiipu.<\/p>\n<p><strong>Spetsifikatsioonid:<\/strong><br \/>\nL\u00e4biviigu masti-aluse \u00fchendus.<br \/>\nMagnetvooliku port.<br \/>\nK\u00f5rgus: 48 cm;<br \/>\nAlumine osa: \u00d813mm;<br \/>\nVooliku \u00fchendused: \u00d810mm;<br \/>\nPuhastusventiil.<br \/>\nRoostevabast terasest s\u00fcsiniku korpus.<br \/>\nValikuline reguleeritav difuusor.<\/p>\n<p><strong>Varustus:<\/strong><br \/>\nV\u00f5ll, kolb, plaat, voolik, huulik, tihendid.<\/p>\n<p>Kas teil on k\u00fcsimusi? v\u00f5ta meiega \u00fchendust\u00a0<a href=\"https:\/\/hookahshop.lt\/et\/kontaktid\/\">kontaktide leht<\/a>\u00a0v\u00f5i saatke meile e-kiri aadressil\u00a0<a href=\"https:\/\/facebook.com\/HookahShop.lt\/\" target=\"_blank\" rel=\"noopener noreferrer\">Facebooki konto<\/a>\u00a0ja vastame teie taotlusele samal p\u00e4eval.<\/p>","protected":false},"excerpt":{"rendered":"<p>HOOB Hookah Mars Mini Hookah oli m\u00f5eldud traditsiooniliseks vesipiibuks, mis on toodetud kaasaegsetel CNC masinatel. Hoob Hookah Mars Mini disain on kombinatsioon traditsioonilistest \u00fcmaratest kujunditest ja \u00fclima t\u00e4psusega kaasaegsetest 3D-jooniste inseneritehnikatest. Vesipiibud \u00fchendavad klassikaliste vesipiipude parimad omadused k\u00f5rgtehnoloogilise tootmise eelistega. Ta suitsetas nagu traditsiooniline vesipiip, kuid samal ajal Hoob Hookah [\u2026]<\/p>","protected":false},"featured_media":25322,"comment_status":"open","ping_status":"closed","template":"","meta":[],"_links":{"self":[{"href":"https:\/\/hookahshop.lt\/et\/wp-json\/wp\/v2\/product\/25321"}],"collection":[{"href":"https:\/\/hookahshop.lt\/et\/wp-json\/wp\/v2\/product"}],"about":[{"href":"https:\/\/hookahshop.lt\/et\/wp-json\/wp\/v2\/types\/product"}],"replies":[{"embeddable":true,"href":"https:\/\/hookahshop.lt\/et\/wp-json\/wp\/v2\/comments?post=25321"}],"version-history":[{"count":7,"href":"https:\/\/hookahshop.lt\/et\/wp-json\/wp\/v2\/product\/25321\/revisions"}],"predecessor-version":[{"id":42084,"href":"https:\/\/hookahshop.lt\/et\/wp-json\/wp\/v2\/product\/25321\/revisions\/42084"}],"wp:featuredmedia":[{"embeddable":true,"href":"https:\/\/hookahshop.lt\/et\/wp-json\/wp\/v2\/media\/25322"}],"wp:attachment":[{"href":"https:\/\/hookahshop.lt\/et\/wp-json\/wp\/v2\/media?parent=25321"}],"curies":[{"name":"wp","href":"https:\/\/api.w.org\/{rel}","templated":true}]}}