{"id":25378,"date":"2021-06-24T20:33:02","date_gmt":"2021-06-24T17:33:02","guid":{"rendered":"https:\/\/hookahshop.lt\/?post_type=product&#038;p=25378"},"modified":"2026-04-17T16:33:00","modified_gmt":"2026-04-17T13:33:00","slug":"kaljanas-koress-k1t-sunglow","status":"publish","type":"product","link":"https:\/\/hookahshop.lt\/et\/toode\/vesipiip-koress-k1t-sunglow\/","title":{"rendered":"Vesipiip KORESS K1T Sunglow"},"content":{"rendered":"<h2>Vesipiip KORESS K1T Sunglow<\/h2>\n<p>Kvaliteetsetest materjalidest valmistatud eksklusiivse disainiga stiilne vesipiip. Vesipiibu erip\u00e4raks on v\u00f5imalus seansi ajal konksu ja difuusorit h\u00f5lpsalt reguleerida.<\/p>\n<p><strong>Omadused:<\/strong><br \/>\nVesipiibu kaal: ~ 1,5 kg<br \/>\nMaterjal: roostevaba teras AISI 304<br \/>\nV\u00f5lli sisemus: roostevaba teras<br \/>\nL\u00e4bim\u00f5\u00f5t: 13mm<br \/>\nK\u00f5rgus: 64 cm<br \/>\nEemaldatav difuusor<br \/>\nMagnet\u00fchendus<br \/>\nP\u00e4ritoluriik: Venemaa<\/p>\n<p><strong>Varustus:<\/strong><br \/>\nV\u00f5ll, plaat, voolik, huulik, tihendid.<\/p>\n<p><span style=\"font-weight: 400\">Kas teil on k\u00fcsimusi? v\u00f5ta meiega \u00fchendust <\/span><a href=\"https:\/\/hookahshop.lt\/et\/kontaktid\/\"><span style=\"font-weight: 400\">kontaktide leht<\/span><\/a><span style=\"font-weight: 400\"> v\u00f5i saatke meile e-kiri aadressil <\/span><a href=\"https:\/\/facebook.com\/HookahShop.lt\/\" target=\"_blank\" rel=\"noopener\"><span style=\"font-weight: 400\">Facebooki konto<\/span><\/a><span style=\"font-weight: 400\"> ja vastame teie taotlusele samal p\u00e4eval.<\/span><\/p>\n<p>&nbsp;<\/p>","protected":false},"excerpt":{"rendered":"<p>Vesipiip KORESS K1T Sunglow Kvaliteetsetest materjalidest valmistatud stiilne, eksklusiivse disainiga vesipiip. Vesipiibu erip\u00e4raks on v\u00f5imalus seansi ajal konksu ja difuusorit h\u00f5lpsalt reguleerida. Omadused: Vesipiibu kaal: ~ 1,5 kg Materjal: roostevaba teras AISI 304 Varre sisemine osa: roostevaba teras L\u00e4bim\u00f5\u00f5t: 13mm K\u00f5rgus: 64 cm Eemaldatav difuusor Magnet\u00fchendus P\u00e4ritoluriik: Venemaa Varustus: V\u00f5ll, [\u2026]<\/p>","protected":false},"featured_media":27555,"comment_status":"open","ping_status":"closed","template":"","meta":[],"_links":{"self":[{"href":"https:\/\/hookahshop.lt\/et\/wp-json\/wp\/v2\/product\/25378"}],"collection":[{"href":"https:\/\/hookahshop.lt\/et\/wp-json\/wp\/v2\/product"}],"about":[{"href":"https:\/\/hookahshop.lt\/et\/wp-json\/wp\/v2\/types\/product"}],"replies":[{"embeddable":true,"href":"https:\/\/hookahshop.lt\/et\/wp-json\/wp\/v2\/comments?post=25378"}],"version-history":[{"count":5,"href":"https:\/\/hookahshop.lt\/et\/wp-json\/wp\/v2\/product\/25378\/revisions"}],"predecessor-version":[{"id":41929,"href":"https:\/\/hookahshop.lt\/et\/wp-json\/wp\/v2\/product\/25378\/revisions\/41929"}],"wp:featuredmedia":[{"embeddable":true,"href":"https:\/\/hookahshop.lt\/et\/wp-json\/wp\/v2\/media\/27555"}],"wp:attachment":[{"href":"https:\/\/hookahshop.lt\/et\/wp-json\/wp\/v2\/media?parent=25378"}],"curies":[{"name":"wp","href":"https:\/\/api.w.org\/{rel}","templated":true}]}}