{"id":25408,"date":"2021-06-25T22:01:22","date_gmt":"2021-06-25T19:01:22","guid":{"rendered":"https:\/\/hookahshop.lt\/?post_type=product&#038;p=25408"},"modified":"2026-04-16T10:20:45","modified_gmt":"2026-04-16T07:20:45","slug":"anglys-kaljanui-shaman-25mm-1kg-new","status":"publish","type":"product","link":"https:\/\/hookahshop.lt\/et\/toode\/susi-vesipiibule-samaan-25mm-1kg-uus\/","title":{"rendered":"S\u00fcsi vesipiibule SHAMAN 25mm 1kg Uus"},"content":{"rendered":"<h2 class=\"product_title entry-title elementor-heading-title elementor-size-default\">S\u00fcsi vesipiibule SHAMAN 25mm 1kg<\/h2>\n<p>SHAMAN s\u00f6ed on valmistatud looduslikust kookoskoorest.<br \/>\n\u00dche s\u00fcsiniku m\u00f5\u00f5dud: 25x25x25mm.<br \/>\nKarbis on 72 s\u00fcsinikku.<br \/>\nS\u00f6ed hoiavad soojust kaua.<br \/>\nV\u00e4hem tuhka.<br \/>\nL\u00f5hnatu.<br \/>\nS\u00f6e p\u00f5letamiseks vajate vesipiibu, turistide gaasipliidi vms jaoks elektrilist pliiti.<br \/>\nP\u00e4ritoluriik: Indoneesia<\/p>\n<p>Kas teil on k\u00fcsimusi? v\u00f5ta meiega \u00fchendust <a href=\"https:\/\/hookahshop.lt\/et\/kontaktid\/\">kontaktide leht<\/a> v\u00f5i saatke meile e-kiri aadressil <a href=\"https:\/\/facebook.com\/HookahShop.lt\/\" target=\"_blank\" rel=\"noopener noreferrer\">Facebooki konto<\/a> ja vastame teie taotlusele samal p\u00e4eval.<\/p>","protected":false},"excerpt":{"rendered":"<p>S\u00fcsi vesipiibu jaoks SHAMAN 25mm 1kg SHAMAN s\u00fcsi on valmistatud looduslikust kookoskoorest. \u00dche s\u00fcsiniku m\u00f5\u00f5dud: 25x25x25mm. Karbis on 72 s\u00fcsinikku. S\u00f6ed hoiavad soojust kaua. V\u00e4hem tuhka. L\u00f5hnatu. S\u00f6e p\u00f5letamiseks on vaja elektripliiti vesipiibu jaoks, turistigaasi pliiti jne. P\u00e4ritoluriik: Indoneesia Kas teil on k\u00fcsimusi? V\u00f5tke meiega \u00fchendust kontaktide lehel v\u00f5i kirjutage meile oma Facebooki kontol ja [\u2026]<\/p>","protected":false},"featured_media":25463,"comment_status":"open","ping_status":"closed","template":"","meta":[],"_links":{"self":[{"href":"https:\/\/hookahshop.lt\/et\/wp-json\/wp\/v2\/product\/25408"}],"collection":[{"href":"https:\/\/hookahshop.lt\/et\/wp-json\/wp\/v2\/product"}],"about":[{"href":"https:\/\/hookahshop.lt\/et\/wp-json\/wp\/v2\/types\/product"}],"replies":[{"embeddable":true,"href":"https:\/\/hookahshop.lt\/et\/wp-json\/wp\/v2\/comments?post=25408"}],"version-history":[{"count":6,"href":"https:\/\/hookahshop.lt\/et\/wp-json\/wp\/v2\/product\/25408\/revisions"}],"predecessor-version":[{"id":37821,"href":"https:\/\/hookahshop.lt\/et\/wp-json\/wp\/v2\/product\/25408\/revisions\/37821"}],"wp:featuredmedia":[{"embeddable":true,"href":"https:\/\/hookahshop.lt\/et\/wp-json\/wp\/v2\/media\/25463"}],"wp:attachment":[{"href":"https:\/\/hookahshop.lt\/et\/wp-json\/wp\/v2\/media?parent=25408"}],"curies":[{"name":"wp","href":"https:\/\/api.w.org\/{rel}","templated":true}]}}