{"id":25413,"date":"2021-06-25T22:07:41","date_gmt":"2021-06-25T19:07:41","guid":{"rendered":"https:\/\/hookahshop.lt\/?post_type=product&#038;p=25413"},"modified":"2026-04-16T23:28:51","modified_gmt":"2026-04-16T20:28:51","slug":"kaljanas-amy-deluxe-amy073-02-blue","status":"publish","type":"product","link":"https:\/\/hookahshop.lt\/et\/toode\/vesipiip-amy-deluxe-amy073-02-blue\/","title":{"rendered":"Vesipiip AMY DELUXE AMY073.02 Sinine"},"content":{"rendered":"<h2>Vesipiip AMY DELUXE AMY073.02 Sinine<\/h2>\n<p>Tegemist on alumiiniumist valmistatud eksklusiivse disainiga vesipiibuga.<\/p>\n<p><strong>Komplekt sisaldab:<\/strong><br \/>\nVesipiip<br \/>\nKolb<br \/>\nHuulik<br \/>\nKarikas<br \/>\nVoolik (silikoon)<br \/>\nVoolikuhoidja<br \/>\nTangid<br \/>\nKorsten<\/p>\n<p><strong>Spetsifikatsioon:<\/strong><br \/>\nVesipiibu k\u00f5rgus koos kolbiga: umbes 58 cm<br \/>\nMaterjal: alumiinium<br \/>\n\u00dchenduse t\u00fc\u00fcp: kl\u00f5psake nuppu<br \/>\nV\u00e4rv: sinine<br \/>\nHajuti: pole saadaval<br \/>\nP\u00e4ritoluriik: Saksamaa<\/p>\n<p>Kas teil on k\u00fcsimusi? v\u00f5ta meiega \u00fchendust\u00a0<a href=\"https:\/\/hookahshop.lt\/et\/kontaktid\/\">kontaktide leht<\/a>\u00a0v\u00f5i saatke meile e-kiri aadressil\u00a0<a href=\"https:\/\/facebook.com\/HookahShop.lt\/\" target=\"_blank\" rel=\"noopener noreferrer\">Facebooki konto<\/a>\u00a0ja vastame teie taotlusele samal p\u00e4eval.<\/p>","protected":false},"excerpt":{"rendered":"<p>Vesipiip AMY DELUXE AMY073.02 Sinine See on alumiiniumist valmistatud eksklusiivse disainiga vesipiip. Komplekti kuulub: Konksuhoidja Kruusitopsi voolik (silikoon) Voolikuhoidja Tangid Korsten Spetsifikatsioon: Konksu k\u00f5rgus koos kolbiga: umbes 58cm Materjal: alumiinium \u00dchenduse t\u00fc\u00fcp: Klikk V\u00e4rvus: Sinine Hajuti: Ei P\u00e4ritoluriik: Saksamaa K\u00fcsimused? V\u00f5tke meiega \u00fchendust kontaktide lehel v\u00f5i kirjutage meile oma Facebooki kontol ja me vastame [\u2026]<\/p>","protected":false},"featured_media":25415,"comment_status":"open","ping_status":"closed","template":"","meta":[],"_links":{"self":[{"href":"https:\/\/hookahshop.lt\/et\/wp-json\/wp\/v2\/product\/25413"}],"collection":[{"href":"https:\/\/hookahshop.lt\/et\/wp-json\/wp\/v2\/product"}],"about":[{"href":"https:\/\/hookahshop.lt\/et\/wp-json\/wp\/v2\/types\/product"}],"replies":[{"embeddable":true,"href":"https:\/\/hookahshop.lt\/et\/wp-json\/wp\/v2\/comments?post=25413"}],"version-history":[{"count":5,"href":"https:\/\/hookahshop.lt\/et\/wp-json\/wp\/v2\/product\/25413\/revisions"}],"predecessor-version":[{"id":25876,"href":"https:\/\/hookahshop.lt\/et\/wp-json\/wp\/v2\/product\/25413\/revisions\/25876"}],"wp:featuredmedia":[{"embeddable":true,"href":"https:\/\/hookahshop.lt\/et\/wp-json\/wp\/v2\/media\/25415"}],"wp:attachment":[{"href":"https:\/\/hookahshop.lt\/et\/wp-json\/wp\/v2\/media?parent=25413"}],"curies":[{"name":"wp","href":"https:\/\/api.w.org\/{rel}","templated":true}]}}