{"id":25423,"date":"2021-06-25T22:22:05","date_gmt":"2021-06-25T19:22:05","guid":{"rendered":"https:\/\/hookahshop.lt\/?post_type=product&#038;p=25423"},"modified":"2026-04-09T12:29:01","modified_gmt":"2026-04-09T09:29:01","slug":"zarna-silikonine-hoob-black","status":"publish","type":"product","link":"https:\/\/hookahshop.lt\/et\/toode\/silikoonvoolik-hoob-black\/","title":{"rendered":"Silikoonvoolik HOOB Must"},"content":{"rendered":"<h2>Silikoonvoolik HOOB Must<\/h2>\n<p>Valmistatud meditsiinilisest silikoonist antistaatilise kattega &quot;Soft-Touch&quot; ja ei sisalda v\u00f5\u00f5raid l\u00f5hnu. Nende omadustega j\u00e4\u00e4b voolik paindlikuks.<br \/>\n<strong>Spetsifikatsioonid:<\/strong><br \/>\nPikkus: 1,60 m<br \/>\nV\u00e4lisl\u00e4bim\u00f5\u00f5t: 16 mm<br \/>\nVooliku sisel\u00e4bim\u00f5\u00f5t: 10 mm<br \/>\nKate: pehme pehme puudutus<br \/>\nKaal: umbes 240 g.<\/p>\n<p>Kas teil on k\u00fcsimusi? v\u00f5ta meiega \u00fchendust\u00a0<a href=\"https:\/\/hookahshop.lt\/et\/kontaktid\/\">kontaktide leht<\/a>\u00a0v\u00f5i saatke meile e-kiri aadressil\u00a0<a href=\"https:\/\/facebook.com\/HookahShop.lt\/\" target=\"_blank\" rel=\"noopener noreferrer\">Facebooki konto<\/a>\u00a0ja vastame teie taotlusele samal p\u00e4eval.<\/p>","protected":false},"excerpt":{"rendered":"<p>Silikoonvoolik HOOB Must Valmistatud meditsiinilisest silikoonist antistaatilise kattega &quot;Soft-Touch&quot; ja ilma v\u00f5\u00f5raste l\u00f5hnadeta. Nende omadustega j\u00e4\u00e4b voolik paindlikuks. Tehnilised andmed: Pikkus: 1,60 m V\u00e4lisl\u00e4bim\u00f5\u00f5t: 16 mm Sisemine vooliku l\u00e4bim\u00f5\u00f5t: 10 mm Kate: pehme pehme puudutus Kaal: ca 240 g. Kas teil on k\u00fcsimusi? V\u00f5tke meiega \u00fchendust kontaktide lehel v\u00f5i kirjutage meile oma Facebooki kontol ja me vastame [\u2026]<\/p>","protected":false},"featured_media":25425,"comment_status":"open","ping_status":"closed","template":"","meta":[],"_links":{"self":[{"href":"https:\/\/hookahshop.lt\/et\/wp-json\/wp\/v2\/product\/25423"}],"collection":[{"href":"https:\/\/hookahshop.lt\/et\/wp-json\/wp\/v2\/product"}],"about":[{"href":"https:\/\/hookahshop.lt\/et\/wp-json\/wp\/v2\/types\/product"}],"replies":[{"embeddable":true,"href":"https:\/\/hookahshop.lt\/et\/wp-json\/wp\/v2\/comments?post=25423"}],"version-history":[{"count":5,"href":"https:\/\/hookahshop.lt\/et\/wp-json\/wp\/v2\/product\/25423\/revisions"}],"predecessor-version":[{"id":37127,"href":"https:\/\/hookahshop.lt\/et\/wp-json\/wp\/v2\/product\/25423\/revisions\/37127"}],"wp:featuredmedia":[{"embeddable":true,"href":"https:\/\/hookahshop.lt\/et\/wp-json\/wp\/v2\/media\/25425"}],"wp:attachment":[{"href":"https:\/\/hookahshop.lt\/et\/wp-json\/wp\/v2\/media?parent=25423"}],"curies":[{"name":"wp","href":"https:\/\/api.w.org\/{rel}","templated":true}]}}