{"id":25429,"date":"2021-06-25T22:37:05","date_gmt":"2021-06-25T19:37:05","guid":{"rendered":"https:\/\/hookahshop.lt\/?post_type=product&#038;p=25429"},"modified":"2026-04-18T23:28:52","modified_gmt":"2026-04-18T20:28:52","slug":"kandiklis-kaljanui-hoob-smpl-2-silver","status":"publish","type":"product","link":"https:\/\/hookahshop.lt\/et\/toode\/vesipiibu-huulik-hoob-smpl-2-silver\/","title":{"rendered":"Vesipiibu huulik HOOB SMPL 2 Silver"},"content":{"rendered":"<h2 class=\"serp-title\" data-format=\"%title% %page%\" data-empty-title=\"Click to enter custom title\">Vesipiibu huulik HOOB SMPL 2 Silver<\/h2>\n<p>Kvaliteetne, ergonoomilise disainiga roostevabast terasest huulik HOOB SMPL 2 Silver.<\/p>\n<p><strong>Omadused:<\/strong><\/p>\n<p>Pikkus: 28 cm<br \/>\nRoostevaba teras<br \/>\nSobib k\u00f5ikidele silikoonvoolikutele sisel\u00e4bim\u00f5\u00f5duga 10-11mm<br \/>\nEi sisalda kahjulikke katteid (v\u00e4rv jne)<\/p>\n<p>Kas teil on k\u00fcsimusi? v\u00f5ta meiega \u00fchendust\u00a0<a href=\"https:\/\/hookahshop.lt\/et\/kontaktid\/\">kontaktide leht<\/a>\u00a0v\u00f5i saatke meile e-kiri aadressil\u00a0<a href=\"https:\/\/facebook.com\/HookahShop.lt\/\" target=\"_blank\" rel=\"noopener noreferrer\">Facebooki konto<\/a>\u00a0ja vastame teie taotlusele samal p\u00e4eval.<\/p>","protected":false},"excerpt":{"rendered":"<p>Vesipiibukonks HOOB SMPL 2 Silver Kvaliteetne, ergonoomilise disainiga roostevabast terasest huulik HOOB SMPL 2 Silver. Omadused: Pikkus: 28cm Roostevaba teras Sobib k\u00f5ikidele silikoonvoolikutele sisel\u00e4bim\u00f5\u00f5duga 10-11mm Ei mingeid kahjulikke katteid (v\u00e4rv jne) K\u00fcsimusi? V\u00f5tke meiega \u00fchendust kontaktide lehel v\u00f5i kirjutage meile oma Facebooki kontole ja vastame teie p\u00e4ringule samaga [\u2026]<\/p>","protected":false},"featured_media":25430,"comment_status":"open","ping_status":"closed","template":"","meta":[],"_links":{"self":[{"href":"https:\/\/hookahshop.lt\/et\/wp-json\/wp\/v2\/product\/25429"}],"collection":[{"href":"https:\/\/hookahshop.lt\/et\/wp-json\/wp\/v2\/product"}],"about":[{"href":"https:\/\/hookahshop.lt\/et\/wp-json\/wp\/v2\/types\/product"}],"replies":[{"embeddable":true,"href":"https:\/\/hookahshop.lt\/et\/wp-json\/wp\/v2\/comments?post=25429"}],"version-history":[{"count":6,"href":"https:\/\/hookahshop.lt\/et\/wp-json\/wp\/v2\/product\/25429\/revisions"}],"predecessor-version":[{"id":33268,"href":"https:\/\/hookahshop.lt\/et\/wp-json\/wp\/v2\/product\/25429\/revisions\/33268"}],"wp:featuredmedia":[{"embeddable":true,"href":"https:\/\/hookahshop.lt\/et\/wp-json\/wp\/v2\/media\/25430"}],"wp:attachment":[{"href":"https:\/\/hookahshop.lt\/et\/wp-json\/wp\/v2\/media?parent=25429"}],"curies":[{"name":"wp","href":"https:\/\/api.w.org\/{rel}","templated":true}]}}