{"id":25433,"date":"2021-06-25T22:46:59","date_gmt":"2021-06-25T19:46:59","guid":{"rendered":"https:\/\/hookahshop.lt\/?post_type=product&#038;p=25433"},"modified":"2026-04-06T23:28:56","modified_gmt":"2026-04-06T20:28:56","slug":"kandiklis-kaljanui-amy-deluxe-black","status":"publish","type":"product","link":"https:\/\/hookahshop.lt\/et\/toode\/huulik-vesipiip-amy-deluxe-must\/","title":{"rendered":"Vesipiibu huulik Amy Deluxe MSAL023 Must"},"content":{"rendered":"<h2>Vesipiibu huulik Amy Deluxe MSAL023 Must<\/h2>\n<p id=\"tw-target-text\" class=\"tw-data-text tw-text-large XcVN5d tw-ta\" dir=\"ltr\" data-placeholder=\"Vertimas\"><span class=\"Y2IQFc\" lang=\"lt\">AMY MSAL023 huulikud avaldavad muljet akr\u00fc\u00fcli ja alumiiniumi kombinatsiooniga. Need on kerged ja kergesti haaratavad, kuna alumiinium t\u00e4hendab k\u00f5rget h\u00fcgieeni ja v\u00e4ikest kaalu ning akr\u00fc\u00fcl on k\u00e4ele meeldiv ja tagab vajaliku haarde t\u00e4nu lainelisele pinnale. V\u00e4limus on ka muljetavaldav, eriti m\u00f5lema materjali dekoratiivsete kaunistuste t\u00f5ttu.<\/span><\/p>\n<p dir=\"ltr\" data-placeholder=\"Vertimas\">Kas teil on k\u00fcsimusi? v\u00f5ta meiega \u00fchendust\u00a0<a href=\"https:\/\/hookahshop.lt\/et\/kontaktid\/\">kontaktide leht<\/a>\u00a0v\u00f5i saatke meile e-kiri aadressil\u00a0<a href=\"https:\/\/facebook.com\/HookahShop.lt\/\" target=\"_blank\" rel=\"noopener noreferrer\">Facebooki konto<\/a>\u00a0ja vastame teie taotlusele samal p\u00e4eval.<\/p>\n<p dir=\"ltr\" data-placeholder=\"Vertimas\">","protected":false},"excerpt":{"rendered":"<p>Konks suukonksule Amy Deluxe MSAL023 Must AMY MSAL023 huulikud avaldavad muljet akr\u00fc\u00fcli ja alumiiniumi kombinatsiooniga. Need on kerged ja kergesti haaratavad, kuna alumiinium t\u00e4hendab k\u00f5rget h\u00fcgieeni ja v\u00e4ikest kaalu ning akr\u00fc\u00fcl on k\u00e4ele meeldiv ja tagab vajaliku haarde t\u00e4nu gofreeritud pinnale. V\u00e4limus on ka muljetavaldav, eriti m\u00f5lema materjali dekoratiivsete kaunistuste t\u00f5ttu. Kas teil on k\u00fcsimusi? V\u00f5tke \u00fchendust [\u2026]<\/p>","protected":false},"featured_media":25435,"comment_status":"open","ping_status":"closed","template":"","meta":[],"_links":{"self":[{"href":"https:\/\/hookahshop.lt\/et\/wp-json\/wp\/v2\/product\/25433"}],"collection":[{"href":"https:\/\/hookahshop.lt\/et\/wp-json\/wp\/v2\/product"}],"about":[{"href":"https:\/\/hookahshop.lt\/et\/wp-json\/wp\/v2\/types\/product"}],"replies":[{"embeddable":true,"href":"https:\/\/hookahshop.lt\/et\/wp-json\/wp\/v2\/comments?post=25433"}],"version-history":[{"count":4,"href":"https:\/\/hookahshop.lt\/et\/wp-json\/wp\/v2\/product\/25433\/revisions"}],"predecessor-version":[{"id":33267,"href":"https:\/\/hookahshop.lt\/et\/wp-json\/wp\/v2\/product\/25433\/revisions\/33267"}],"wp:featuredmedia":[{"embeddable":true,"href":"https:\/\/hookahshop.lt\/et\/wp-json\/wp\/v2\/media\/25435"}],"wp:attachment":[{"href":"https:\/\/hookahshop.lt\/et\/wp-json\/wp\/v2\/media?parent=25433"}],"curies":[{"name":"wp","href":"https:\/\/api.w.org\/{rel}","templated":true}]}}