{"id":25440,"date":"2021-06-25T23:04:17","date_gmt":"2021-06-25T20:04:17","guid":{"rendered":"https:\/\/hookahshop.lt\/?post_type=product&#038;p=25440"},"modified":"2026-04-06T23:28:38","modified_gmt":"2026-04-06T20:28:38","slug":"difuzorius-kaljanui-hoob-go","status":"publish","type":"product","link":"https:\/\/hookahshop.lt\/et\/toode\/difuusor-vesippiibu-hoob-go\/","title":{"rendered":"Difuusor vesipiibu HOOB Go"},"content":{"rendered":"<h2>Difuusor vesipiibu HOOB Go<\/h2>\n<p class=\"tw-data-text tw-text-large XcVN5d tw-ta\" dir=\"ltr\" data-placeholder=\"Vertimas\"><span class=\"Y2IQFc\" lang=\"lt\">Roostevabast terasest difuusor reguleerib vesipiibu \u00f5huvoolu ja vaigistab selle. <\/span>Toiming sarnaneb filtriga, kuna see lagundab kolvis t\u00f5usvad \u00f5humullid. Sel viisil jahutatakse kolvis olev suits. Samuti summutab see veidi vesipiibu mullitamise heli vaiksemates keskkondades nt. filmi vaatamine v\u00f5i teistega suhtlemine.<\/p>\n<p><strong>Kasutamine:<\/strong><br \/>\nHajuti on paigaldatud vesipiibu konksu (varre) otsa.<\/p>\n<p><strong>Spetsifikatsioonid:<\/strong><br \/>\nMaterjal: roostevaba teras<\/p>\n<p>&nbsp;<\/p>\n<p>Kas teil on k\u00fcsimusi? v\u00f5ta meiega \u00fchendust\u00a0<a href=\"https:\/\/hookahshop.lt\/et\/kontaktid\/\">kontaktide leht<\/a>\u00a0v\u00f5i saatke meile e-kiri aadressil\u00a0<a href=\"https:\/\/facebook.com\/HookahShop.lt\/\" target=\"_blank\" rel=\"noopener noreferrer\">Facebooki konto<\/a>\u00a0ja vastame teie taotlusele samal p\u00e4eval.<\/p>","protected":false},"excerpt":{"rendered":"<p>Vesipiibu difuusor HOOB Go Roostevabast terasest difuusor reguleerib vesipiibu voolu ja vaigistab selle. Toiming sarnaneb filtriga selle poolest, et see lagundab kolvis t\u00f5usvad \u00f5humullid. Sel viisil jahutatakse kolvis olev suits. Samuti vaigistab veidi vesipiibu mullitamise heli vaiksema keskkonna jaoks nt. filmi vaatamine v\u00f5i teistega suhtlemine. Kasutusala: difuusor on paigaldatud konksule (v\u00f5llile) [\u2026]<\/p>","protected":false},"featured_media":25441,"comment_status":"open","ping_status":"closed","template":"","meta":[],"_links":{"self":[{"href":"https:\/\/hookahshop.lt\/et\/wp-json\/wp\/v2\/product\/25440"}],"collection":[{"href":"https:\/\/hookahshop.lt\/et\/wp-json\/wp\/v2\/product"}],"about":[{"href":"https:\/\/hookahshop.lt\/et\/wp-json\/wp\/v2\/types\/product"}],"replies":[{"embeddable":true,"href":"https:\/\/hookahshop.lt\/et\/wp-json\/wp\/v2\/comments?post=25440"}],"version-history":[{"count":7,"href":"https:\/\/hookahshop.lt\/et\/wp-json\/wp\/v2\/product\/25440\/revisions"}],"predecessor-version":[{"id":43102,"href":"https:\/\/hookahshop.lt\/et\/wp-json\/wp\/v2\/product\/25440\/revisions\/43102"}],"wp:featuredmedia":[{"embeddable":true,"href":"https:\/\/hookahshop.lt\/et\/wp-json\/wp\/v2\/media\/25441"}],"wp:attachment":[{"href":"https:\/\/hookahshop.lt\/et\/wp-json\/wp\/v2\/media?parent=25440"}],"curies":[{"name":"wp","href":"https:\/\/api.w.org\/{rel}","templated":true}]}}