{"id":25468,"date":"2021-06-28T13:56:03","date_gmt":"2021-06-28T10:56:03","guid":{"rendered":"https:\/\/hookahshop.lt\/?post_type=product&#038;p=25468"},"modified":"2026-04-11T23:28:50","modified_gmt":"2026-04-11T20:28:50","slug":"kaljanas-amy-deluxe-amy073-02-red","status":"publish","type":"product","link":"https:\/\/hookahshop.lt\/et\/toode\/vesipiip-amy-deluxe-amy073-02-red\/","title":{"rendered":"Vesipiip AMY DELUXE AMY073.02 Toim"},"content":{"rendered":"<h2>Vesipiip AMY DELUXE AMY073.02 Toim<\/h2>\n<p>Tegemist on alumiiniumist valmistatud eksklusiivse disainiga vesipiibuga.<\/p>\n<p><strong>Komplekt sisaldab:<\/strong><br \/>\nVesipiip<br \/>\nKolb<br \/>\nHuulik<br \/>\nKarikas<br \/>\nVoolik (silikoon)<br \/>\nVoolikuhoidja<br \/>\nTangid<br \/>\nKorsten<\/p>\n<p><strong>Spetsifikatsioon:<\/strong><br \/>\nVesipiibu k\u00f5rgus koos kolbiga: umbes 58 cm<br \/>\nMaterjal: alumiinium<br \/>\n\u00dchenduse t\u00fc\u00fcp: kl\u00f5psake nuppu<br \/>\nV\u00e4rv: punane<br \/>\nHajuti: pole saadaval<br \/>\nP\u00e4ritoluriik: Saksamaa<\/p>\n<p>Kas teil on k\u00fcsimusi? v\u00f5ta meiega \u00fchendust\u00a0<a href=\"https:\/\/hookahshop.lt\/et\/kontaktid\/\">kontaktide leht<\/a>\u00a0v\u00f5i saatke meile e-kiri aadressil\u00a0<a href=\"https:\/\/facebook.com\/HookahShop.lt\/\" target=\"_blank\" rel=\"noopener noreferrer\">Facebooki konto<\/a>\u00a0ja vastame teie taotlusele samal p\u00e4eval.<\/p>","protected":false},"excerpt":{"rendered":"<p>Vesipiip AMY DELUXE AMY073.02 Punane See on eksklusiivse disainiga vesipiip, mis on valmistatud alumiiniumist. Komplekti kuulub: Konksuhoidja Kruusitopsi voolik (silikoon) Voolikuhoidja Tangid Korsten Spetsifikatsioon: Konksu k\u00f5rgus koos kolbiga: umbes 58cm Materjal: alumiinium \u00dchenduse t\u00fc\u00fcp: Click V\u00e4rv: Punane Hajuti: Ei P\u00e4ritoluriik: Saksamaa K\u00fcsimused? V\u00f5tke meiega \u00fchendust kontaktide lehel v\u00f5i kirjutage meile oma Facebooki kontol ja me vastame [\u2026]<\/p>","protected":false},"featured_media":25469,"comment_status":"open","ping_status":"closed","template":"","meta":[],"_links":{"self":[{"href":"https:\/\/hookahshop.lt\/et\/wp-json\/wp\/v2\/product\/25468"}],"collection":[{"href":"https:\/\/hookahshop.lt\/et\/wp-json\/wp\/v2\/product"}],"about":[{"href":"https:\/\/hookahshop.lt\/et\/wp-json\/wp\/v2\/types\/product"}],"replies":[{"embeddable":true,"href":"https:\/\/hookahshop.lt\/et\/wp-json\/wp\/v2\/comments?post=25468"}],"version-history":[{"count":5,"href":"https:\/\/hookahshop.lt\/et\/wp-json\/wp\/v2\/product\/25468\/revisions"}],"predecessor-version":[{"id":32458,"href":"https:\/\/hookahshop.lt\/et\/wp-json\/wp\/v2\/product\/25468\/revisions\/32458"}],"wp:featuredmedia":[{"embeddable":true,"href":"https:\/\/hookahshop.lt\/et\/wp-json\/wp\/v2\/media\/25469"}],"wp:attachment":[{"href":"https:\/\/hookahshop.lt\/et\/wp-json\/wp\/v2\/media?parent=25468"}],"curies":[{"name":"wp","href":"https:\/\/api.w.org\/{rel}","templated":true}]}}