{"id":25474,"date":"2021-06-28T15:02:18","date_gmt":"2021-06-28T12:02:18","guid":{"rendered":"https:\/\/hookahshop.lt\/?post_type=product&#038;p=25474"},"modified":"2026-04-06T23:29:17","modified_gmt":"2026-04-06T20:29:17","slug":"vienkartiniai-kandikliai-kaljanui-big-maks-jednor-black-100vnt","status":"publish","type":"product","link":"https:\/\/hookahshop.lt\/et\/toode\/uhekordsed-konksud-vesipiibule-big-maks-jednor-black-100vnt\/","title":{"rendered":"\u00dchekordsed konksud vesipiibule BIG MAKS Jednor Black 100tk"},"content":{"rendered":"<h2>\u00dchekordsed konksud vesipiibule BIG MAKS Jednor Black 100tk<\/h2>\n<p>\u00dchekordsete vesipiibu huulikute pakend koosneb - 100 tk.<\/p>\n<p><strong>Omadused:<\/strong><br \/>\nV\u00e4rvus must<br \/>\nHuuliku pikkus: 3 cm<\/p>\n<p>Kas teil on k\u00fcsimusi? v\u00f5ta meiega \u00fchendust\u00a0<a href=\"https:\/\/hookahshop.lt\/et\/kontaktid\/\">kontaktide leht<\/a>\u00a0v\u00f5i saatke meile e-kiri aadressil\u00a0<a href=\"https:\/\/facebook.com\/HookahShop.lt\/\" target=\"_blank\" rel=\"noopener noreferrer\">Facebooki konto<\/a>\u00a0ja vastame teie taotlusele samal p\u00e4eval.<\/p>\n<p>&nbsp;<\/p>","protected":false},"excerpt":{"rendered":"<p>\u00dchekordsed vesipiibu huulikud BIG MAKS Jednor Black 100 tk \u00dchekordsete vesipiibu huulikute pakend koosneb - 100 tk. Omadused: V\u00e4rv: Must Suuliku pikkus: 3cm Kas teil on k\u00fcsimusi? V\u00f5tke meiega \u00fchendust kontaktide lehel v\u00f5i kirjutage meile meie Facebooki kontol ja vastame teie p\u00e4ringule samal p\u00e4eval. &nbsp;<\/p>","protected":false},"featured_media":25475,"comment_status":"open","ping_status":"closed","template":"","meta":[],"_links":{"self":[{"href":"https:\/\/hookahshop.lt\/et\/wp-json\/wp\/v2\/product\/25474"}],"collection":[{"href":"https:\/\/hookahshop.lt\/et\/wp-json\/wp\/v2\/product"}],"about":[{"href":"https:\/\/hookahshop.lt\/et\/wp-json\/wp\/v2\/types\/product"}],"replies":[{"embeddable":true,"href":"https:\/\/hookahshop.lt\/et\/wp-json\/wp\/v2\/comments?post=25474"}],"version-history":[{"count":8,"href":"https:\/\/hookahshop.lt\/et\/wp-json\/wp\/v2\/product\/25474\/revisions"}],"predecessor-version":[{"id":42962,"href":"https:\/\/hookahshop.lt\/et\/wp-json\/wp\/v2\/product\/25474\/revisions\/42962"}],"wp:featuredmedia":[{"embeddable":true,"href":"https:\/\/hookahshop.lt\/et\/wp-json\/wp\/v2\/media\/25475"}],"wp:attachment":[{"href":"https:\/\/hookahshop.lt\/et\/wp-json\/wp\/v2\/media?parent=25474"}],"curies":[{"name":"wp","href":"https:\/\/api.w.org\/{rel}","templated":true}]}}