{"id":25497,"date":"2021-06-29T13:38:27","date_gmt":"2021-06-29T10:38:27","guid":{"rendered":"https:\/\/hookahshop.lt\/?post_type=product&#038;p=25497"},"modified":"2026-04-06T23:29:14","modified_gmt":"2026-04-06T20:29:14","slug":"kaljano-taurele-solaris-adam-white","status":"publish","type":"product","link":"https:\/\/hookahshop.lt\/et\/toode\/tass-vesipiibule-solaris-adam-white\/","title":{"rendered":"Tass vesipiibule SOLARIS Adam White"},"content":{"rendered":"<h2>Tass vesipiibule SOLARIS Adam White<\/h2>\n<p>Solarise vesipiibutopsid on t\u00e4ielikult k\u00e4sitsi valmistatud. Tassil on \u00fcks erip\u00e4ra - see helendab pimedas. Tasside valmistamisel kasutatakse ainult looduslikke ja keskkonnas\u00f5bralikke materjale. See erineb teistest kaussidest selle poolest, et on niiskuse suhtes vastupidavam. Piimatehnoloogia kasutamine punase savi jaoks annab huvitava v\u00e4lise efekti, originaalse disaini.<\/p>\n<p>Kas teil on k\u00fcsimusi? v\u00f5ta meiega \u00fchendust\u00a0<a href=\"https:\/\/hookahshop.lt\/et\/kontaktid\/\">kontaktide leht<\/a>\u00a0v\u00f5i saatke meile e-kiri aadressil\u00a0<a href=\"https:\/\/facebook.com\/HookahShop.lt\/\" target=\"_blank\" rel=\"noopener noreferrer\">Facebooki konto<\/a>\u00a0ja vastame teie taotlusele samal p\u00e4eval.<\/p>","protected":false},"excerpt":{"rendered":"<p>Vesipiibutops SOLARIS Adam White Solarise vesipiibutopsid on t\u00e4ielikult k\u00e4sitsi valmistatud. Tassil on \u00fcks ainulaadne omadus \u2013 see helendab pimedas. Tasside valmistamisel kasutatakse ainult looduslikke ja keskkonnas\u00f5bralikke materjale. See erineb teistest kaussidest selle poolest, et on niiskuskindlam. Piimatehnoloogia kasutamine punase savi jaoks annab huvitava v\u00e4lise efekti, originaalse disaini. Kas teil on k\u00fcsimusi? V\u00f5tke \u00fchendust [\u2026]<\/p>","protected":false},"featured_media":25498,"comment_status":"open","ping_status":"closed","template":"","meta":[],"_links":{"self":[{"href":"https:\/\/hookahshop.lt\/et\/wp-json\/wp\/v2\/product\/25497"}],"collection":[{"href":"https:\/\/hookahshop.lt\/et\/wp-json\/wp\/v2\/product"}],"about":[{"href":"https:\/\/hookahshop.lt\/et\/wp-json\/wp\/v2\/types\/product"}],"replies":[{"embeddable":true,"href":"https:\/\/hookahshop.lt\/et\/wp-json\/wp\/v2\/comments?post=25497"}],"version-history":[{"count":4,"href":"https:\/\/hookahshop.lt\/et\/wp-json\/wp\/v2\/product\/25497\/revisions"}],"predecessor-version":[{"id":29878,"href":"https:\/\/hookahshop.lt\/et\/wp-json\/wp\/v2\/product\/25497\/revisions\/29878"}],"wp:featuredmedia":[{"embeddable":true,"href":"https:\/\/hookahshop.lt\/et\/wp-json\/wp\/v2\/media\/25498"}],"wp:attachment":[{"href":"https:\/\/hookahshop.lt\/et\/wp-json\/wp\/v2\/media?parent=25497"}],"curies":[{"name":"wp","href":"https:\/\/api.w.org\/{rel}","templated":true}]}}