{"id":25511,"date":"2021-06-30T09:57:13","date_gmt":"2021-06-30T06:57:13","guid":{"rendered":"https:\/\/hookahshop.lt\/?post_type=product&#038;p=25511"},"modified":"2026-04-06T23:29:14","modified_gmt":"2026-04-06T20:29:14","slug":"taurele-kaljanui-solaris-atlas","status":"publish","type":"product","link":"https:\/\/hookahshop.lt\/et\/toode\/tass-vesipiip-solaris-atlas\/","title":{"rendered":"Tass vesipiibule SOLARIS Atlas"},"content":{"rendered":"<h2>Tass vesipiibule SOLARIS Atlas<\/h2>\n<p>Solarise vesipiibutopsid on t\u00e4ielikult k\u00e4sitsi valmistatud. Tassid on valmistatud valgest savist ja fajansist. Tasside valmistamisel kasutatakse ainult looduslikke ja keskkonnas\u00f5bralikke materjale. See erineb teistest kaussidest selle poolest, et on niiskuskindlam. Piimatehnoloogia kasutamine punase savi puhul annab huvitava v\u00e4lisilme, originaalse disaini.<\/p>\n<p>Kas teil on k\u00fcsimusi? v\u00f5ta meiega \u00fchendust\u00a0<a href=\"https:\/\/hookahshop.lt\/et\/kontaktid\/\">kontaktide leht<\/a>\u00a0v\u00f5i saatke meile e-kiri aadressil\u00a0<a href=\"https:\/\/facebook.com\/HookahShop.lt\/\" target=\"_blank\" rel=\"noopener noreferrer\">Facebooki konto<\/a>\u00a0ja vastame teie taotlusele samal p\u00e4eval.<\/p>","protected":false},"excerpt":{"rendered":"<p>Vesipiibutops SOLARIS Atlas &quot;Solaris&quot; vesipiibutopsid on t\u00e4ielikult k\u00e4sitsi valmistatud. Tassid on valmistatud valgest savist ja fajansist. Tasside valmistamisel kasutatakse ainult looduslikke ja keskkonnas\u00f5bralikke materjale. See erineb teistest kaussidest selle poolest, et on niiskuskindlam. Piimatehnoloogia kasutamine punase savi jaoks annab huvitava v\u00e4lise efekti, originaalse disaini. Kas teil on k\u00fcsimusi? V\u00f5tke meiega \u00fchendust kontaktide lehel v\u00f5i kirjutage [...]<\/p>","protected":false},"featured_media":25512,"comment_status":"open","ping_status":"closed","template":"","meta":[],"_links":{"self":[{"href":"https:\/\/hookahshop.lt\/et\/wp-json\/wp\/v2\/product\/25511"}],"collection":[{"href":"https:\/\/hookahshop.lt\/et\/wp-json\/wp\/v2\/product"}],"about":[{"href":"https:\/\/hookahshop.lt\/et\/wp-json\/wp\/v2\/types\/product"}],"replies":[{"embeddable":true,"href":"https:\/\/hookahshop.lt\/et\/wp-json\/wp\/v2\/comments?post=25511"}],"version-history":[{"count":2,"href":"https:\/\/hookahshop.lt\/et\/wp-json\/wp\/v2\/product\/25511\/revisions"}],"predecessor-version":[{"id":32854,"href":"https:\/\/hookahshop.lt\/et\/wp-json\/wp\/v2\/product\/25511\/revisions\/32854"}],"wp:featuredmedia":[{"embeddable":true,"href":"https:\/\/hookahshop.lt\/et\/wp-json\/wp\/v2\/media\/25512"}],"wp:attachment":[{"href":"https:\/\/hookahshop.lt\/et\/wp-json\/wp\/v2\/media?parent=25511"}],"curies":[{"name":"wp","href":"https:\/\/api.w.org\/{rel}","templated":true}]}}