{"id":25637,"date":"2021-07-08T10:47:25","date_gmt":"2021-07-08T07:47:25","guid":{"rendered":"https:\/\/hookahshop.lt\/?post_type=product&#038;p=25637"},"modified":"2026-04-20T23:29:03","modified_gmt":"2026-04-20T20:29:03","slug":"kaljano-komplektas-maklaud-x-mucha-gopez-podachho","status":"publish","type":"product","link":"https:\/\/hookahshop.lt\/et\/toode\/vesipiibukomplektid-maklaud-x-mucha-gopez-podachho\/","title":{"rendered":"Vesipiibukomplekt MAKLAUD X Mucha Gopez Podachho"},"content":{"rendered":"<h2>Vesipiibukomplekt MAKLAUD X Mucha Gopez Podachho<\/h2>\n<p>See on vesipiip, mis ei j\u00e4ta sind \u00fcksk\u00f5ikseks. See on vesipiip, mis meeldib nii kogenud kui ka algajale. Maklaudi vesipiibud on kuulsad oma originaalse disaini ja ekstravagantsete detailide poolest. Maklaud X-seeria disain on kujundatud kuni pisikeste detailideni, mis j\u00e4tavad kustumatu mulje. See vesipiip on valmistatud vastupidavatest ja vastupidavatest materjalidest, et kestaks kaua ega kaotaks oma esialgset v\u00f5lu.<\/p>\n<p><strong>Varustus:<\/strong><br \/>\nV\u00f5ll -1 tk.<br \/>\nVesipiibu plaat br\u00e4ndi graveeringuga - 1 tk.<br \/>\nHuulik - 1 tk.<br \/>\nSilikoonvoolik - 1 tk.<br \/>\nTihendid - 2 tk.<br \/>\nKolb (erineb fotol olevast) - 1 tk.<br \/>\nTangid - 1 tk.<br \/>\nKuumutuskamber - 1 tk.<br \/>\nTass (v\u00f5ib erineda fotol olevast) - 1tk.<br \/>\nKivis\u00fcsi 1kg - 1tk.<br \/>\nPliit - 1tk.<\/p>\n<p>Kas teil on k\u00fcsimusi? v\u00f5ta meiega \u00fchendust\u00a0<a href=\"https:\/\/hookahshop.lt\/et\/kontaktid\/\">kontaktide leht<\/a>\u00a0v\u00f5i saatke meile e-kiri aadressil\u00a0<a href=\"https:\/\/facebook.com\/HookahShop.lt\/\" target=\"_blank\" rel=\"noopener noreferrer\">Facebooki konto<\/a>\u00a0ja vastame teie taotlusele samal p\u00e4eval.<\/p>","protected":false},"excerpt":{"rendered":"<p>Vesipiibu komplekt MAKLAUD X Mucha Gopez Podachho See on vesipiip, mis ei j\u00e4ta sind \u00fcksk\u00f5ikseks. See on vesipiip, mis meeldib nii kogenud kui ka algajale. Maklaudi vesipiibud on kuulsad oma originaalse disaini ja ekstravagantsete detailide poolest. Maklaud X-seeria disain on kujundatud kuni pisikeste detailideni, mis j\u00e4tavad kustumatu mulje. See vesipiip on valmistatud vastupidavatest ja vastupidavatest materjalidest, et kestaks kaua ja [\u2026]<\/p>","protected":false},"featured_media":25638,"comment_status":"open","ping_status":"closed","template":"","meta":[],"_links":{"self":[{"href":"https:\/\/hookahshop.lt\/et\/wp-json\/wp\/v2\/product\/25637"}],"collection":[{"href":"https:\/\/hookahshop.lt\/et\/wp-json\/wp\/v2\/product"}],"about":[{"href":"https:\/\/hookahshop.lt\/et\/wp-json\/wp\/v2\/types\/product"}],"replies":[{"embeddable":true,"href":"https:\/\/hookahshop.lt\/et\/wp-json\/wp\/v2\/comments?post=25637"}],"version-history":[{"count":4,"href":"https:\/\/hookahshop.lt\/et\/wp-json\/wp\/v2\/product\/25637\/revisions"}],"predecessor-version":[{"id":41500,"href":"https:\/\/hookahshop.lt\/et\/wp-json\/wp\/v2\/product\/25637\/revisions\/41500"}],"wp:featuredmedia":[{"embeddable":true,"href":"https:\/\/hookahshop.lt\/et\/wp-json\/wp\/v2\/media\/25638"}],"wp:attachment":[{"href":"https:\/\/hookahshop.lt\/et\/wp-json\/wp\/v2\/media?parent=25637"}],"curies":[{"name":"wp","href":"https:\/\/api.w.org\/{rel}","templated":true}]}}