{"id":25708,"date":"2021-07-14T01:21:43","date_gmt":"2021-07-13T22:21:43","guid":{"rendered":"https:\/\/hookahshop.lt\/?post_type=product&#038;p=25708"},"modified":"2026-04-17T16:33:19","modified_gmt":"2026-04-17T13:33:19","slug":"taurele-kaljanui-forma-hookah-phunnel-3","status":"publish","type":"product","link":"https:\/\/hookahshop.lt\/et\/toode\/tass-vesipiip-forma-vesipiibu-phunnel-3\/","title":{"rendered":"Tass vesipiibule FORMA HOOKAH Phunnel Nericomia"},"content":{"rendered":"<h2>Tass vesipiibule FORMA HOOKAH Phunnel Nericomia<\/h2>\n<p>Tass on valmistatud keraamikast, m\u00f5eldud mugavaks suitsetamiseks. Ideaalne igat t\u00fc\u00fcpi tubaka jaoks.<br \/>\nTubaka tarbimine on 17-22 grammi.<br \/>\nKomplektil on must tassitempel.<\/p>\n<p><strong>Spetsifikatsioonid:<\/strong><br \/>\nK\u00f5rgus: 107 mm<br \/>\nL\u00e4bim\u00f5\u00f5t (v\u00e4limine): 76 mm<br \/>\nL\u00e4bim\u00f5\u00f5t (sisemine): 69 mm<br \/>\nS\u00fcgavus: 13mm<br \/>\nAva l\u00e4bim\u00f5\u00f5t: 10 mm<br \/>\nAukude arv: 1<br \/>\nKaal: ~ 250g<\/p>\n<p>Kas teil on k\u00fcsimusi? v\u00f5ta meiega \u00fchendust\u00a0<a href=\"https:\/\/hookahshop.lt\/et\/kontaktid\/\">kontaktide leht<\/a>\u00a0v\u00f5i saatke meile e-kiri aadressil\u00a0<a href=\"https:\/\/facebook.com\/HookahShop.lt\/\" target=\"_blank\" rel=\"noopener noreferrer\">Facebooki konto<\/a>\u00a0ja vastame teie taotlusele samal p\u00e4eval.<\/p>\n<p>&nbsp;<\/p>","protected":false},"excerpt":{"rendered":"<p>Vesipiibu tass FORMA HOOKAH Phunnel Nericomia Tass on valmistatud keraamikast, m\u00f5eldud mugavaks suitsetamiseks. Ideaalne igat t\u00fc\u00fcpi tubaka jaoks. Tubakat tarbitakse 17\u201322 grammi. Komplektil on must tassitempel. Tehnilised andmed: K\u00f5rgus: 107mm L\u00e4bim\u00f5\u00f5t (v\u00e4limine): 76 mm Diameeter (sisemine): 69mm S\u00fcgavus: 13mm Ava l\u00e4bim\u00f5\u00f5t: 10mm Aukude arv: 1 Kaal: ~ 250g K\u00fcsimused? V\u00f5tke meiega \u00fchendust kontaktid [\u2026]<\/p>","protected":false},"featured_media":25711,"comment_status":"open","ping_status":"closed","template":"","meta":[],"_links":{"self":[{"href":"https:\/\/hookahshop.lt\/et\/wp-json\/wp\/v2\/product\/25708"}],"collection":[{"href":"https:\/\/hookahshop.lt\/et\/wp-json\/wp\/v2\/product"}],"about":[{"href":"https:\/\/hookahshop.lt\/et\/wp-json\/wp\/v2\/types\/product"}],"replies":[{"embeddable":true,"href":"https:\/\/hookahshop.lt\/et\/wp-json\/wp\/v2\/comments?post=25708"}],"version-history":[{"count":3,"href":"https:\/\/hookahshop.lt\/et\/wp-json\/wp\/v2\/product\/25708\/revisions"}],"predecessor-version":[{"id":39805,"href":"https:\/\/hookahshop.lt\/et\/wp-json\/wp\/v2\/product\/25708\/revisions\/39805"}],"wp:featuredmedia":[{"embeddable":true,"href":"https:\/\/hookahshop.lt\/et\/wp-json\/wp\/v2\/media\/25711"}],"wp:attachment":[{"href":"https:\/\/hookahshop.lt\/et\/wp-json\/wp\/v2\/media?parent=25708"}],"curies":[{"name":"wp","href":"https:\/\/api.w.org\/{rel}","templated":true}]}}