{"id":25723,"date":"2021-07-14T01:34:04","date_gmt":"2021-07-13T22:34:04","guid":{"rendered":"https:\/\/hookahshop.lt\/?post_type=product&#038;p=25723"},"modified":"2026-04-18T23:29:03","modified_gmt":"2026-04-18T20:29:03","slug":"taurele-kaljanui-forma-hookah-turkish-3","status":"publish","type":"product","link":"https:\/\/hookahshop.lt\/et\/toode\/tass-vesipiip-forma-hookah-turkish-3\/","title":{"rendered":"Tass vesipiibule FORMA HOOKAH T\u00fcrgi tsunami"},"content":{"rendered":"<h2>Tass vesipiibule FORMA HOOKAH T\u00fcrgi tsunami<\/h2>\n<p>See vesipiibu tass on valmistatud keraamikast. Kujult sarnaneb see paljudele tavalisele &quot;Turk&quot;-le, kuid on ideaalse kuju, vastupidavuse ja praktilisusega igap\u00e4evases kasutuses. Tubaka maht kausis on 10-15 grammi.<\/p>\n<p><strong>Spetsifikatsioonid:<\/strong><br \/>\nK\u00f5rgus: 90mm<br \/>\nL\u00e4bim\u00f5\u00f5t (v\u00e4limine): 67mm<br \/>\nL\u00e4bim\u00f5\u00f5t (sisemine): 59 mm<br \/>\nS\u00fcgavus: 18mm<br \/>\nAva l\u00e4bim\u00f5\u00f5t: 7 mm<br \/>\nAukude arv: 5<br \/>\nKaal: ~ 231g<\/p>\n<p>Kas teil on k\u00fcsimusi? v\u00f5ta meiega \u00fchendust\u00a0<a href=\"https:\/\/hookahshop.lt\/et\/kontaktid\/\">kontaktide leht<\/a>\u00a0v\u00f5i saatke meile e-kiri aadressil\u00a0<a href=\"https:\/\/facebook.com\/HookahShop.lt\/\" target=\"_blank\" rel=\"noopener noreferrer\">Facebooki konto<\/a>\u00a0ja vastame teie taotlusele samal p\u00e4eval.<\/p>","protected":false},"excerpt":{"rendered":"<p>Vesipiibu tass FORMA HOOKAH T\u00fcrgi tsunami Vesipiibu tass on valmistatud keraamikast. Kuju sarnaneb tavalisele &quot;Turkile&quot;, kuid sellel on ideaalne kuju, vastupidavus ja praktilisus igap\u00e4evases kasutuses. Tubaka maht kausis on 10-15 grammi. Tehnilised andmed: K\u00f5rgus: 90mm L\u00e4bim\u00f5\u00f5t (v\u00e4limine): 67mm Diameeter (sisemine): 59mm S\u00fcgavus: 18mm Ava l\u00e4bim\u00f5\u00f5t: 7mm Aukude arv: 5 Kaal: ~ 231g [\u2026]<\/p>","protected":false},"featured_media":25725,"comment_status":"open","ping_status":"closed","template":"","meta":[],"_links":{"self":[{"href":"https:\/\/hookahshop.lt\/et\/wp-json\/wp\/v2\/product\/25723"}],"collection":[{"href":"https:\/\/hookahshop.lt\/et\/wp-json\/wp\/v2\/product"}],"about":[{"href":"https:\/\/hookahshop.lt\/et\/wp-json\/wp\/v2\/types\/product"}],"replies":[{"embeddable":true,"href":"https:\/\/hookahshop.lt\/et\/wp-json\/wp\/v2\/comments?post=25723"}],"version-history":[{"count":4,"href":"https:\/\/hookahshop.lt\/et\/wp-json\/wp\/v2\/product\/25723\/revisions"}],"predecessor-version":[{"id":39365,"href":"https:\/\/hookahshop.lt\/et\/wp-json\/wp\/v2\/product\/25723\/revisions\/39365"}],"wp:featuredmedia":[{"embeddable":true,"href":"https:\/\/hookahshop.lt\/et\/wp-json\/wp\/v2\/media\/25725"}],"wp:attachment":[{"href":"https:\/\/hookahshop.lt\/et\/wp-json\/wp\/v2\/media?parent=25723"}],"curies":[{"name":"wp","href":"https:\/\/api.w.org\/{rel}","templated":true}]}}