{"id":25784,"date":"2021-07-19T12:36:34","date_gmt":"2021-07-19T09:36:34","guid":{"rendered":"https:\/\/hookahshop.lt\/?post_type=product&#038;p=25784"},"modified":"2026-04-09T12:28:52","modified_gmt":"2026-04-09T09:28:52","slug":"taurele-kaljanui-art-bar-killer-rock","status":"publish","type":"product","link":"https:\/\/hookahshop.lt\/et\/toode\/tass-vesipiip-art-bar-killer-rock\/","title":{"rendered":"Tass vesipiibule ART BAR Killer Rock"},"content":{"rendered":"<h2>Tass vesipiibule ART BAR Killer Rock<\/h2>\n<p>ART BAR on kuulus oma kvaliteetsete tasside poolest. Need on valmistatud kvaliteetsest savist ja valmistatud eranditult k\u00e4sitsi. Maht umbes 15-20 grammi.<\/p>\n<p><strong>Omadused:<\/strong><br \/>\nK\u00f5rgus: 110 mm<br \/>\nL\u00e4bim\u00f5\u00f5t (v\u00e4limine): 74 mm<br \/>\nL\u00e4bim\u00f5\u00f5t (sisemine): 60 mm<br \/>\nS\u00fcgavus: 18 mm<br \/>\nAva l\u00e4bim\u00f5\u00f5t: 10 mm<br \/>\nAukude arv: 5 tk<br \/>\nKaal: umbes 204 g<\/p>\n<p>Kas teil on k\u00fcsimusi? v\u00f5ta meiega \u00fchendust\u00a0<a href=\"https:\/\/hookahshop.lt\/et\/kontaktid\/\">kontaktide leht<\/a>\u00a0v\u00f5i saatke meile e-kiri aadressil\u00a0<a href=\"https:\/\/facebook.com\/HookahShop.lt\/\" target=\"_blank\" rel=\"noopener noreferrer\">Facebooki konto<\/a>\u00a0ja vastame teie taotlusele samal p\u00e4eval.<\/p>","protected":false},"excerpt":{"rendered":"<p>Vesipiibu tass ART BAR Killer Rock ART BAR on kuulus oma kvaliteetsete tasside poolest. Need on valmistatud kvaliteetsest savist ja valmistatud eranditult k\u00e4sitsi. Maht umbes 15-20 grammi. Omadused: K\u00f5rgus: 110 mm L\u00e4bim\u00f5\u00f5t (v\u00e4limine): 74 mm L\u00e4bim\u00f5\u00f5t (sisemine): 60 mm S\u00fcgavus: 18 mm Ava l\u00e4bim\u00f5\u00f5t: 10 mm Aukude arv: 5 tk Kaal: umbes 204 g [\u2026]<\/p>","protected":false},"featured_media":40715,"comment_status":"open","ping_status":"closed","template":"","meta":[],"_links":{"self":[{"href":"https:\/\/hookahshop.lt\/et\/wp-json\/wp\/v2\/product\/25784"}],"collection":[{"href":"https:\/\/hookahshop.lt\/et\/wp-json\/wp\/v2\/product"}],"about":[{"href":"https:\/\/hookahshop.lt\/et\/wp-json\/wp\/v2\/types\/product"}],"replies":[{"embeddable":true,"href":"https:\/\/hookahshop.lt\/et\/wp-json\/wp\/v2\/comments?post=25784"}],"version-history":[{"count":5,"href":"https:\/\/hookahshop.lt\/et\/wp-json\/wp\/v2\/product\/25784\/revisions"}],"predecessor-version":[{"id":40862,"href":"https:\/\/hookahshop.lt\/et\/wp-json\/wp\/v2\/product\/25784\/revisions\/40862"}],"wp:featuredmedia":[{"embeddable":true,"href":"https:\/\/hookahshop.lt\/et\/wp-json\/wp\/v2\/media\/40715"}],"wp:attachment":[{"href":"https:\/\/hookahshop.lt\/et\/wp-json\/wp\/v2\/media?parent=25784"}],"curies":[{"name":"wp","href":"https:\/\/api.w.org\/{rel}","templated":true}]}}