{"id":25788,"date":"2021-07-19T12:46:06","date_gmt":"2021-07-19T09:46:06","guid":{"rendered":"https:\/\/hookahshop.lt\/?post_type=product&#038;p=25788"},"modified":"2026-04-06T23:29:06","modified_gmt":"2026-04-06T20:29:06","slug":"tarpine-kaljano-taurelei-arma-b11-black","status":"publish","type":"product","link":"https:\/\/hookahshop.lt\/et\/toode\/vesipiibutopsi-tihend-arma-b11-black\/","title":{"rendered":"Vesipiibutopsi tihend ARMA B11 Must"},"content":{"rendered":"<h2>Vesipiibutopsi tihend ARMA B11 Must<\/h2>\n<p>See kinnitus aitab tassi kindlalt vesipiibu k\u00fclge kinnitada.<\/p>\n<p>V\u00e4rvus must<\/p>\n<p>Kas teil on k\u00fcsimusi? v\u00f5ta meiega \u00fchendust\u00a0<a href=\"https:\/\/hookahshop.lt\/et\/kontaktid\/\">kontaktide leht<\/a>\u00a0v\u00f5i saatke meile e-kiri aadressil\u00a0<a href=\"https:\/\/facebook.com\/HookahShop.lt\/\" target=\"_blank\" rel=\"noopener noreferrer\">Facebooki konto<\/a>\u00a0ja vastame teie taotlusele samal p\u00e4eval.<\/p>","protected":false},"excerpt":{"rendered":"<p>Vesipiibutopsi tihend ARMA B11 Must See tarvik aitab tassi kindlalt vesipiibu k\u00fclge kinnitada. V\u00e4rv: must Kas on k\u00fcsimusi? V\u00f5tke meiega \u00fchendust kontaktide lehel v\u00f5i kirjutage meile oma Facebooki kontol ja vastame teie p\u00e4ringule samal p\u00e4eval.<\/p>","protected":false},"featured_media":25789,"comment_status":"open","ping_status":"closed","template":"","meta":[],"_links":{"self":[{"href":"https:\/\/hookahshop.lt\/et\/wp-json\/wp\/v2\/product\/25788"}],"collection":[{"href":"https:\/\/hookahshop.lt\/et\/wp-json\/wp\/v2\/product"}],"about":[{"href":"https:\/\/hookahshop.lt\/et\/wp-json\/wp\/v2\/types\/product"}],"replies":[{"embeddable":true,"href":"https:\/\/hookahshop.lt\/et\/wp-json\/wp\/v2\/comments?post=25788"}],"version-history":[{"count":5,"href":"https:\/\/hookahshop.lt\/et\/wp-json\/wp\/v2\/product\/25788\/revisions"}],"predecessor-version":[{"id":43771,"href":"https:\/\/hookahshop.lt\/et\/wp-json\/wp\/v2\/product\/25788\/revisions\/43771"}],"wp:featuredmedia":[{"embeddable":true,"href":"https:\/\/hookahshop.lt\/et\/wp-json\/wp\/v2\/media\/25789"}],"wp:attachment":[{"href":"https:\/\/hookahshop.lt\/et\/wp-json\/wp\/v2\/media?parent=25788"}],"curies":[{"name":"wp","href":"https:\/\/api.w.org\/{rel}","templated":true}]}}