{"id":25792,"date":"2021-07-19T13:14:53","date_gmt":"2021-07-19T10:14:53","guid":{"rendered":"https:\/\/hookahshop.lt\/?post_type=product&#038;p=25792"},"modified":"2026-04-06T23:29:04","modified_gmt":"2026-04-06T20:29:04","slug":"kolba-kaljanui-vessel-craft-smoke","status":"publish","type":"product","link":"https:\/\/hookahshop.lt\/et\/toode\/kolb-vesipiibu-vessel-craft-smoke\/","title":{"rendered":"Kolb vesipiibule LAEVAK\u00c4SIT\u00d6\u00d6 Suits"},"content":{"rendered":"<h2>Kolb vesipiibule LAEVAK\u00c4SIT\u00d6\u00d6 Suits<\/h2>\n<p>Suitsuefektiga kolb, mis t\u00e4nu oma l\u00e4ikivale pinnale on veelgi \u0161ikima ja eksklusiivsema v\u00e4rviilmega. Sobib peaaegu k\u00f5ikidele kaasaegsetele vesipiipudele. Kolvi \u00e4\u00e4r aitab teil vesipiipu mugavalt k\u00e4es hoida, et see ei libiseks k\u00e4est. See kolb on kaetud kvaliteetse v\u00e4rviga, mis aitab s\u00e4ilitada aja jooksul kolvi pilti, nagu oleks see uus isegi p\u00e4rast paljusid kasutusi. Sellel kolvil on paksud seinad. Paksud seinad tagavad halva heliisolatsiooni, mis on ilma difuusorita suitsetamiseks piisavalt oluline.<\/p>\n<p><strong><span title=\"\">Spetsifikatsioonid:<\/span><\/strong><br \/>\nK\u00f5rgus: 258 mm<br \/>\nKaal: ~ 1415 g<br \/>\nV\u00e4lise augu l\u00e4bim\u00f5\u00f5t: 73 mm<br \/>\nSisemine augu l\u00e4bim\u00f5\u00f5t: 45 mm<br \/>\nToote materjal: klaas<\/p>\n<p>Kas teil on k\u00fcsimusi? v\u00f5ta meiega \u00fchendust\u00a0<a href=\"https:\/\/hookahshop.lt\/et\/kontaktid\/\">kontaktide leht<\/a>\u00a0v\u00f5i saatke meile e-kiri aadressil\u00a0<a href=\"https:\/\/facebook.com\/HookahShop.lt\/\" target=\"_blank\" rel=\"noopener noreferrer\">Facebooki konto<\/a>\u00a0ja vastame teie taotlusele samal p\u00e4eval.<\/p>","protected":false},"excerpt":{"rendered":"<p>Vesipiibu kolb VESSEL CRAFT Smoke Flask suitsuse efektiga, mis t\u00e4nu l\u00e4ikivale pinnale on veelgi \u0161ikima ja eksklusiivsema v\u00e4rviilmega. Sobib peaaegu k\u00f5ikidele kaasaegsetele vesipiipudele. Kolvi \u00e4\u00e4r aitab teil vesipiipu mugavalt k\u00e4es hoida, et see ei libiseks k\u00e4est. See kolb on kaetud kvaliteetse v\u00e4rviga, mis aitab s\u00e4ilitada aja jooksul kolvi kujutist, nagu oleks see uus [\u2026]<\/p>","protected":false},"featured_media":25793,"comment_status":"open","ping_status":"closed","template":"","meta":[],"_links":{"self":[{"href":"https:\/\/hookahshop.lt\/et\/wp-json\/wp\/v2\/product\/25792"}],"collection":[{"href":"https:\/\/hookahshop.lt\/et\/wp-json\/wp\/v2\/product"}],"about":[{"href":"https:\/\/hookahshop.lt\/et\/wp-json\/wp\/v2\/types\/product"}],"replies":[{"embeddable":true,"href":"https:\/\/hookahshop.lt\/et\/wp-json\/wp\/v2\/comments?post=25792"}],"version-history":[{"count":6,"href":"https:\/\/hookahshop.lt\/et\/wp-json\/wp\/v2\/product\/25792\/revisions"}],"predecessor-version":[{"id":43078,"href":"https:\/\/hookahshop.lt\/et\/wp-json\/wp\/v2\/product\/25792\/revisions\/43078"}],"wp:featuredmedia":[{"embeddable":true,"href":"https:\/\/hookahshop.lt\/et\/wp-json\/wp\/v2\/media\/25793"}],"wp:attachment":[{"href":"https:\/\/hookahshop.lt\/et\/wp-json\/wp\/v2\/media?parent=25792"}],"curies":[{"name":"wp","href":"https:\/\/api.w.org\/{rel}","templated":true}]}}