{"id":25796,"date":"2021-07-19T13:27:25","date_gmt":"2021-07-19T10:27:25","guid":{"rendered":"https:\/\/hookahshop.lt\/?post_type=product&#038;p=25796"},"modified":"2026-04-19T23:29:12","modified_gmt":"2026-04-19T20:29:12","slug":"kolba-kaljanui-geometry-gh-black-stripe","status":"publish","type":"product","link":"https:\/\/hookahshop.lt\/et\/toode\/kolb-vesipiibu-geomeetria-gh-must-triip\/","title":{"rendered":"Kolb GEOMETRY GH Black Stripe"},"content":{"rendered":"<h2>Kolb GEOMETRY GH Black Stripe<\/h2>\n<p>Kolb on l\u00e4bipaistva v\u00e4rviga ja ainulaadse disainiga. Kolvi p\u00f5hja kaunistab ehtsast vasikanahast must riba. Sellel on roostevabast terasest nimesilt, millel on ettev\u00f5tte logo. Nahast rihm on kolbi pesemisel kergesti eemaldatav. Sobib peaaegu k\u00f5ikidele kaasaegsetele vesipiipudele.<\/p>\n<p><strong>Spetsifikatsioonid:<\/strong><br \/>\nK\u00f5rgus: 255 mm<br \/>\nKaal: ~ 1745 g<br \/>\nV\u00e4lise augu l\u00e4bim\u00f5\u00f5t: 70 mm<br \/>\nSisemine augu l\u00e4bim\u00f5\u00f5t: 46 mm<br \/>\nToote materjal: klaas<\/p>\n<p>Kas teil on k\u00fcsimusi? v\u00f5ta meiega \u00fchendust\u00a0<a href=\"https:\/\/hookahshop.lt\/et\/kontaktid\/\">kontaktide leht<\/a>\u00a0v\u00f5i saatke meile e-kiri aadressil\u00a0<a href=\"https:\/\/facebook.com\/HookahShop.lt\/\" target=\"_blank\" rel=\"noopener noreferrer\">Facebooki konto<\/a>\u00a0ja vastame teie taotlusele samal p\u00e4eval.<\/p>","protected":false},"excerpt":{"rendered":"<p>Kolba kaljanui GEOMETRY GH Black Stripe Kolba yra skaidrios spalvos, pagaminta unikalaus dizaino. Kolbos dugn\u0105 puo\u0161ia juodos spalvos juosta, pagaminta i\u0161 tikros ver\u0161elio odos.\u00a0Ant jo yra ner\u016bdijan\u010dio plieno vardin\u0117 plok\u0161t\u0117 su \u012fmon\u0117s logotipu. Odinis dir\u017eas yra lengvai nuimamas plaunant kolb\u0105. Tinka beveik visiems \u0161iuolaikiniams kaljanams. Specifikacijos: Auk\u0161tis: 255 mm Svoris: ~ 1745 g I\u0161orin\u0117s skyl\u0117s [&hellip;]<\/p>","protected":false},"featured_media":25797,"comment_status":"open","ping_status":"closed","template":"","meta":[],"_links":{"self":[{"href":"https:\/\/hookahshop.lt\/et\/wp-json\/wp\/v2\/product\/25796"}],"collection":[{"href":"https:\/\/hookahshop.lt\/et\/wp-json\/wp\/v2\/product"}],"about":[{"href":"https:\/\/hookahshop.lt\/et\/wp-json\/wp\/v2\/types\/product"}],"replies":[{"embeddable":true,"href":"https:\/\/hookahshop.lt\/et\/wp-json\/wp\/v2\/comments?post=25796"}],"version-history":[{"count":8,"href":"https:\/\/hookahshop.lt\/et\/wp-json\/wp\/v2\/product\/25796\/revisions"}],"predecessor-version":[{"id":45129,"href":"https:\/\/hookahshop.lt\/et\/wp-json\/wp\/v2\/product\/25796\/revisions\/45129"}],"wp:featuredmedia":[{"embeddable":true,"href":"https:\/\/hookahshop.lt\/et\/wp-json\/wp\/v2\/media\/25797"}],"wp:attachment":[{"href":"https:\/\/hookahshop.lt\/et\/wp-json\/wp\/v2\/media?parent=25796"}],"curies":[{"name":"wp","href":"https:\/\/api.w.org\/{rel}","templated":true}]}}