{"id":25807,"date":"2021-07-19T13:48:07","date_gmt":"2021-07-19T10:48:07","guid":{"rendered":"https:\/\/hookahshop.lt\/?post_type=product&#038;p=25807"},"modified":"2026-04-18T23:28:55","modified_gmt":"2026-04-18T20:28:55","slug":"kolba-kaljanui-bigmaks-base-white-blue","status":"publish","type":"product","link":"https:\/\/hookahshop.lt\/et\/toode\/kolb-vesipiibu-bigmaks-base-white-blue\/","title":{"rendered":"Kolb BIGMAKS Alus Valge Sinine"},"content":{"rendered":"<h2>Kolb BIGMAKS Alus Valge Sinine<\/h2>\n<p>See on kolb, mis sobib peaaegu igale vesipiibule, tavalise \u00fchendusega, see on kerge ja vastupidav kolb. Venemaa tootja BigMaks r\u00f5\u00f5mustab juba aastaid oma v\u00e4ljat\u00f6\u00f6tatud kolbidega ja on \u00fcks juhtivaid tootjaid turul.<\/p>\n<p>See on toode, mis kestab palju aastaid. T\u00e4nu oma k\u00f5rgekvaliteedilisele v\u00e4rvikihile s\u00e4ilitab see kolb kindlasti oma esindusliku pildi kaua ja n\u00e4eb v\u00e4lja t\u00e4pselt nagu tootja konveierilt. Sellel kolbil on paksud seinad. Paksud seinad tagavad halva heliisolatsiooni, mis on piisavalt oluline suitsetamiseks ilma hajutita. BigMaksi pikaealisuse t\u00f5ttu ei pea te muretsema selle kolvi purunemise v\u00f5i muul viisil kahjustamise p\u00e4rast. T\u00e4nu oma ainulaadsele kujule (kitsam p\u00f5hi) saate selle kolbi igale poole reisile kaasa v\u00f5tta.<\/p>\n<div class=\"tlid-results-container results-container\">\n<div class=\"tlid-result result-dict-wrapper\">\n<div class=\"result tlid-copy-target\">\n<div class=\"text-wrap tlid-copy-target\">\n<div class=\"result-shield-container tlid-copy-target\"><span class=\"tlid-translation translation\" lang=\"lt\"><strong><span title=\"\">Spetsifikatsioonid:<\/span><\/strong><br \/>\n<span title=\"\">K\u00f5rgus: 262 mm<\/span><br \/>\n<span title=\"\">Kaal: ~ 1363 g<\/span><br \/>\n<span class=\"\" title=\"\">V\u00e4lisava l\u00e4bim\u00f5\u00f5t: 71 mm<\/span><br \/>\n<span class=\"\" title=\"\">Sisemise ava l\u00e4bim\u00f5\u00f5t: 47 mm<\/span><br \/>\n<span class=\"\" title=\"\">Toote materjal: kristallklaas<\/span><\/span><\/div>\n<div><\/div>\n<div>Kas teil on k\u00fcsimusi? v\u00f5ta meiega \u00fchendust\u00a0<a href=\"https:\/\/hookahshop.lt\/et\/kontaktid\/\">kontaktide leht<\/a>\u00a0v\u00f5i saatke meile e-kiri aadressil\u00a0<a href=\"https:\/\/facebook.com\/HookahShop.lt\/\" target=\"_blank\" rel=\"noopener noreferrer\">Facebooki konto<\/a>\u00a0ja vastame teie taotlusele samal p\u00e4eval.<\/div>\n<\/div>\n<\/div>\n<\/div>\n<\/div>","protected":false},"excerpt":{"rendered":"<p>Vesipiibu kolb BIGMAKS Base White Blue See kolb sobib peaaegu k\u00f5ikidele vesipiipudele, standardse \u00fchendusega on kerge ja vastupidav kolb. Vene tootja BigMaks on oma arendatud kolbidega r\u00f5\u00f5mustanud juba aastaid ja on \u00fcks juhtivaid tootjaid turul. See on toode, mis kestab palju aastaid. T\u00e4nu kvaliteetsele v\u00e4rvikattele on sellel kolbil t\u00f5eliselt pikk kasutusiga [\u2026]<\/p>","protected":false},"featured_media":25808,"comment_status":"open","ping_status":"closed","template":"","meta":[],"_links":{"self":[{"href":"https:\/\/hookahshop.lt\/et\/wp-json\/wp\/v2\/product\/25807"}],"collection":[{"href":"https:\/\/hookahshop.lt\/et\/wp-json\/wp\/v2\/product"}],"about":[{"href":"https:\/\/hookahshop.lt\/et\/wp-json\/wp\/v2\/types\/product"}],"replies":[{"embeddable":true,"href":"https:\/\/hookahshop.lt\/et\/wp-json\/wp\/v2\/comments?post=25807"}],"version-history":[{"count":2,"href":"https:\/\/hookahshop.lt\/et\/wp-json\/wp\/v2\/product\/25807\/revisions"}],"predecessor-version":[{"id":25811,"href":"https:\/\/hookahshop.lt\/et\/wp-json\/wp\/v2\/product\/25807\/revisions\/25811"}],"wp:featuredmedia":[{"embeddable":true,"href":"https:\/\/hookahshop.lt\/et\/wp-json\/wp\/v2\/media\/25808"}],"wp:attachment":[{"href":"https:\/\/hookahshop.lt\/et\/wp-json\/wp\/v2\/media?parent=25807"}],"curies":[{"name":"wp","href":"https:\/\/api.w.org\/{rel}","templated":true}]}}