{"id":25834,"date":"2021-07-20T01:50:20","date_gmt":"2021-07-19T22:50:20","guid":{"rendered":"https:\/\/hookahshop.lt\/?post_type=product&#038;p=25834"},"modified":"2026-04-14T23:29:04","modified_gmt":"2026-04-14T20:29:04","slug":"kolba-kaljanui-bigmaks-base-mirrored","status":"publish","type":"product","link":"https:\/\/hookahshop.lt\/et\/toode\/kolb-vesipiibu-bigmaks-base-mirrored\/","title":{"rendered":"Kolb vesipiibule BIGMAKS Alus Peegeldatud t\u00fcrkiissinine kollane"},"content":{"rendered":"<h2>Kolb vesipiibule BIGMAKS Alus Peegeldatud t\u00fcrkiissinine kollane<\/h2>\n<p>See on kolb, mis sobib peaaegu igale vesipiibule, tavalise \u00fchendusega, see on kerge ja vastupidav kolb. Venemaa tootja BigMaks r\u00f5\u00f5mustab juba aastaid oma v\u00e4ljat\u00f6\u00f6tatud kolbidega ja on \u00fcks juhtivaid tootjaid turul.<\/p>\n<p>See on toode, mis kestab palju aastaid. T\u00e4nu kvaliteetsele v\u00e4rvikattele s\u00e4ilitab see kolb oma esindusliku kuvandi kindlasti kaua ja n\u00e4eb v\u00e4lja t\u00e4pselt nagu tootja konveier. Sellel kolvil on paksud seinad. Paksud seinad tagavad halva heliisolatsiooni, mis on ilma difuusorita suitsetamiseks piisavalt oluline. Selle kolvi pikaealisuse t\u00f5ttu ei pea te muretsema selle purunemise v\u00f5i muul viisil kahjustamise p\u00e4rast. T\u00e4nu ainulaadsele kujule (kitsam p\u00f5hi) v\u00f5id selle kolbi endaga kaasa v\u00f5tta k\u00f5ikjale, kuhu reisid.<\/p>\n<p>Kas teil on k\u00fcsimusi? v\u00f5ta meiega \u00fchendust\u00a0<a href=\"https:\/\/hookahshop.lt\/et\/kontaktid\/\">kontaktide leht<\/a>\u00a0v\u00f5i saatke meile e-kiri aadressil\u00a0<a href=\"https:\/\/facebook.com\/HookahShop.lt\/\" target=\"_blank\" rel=\"noopener noreferrer\">Facebooki konto<\/a>\u00a0ja vastame teie taotlusele samal p\u00e4eval.<\/p>","protected":false},"excerpt":{"rendered":"<p>Vesipiibu kolb BIGMAKS Base Mirrored Turquoise Yellow See on kolb, mis sobib peaaegu k\u00f5ikidele vesipiipudele, standardse \u00fchendusega, see on kerge ja vastupidav kolb. Vene tootja BigMaks on oma kolbidega r\u00f5\u00f5mustanud juba aastaid ja on \u00fcks juhtivaid tootjaid turul. See on toode, mis kestab palju aastaid. T\u00e4nu kvaliteetsele v\u00e4rvikattele on see kolb t\u00f5esti [\u2026]<\/p>","protected":false},"featured_media":25835,"comment_status":"open","ping_status":"closed","template":"","meta":[],"_links":{"self":[{"href":"https:\/\/hookahshop.lt\/et\/wp-json\/wp\/v2\/product\/25834"}],"collection":[{"href":"https:\/\/hookahshop.lt\/et\/wp-json\/wp\/v2\/product"}],"about":[{"href":"https:\/\/hookahshop.lt\/et\/wp-json\/wp\/v2\/types\/product"}],"replies":[{"embeddable":true,"href":"https:\/\/hookahshop.lt\/et\/wp-json\/wp\/v2\/comments?post=25834"}],"version-history":[{"count":2,"href":"https:\/\/hookahshop.lt\/et\/wp-json\/wp\/v2\/product\/25834\/revisions"}],"predecessor-version":[{"id":25837,"href":"https:\/\/hookahshop.lt\/et\/wp-json\/wp\/v2\/product\/25834\/revisions\/25837"}],"wp:featuredmedia":[{"embeddable":true,"href":"https:\/\/hookahshop.lt\/et\/wp-json\/wp\/v2\/media\/25835"}],"wp:attachment":[{"href":"https:\/\/hookahshop.lt\/et\/wp-json\/wp\/v2\/media?parent=25834"}],"curies":[{"name":"wp","href":"https:\/\/api.w.org\/{rel}","templated":true}]}}