{"id":25838,"date":"2021-07-20T01:57:21","date_gmt":"2021-07-19T22:57:21","guid":{"rendered":"https:\/\/hookahshop.lt\/?post_type=product&#038;p=25838"},"modified":"2026-04-18T23:28:55","modified_gmt":"2026-04-18T20:28:55","slug":"kolba-kaljanui-bigmaks-base-turquoise","status":"publish","type":"product","link":"https:\/\/hookahshop.lt\/et\/toode\/kolb-vesipiibu-bigmaks-base-turquoise\/","title":{"rendered":"Kolb vesipiibule BIGMAKS Base Turquoise"},"content":{"rendered":"<h2>Kolb vesipiibule BIGMAKS Base Turquoise<\/h2>\n<p>Kolb on valmistatud v\u00e4rvilisest kristallklaasist, mida iseloomustab pikaealisus. L\u00e4bipaistev t\u00fcrkiissinine kolb on kvaliteetne. Seda ei v\u00e4rvita, seega kestab see palju aastaid.<\/p>\n<p><strong><span title=\"\">Spetsifikatsioonid:<\/span><\/strong><br \/>\nK\u00f5rgus: 260 mm<br \/>\nKaal: umbes 1200 g<br \/>\nKurgu v\u00e4lisl\u00e4bim\u00f5\u00f5t: 71 mm<br \/>\nSisek\u00f5ri l\u00e4bim\u00f5\u00f5t: 46 mm<br \/>\nToote materjal: kristallklaas<\/p>\n<p>Kas teil on k\u00fcsimusi? v\u00f5ta meiega \u00fchendust\u00a0<a href=\"https:\/\/hookahshop.lt\/et\/kontaktid\/\">kontaktide leht<\/a>\u00a0v\u00f5i saatke meile e-kiri aadressil\u00a0<a href=\"https:\/\/facebook.com\/HookahShop.lt\/\" target=\"_blank\" rel=\"noopener noreferrer\">Facebooki konto<\/a>\u00a0ja vastame teie taotlusele samal p\u00e4eval.<\/p>","protected":false},"excerpt":{"rendered":"<p>Konks kolvi jaoks BIGMAKS Base Turquoise Kolb on valmistatud v\u00e4rvilisest kristallklaasist, mida iseloomustab vastupidavus. L\u00e4bipaistev t\u00fcrkiissinine kolb on kvaliteetne. Seda ei v\u00e4rvita, seega kestab see palju aastaid. Tehnilised andmed: K\u00f5rgus: 260 mm Kaal: umbes 1200 g Kurgu v\u00e4lisl\u00e4bim\u00f5\u00f5t: 71 mm Sisemine k\u00f5ri l\u00e4bim\u00f5\u00f5t: 46 mm Tootematerjal: kristallklaas K\u00fcsimused? V\u00f5tke meiega \u00fchendust kontaktid [\u2026]<\/p>","protected":false},"featured_media":25839,"comment_status":"open","ping_status":"closed","template":"","meta":[],"_links":{"self":[{"href":"https:\/\/hookahshop.lt\/et\/wp-json\/wp\/v2\/product\/25838"}],"collection":[{"href":"https:\/\/hookahshop.lt\/et\/wp-json\/wp\/v2\/product"}],"about":[{"href":"https:\/\/hookahshop.lt\/et\/wp-json\/wp\/v2\/types\/product"}],"replies":[{"embeddable":true,"href":"https:\/\/hookahshop.lt\/et\/wp-json\/wp\/v2\/comments?post=25838"}],"version-history":[{"count":5,"href":"https:\/\/hookahshop.lt\/et\/wp-json\/wp\/v2\/product\/25838\/revisions"}],"predecessor-version":[{"id":45043,"href":"https:\/\/hookahshop.lt\/et\/wp-json\/wp\/v2\/product\/25838\/revisions\/45043"}],"wp:featuredmedia":[{"embeddable":true,"href":"https:\/\/hookahshop.lt\/et\/wp-json\/wp\/v2\/media\/25839"}],"wp:attachment":[{"href":"https:\/\/hookahshop.lt\/et\/wp-json\/wp\/v2\/media?parent=25838"}],"curies":[{"name":"wp","href":"https:\/\/api.w.org\/{rel}","templated":true}]}}