{"id":25856,"date":"2021-07-20T02:06:45","date_gmt":"2021-07-19T23:06:45","guid":{"rendered":"https:\/\/hookahshop.lt\/?post_type=product&#038;p=25856"},"modified":"2026-04-15T23:29:02","modified_gmt":"2026-04-15T20:29:02","slug":"kolba-kaljanui-bigmaks-grace-transparent","status":"publish","type":"product","link":"https:\/\/hookahshop.lt\/et\/toode\/kolb-vesipiibu-bigmaks-grace-transparent\/","title":{"rendered":"Konks kolbile BIGMAKS Grace L\u00e4bipaistev"},"content":{"rendered":"<h2>Konks kolbile BIGMAKS Grace L\u00e4bipaistev<\/h2>\n<p>Kolb on saanud nime &quot;Grace&quot; selle graatsilise kuju t\u00f5ttu. Kolb on valmistatud v\u00e4rvilisest kristallklaasist, mida iseloomustab pikaealisus. L\u00e4bipaistvat v\u00e4rvi kolb on kvaliteetne. Seda ei v\u00e4rvita, seega kestab see palju aastaid.<\/p>\n<p><strong><span title=\"\">Spetsifikatsioonid:<\/span><\/strong><br \/>\nK\u00f5rgus: 258 mm<br \/>\nKaal: umbes 1185 g<br \/>\nKurgu v\u00e4lisl\u00e4bim\u00f5\u00f5t: 73 mm<br \/>\nSisek\u00f5ri l\u00e4bim\u00f5\u00f5t: 47 mm<br \/>\nToote materjal: kristallklaas<\/p>\n<p>Kas teil on k\u00fcsimusi? v\u00f5ta meiega \u00fchendust\u00a0<a href=\"https:\/\/hookahshop.lt\/et\/kontaktid\/\">kontaktide leht<\/a>\u00a0v\u00f5i saatke meile e-kiri aadressil\u00a0<a href=\"https:\/\/facebook.com\/HookahShop.lt\/\" target=\"_blank\" rel=\"noopener noreferrer\">Facebooki konto<\/a>\u00a0ja vastame teie taotlusele samal p\u00e4eval.<\/p>","protected":false},"excerpt":{"rendered":"<p>Vesipiibu kolb BIGMAKS Grace Transparent Kolb on saanud oma graatsilise kuju t\u00f5ttu nimeks &quot;Grace&quot;. Kolb on valmistatud v\u00e4rvilisest kristallklaasist, mida iseloomustab pikaealisus. L\u00e4bipaistvat v\u00e4rvi kolb on kvaliteetne. Seda ei v\u00e4rvita, seega kestab see palju aastaid. Tehnilised andmed: K\u00f5rgus: 258 mm Kaal: umbes 1185 g Kurgu v\u00e4lisl\u00e4bim\u00f5\u00f5t: 73 mm Sisemine k\u00f5ri l\u00e4bim\u00f5\u00f5t: 47 mm Toote materjal: [\u2026]<\/p>","protected":false},"featured_media":25857,"comment_status":"open","ping_status":"closed","template":"","meta":[],"_links":{"self":[{"href":"https:\/\/hookahshop.lt\/et\/wp-json\/wp\/v2\/product\/25856"}],"collection":[{"href":"https:\/\/hookahshop.lt\/et\/wp-json\/wp\/v2\/product"}],"about":[{"href":"https:\/\/hookahshop.lt\/et\/wp-json\/wp\/v2\/types\/product"}],"replies":[{"embeddable":true,"href":"https:\/\/hookahshop.lt\/et\/wp-json\/wp\/v2\/comments?post=25856"}],"version-history":[{"count":4,"href":"https:\/\/hookahshop.lt\/et\/wp-json\/wp\/v2\/product\/25856\/revisions"}],"predecessor-version":[{"id":45061,"href":"https:\/\/hookahshop.lt\/et\/wp-json\/wp\/v2\/product\/25856\/revisions\/45061"}],"wp:featuredmedia":[{"embeddable":true,"href":"https:\/\/hookahshop.lt\/et\/wp-json\/wp\/v2\/media\/25857"}],"wp:attachment":[{"href":"https:\/\/hookahshop.lt\/et\/wp-json\/wp\/v2\/media?parent=25856"}],"curies":[{"name":"wp","href":"https:\/\/api.w.org\/{rel}","templated":true}]}}